{"id":98720,"date":"2025-11-19T12:46:10","date_gmt":"2025-11-19T11:46:10","guid":{"rendered":"https:\/\/partyinabox.dk\/party\/vare\/elf-on-the-shelf-laege-outfit\/"},"modified":"2026-03-19T10:06:13","modified_gmt":"2026-03-19T09:06:13","slug":"elf-on-the-shelf-laege-outfit","status":"publish","type":"product","link":"https:\/\/partyinabox.dk\/party\/vare\/elf-on-the-shelf-laege-outfit\/","title":{"rendered":"Elf on the shelf l\u00e6ge outfit"},"content":{"rendered":"<p>G\u00f8r din julealf klar til vagt p\u00e5 nissehospitalet med dette sjove l\u00e6geoutfit. Perfekt til at bringe lidt ekstra kreativitet ind i decembermorgenerne.<\/p>\n<p>Outfittet best\u00e5r af en hvid l\u00e6gekittel med p\u00e5trykt stetoskop og bl\u00e5 bukser. Det passer til den klassiske Elf On The Shelf og giver figuren et helt nyt udtryk. <i>Bem\u00e6rk venligst, at alf ikke medf\u00f8lger.<\/i><\/p>\n<p>Brug kostumet som del af daglige julelege, hvor alfen &#8220;behandler&#8221; familiemedlemmer eller tjekker juletr\u00e6ets tilstand. Det giver b\u00f8rnene noget at gl\u00e6de sig til hver morgen.<\/p>\n<p>Indhold: 1 stk. \/ M\u00e5l: 10 cm x 0,5 cm x 24 cm<\/p>\n","protected":false},"excerpt":{"rendered":"<p>G\u00f8r din julealf klar til vagt p\u00e5 nissehospitalet med dette sjove l\u00e6geoutfit. Perfekt til at bringe lidt ekstra kreativitet ind i decembermorgenerne. Outfittet best\u00e5r af en hvid l\u00e6gekittel med p\u00e5trykt stetoskop og bl\u00e5 bukser. Det passer til den klassiske Elf [&hellip;]<\/p>\n","protected":false},"featured_media":98721,"template":"","meta":{"_acf_changed":false},"product_brand":[],"product_cat":[34],"product_tag":[],"class_list":{"0":"post-98720","1":"product","2":"type-product","3":"status-publish","4":"has-post-thumbnail","6":"product_cat-accessories","7":"pa_item-color-hvid","8":"pa_item-group-dekoration","9":"pa_item-subgroup-julepynt","10":"pa_pakken-indeholder-laege-kostume","11":"pa_tema_tax-professions","12":"pa_under-tema-doctor","14":"first","15":"instock","16":"taxable","17":"shipping-taxable","18":"purchasable","19":"product-type-simple"},"bundled_by":[],"bundle_stock_status":"instock","bundle_stock_quantity":81,"bundle_virtual":false,"bundle_layout":"","bundle_add_to_cart_form_location":"","bundle_editable_in_cart":false,"bundle_sold_individually_context":"","bundle_item_grouping":"","bundle_min_size":"","bundle_max_size":"","bundle_price":[],"bundled_items":[],"bundle_sell_ids":[],"acf":[],"tiered_pricing_type":"fixed","tiered_pricing_fixed_rules":[],"tiered_pricing_product_settings":{"layout":"default","base_unit_name":{"singular":null,"plural":null},"default_variation":null},"tiered_pricing_minimum_quantity":null,"tiered_pricing_roles_data":[],"tiered_pricing_percentage_rules":[],"tiered_pricing_maximum_quantity":null,"tiered_pricing_quantity_step":null,"_links":{"self":[{"href":"https:\/\/partyinabox.dk\/party\/wp-json\/wp\/v2\/product\/98720","targetHints":{"allow":["GET"]}}],"collection":[{"href":"https:\/\/partyinabox.dk\/party\/wp-json\/wp\/v2\/product"}],"about":[{"href":"https:\/\/partyinabox.dk\/party\/wp-json\/wp\/v2\/types\/product"}],"wp:featuredmedia":[{"embeddable":true,"href":"https:\/\/partyinabox.dk\/party\/wp-json\/wp\/v2\/media\/98721"}],"wp:attachment":[{"href":"https:\/\/partyinabox.dk\/party\/wp-json\/wp\/v2\/media?parent=98720"}],"wp:term":[{"taxonomy":"product_brand","embeddable":true,"href":"https:\/\/partyinabox.dk\/party\/wp-json\/wp\/v2\/product_brand?post=98720"},{"taxonomy":"product_cat","embeddable":true,"href":"https:\/\/partyinabox.dk\/party\/wp-json\/wp\/v2\/product_cat?post=98720"},{"taxonomy":"product_tag","embeddable":true,"href":"https:\/\/partyinabox.dk\/party\/wp-json\/wp\/v2\/product_tag?post=98720"}],"curies":[{"name":"wp","href":"https:\/\/api.w.org\/{rel}","templated":true}]}}