{"id":98716,"date":"2025-11-19T12:46:10","date_gmt":"2025-11-19T11:46:10","guid":{"rendered":"https:\/\/partyinabox.dk\/party\/vare\/elf-on-the-shelf-redningsvest-outfit\/"},"modified":"2026-03-19T10:57:58","modified_gmt":"2026-03-19T09:57:58","slug":"elf-on-the-shelf-redningsvest-outfit","status":"publish","type":"product","link":"https:\/\/partyinabox.dk\/party\/vare\/elf-on-the-shelf-redningsvest-outfit\/","title":{"rendered":"Elf on the shelf redningsvest outfit"},"content":{"rendered":"<p>G\u00f8r juleballaden lidt mere s\u00f8sikker med en redningsvest, der passer perfekt til din fr\u00e6kke nisse. Med dette outfit er han klar til nye eventyr \u2013 ogs\u00e5 dem til s\u00f8s.<\/p>\n<p>Du f\u00e5r en lille orange redningsvest med justerbar sort rem, som passer til en standard Elf Behavin\u2019 Badly-nisse. Den er let at tage p\u00e5 og sidder godt uden at d\u00e6kke hans sjove ansigt.<\/p>\n<p>Brug den som en del af en kreativ opstilling, hvor nissen f.eks. er p\u00e5 b\u00e5dtur i badekarret, sejler i k\u00f8kkenvasken eller er p\u00e5 redningsmission blandt julekagerne. <i>Bem\u00e6rk: Nisse medf\u00f8lger ikke.<\/i><\/p>\n<p>Indhold: 1 stk. \/ M\u00e5l: 10 x 0,5 x 10,5 cm<\/p>\n","protected":false},"excerpt":{"rendered":"<p>G\u00f8r juleballaden lidt mere s\u00f8sikker med en redningsvest, der passer perfekt til din fr\u00e6kke nisse. Med dette outfit er han klar til nye eventyr \u2013 ogs\u00e5 dem til s\u00f8s. Du f\u00e5r en lille orange redningsvest med justerbar sort rem, som [&hellip;]<\/p>\n","protected":false},"featured_media":98717,"template":"","meta":{"_acf_changed":false},"product_brand":[],"product_cat":[34],"product_tag":[],"class_list":{"0":"post-98716","1":"product","2":"type-product","3":"status-publish","4":"has-post-thumbnail","6":"product_cat-accessories","7":"pa_item-color-orange","8":"pa_item-group-dekoration","9":"pa_item-subgroup-julepynt","10":"pa_pakken-indeholder-redningsvest","11":"pa_tema_tax-professions","12":"pa_under-tema-lifeguard","14":"first","15":"instock","16":"taxable","17":"shipping-taxable","18":"purchasable","19":"product-type-simple"},"bundled_by":[],"bundle_stock_status":"instock","bundle_stock_quantity":95,"bundle_virtual":false,"bundle_layout":"","bundle_add_to_cart_form_location":"","bundle_editable_in_cart":false,"bundle_sold_individually_context":"","bundle_item_grouping":"","bundle_min_size":"","bundle_max_size":"","bundle_price":[],"bundled_items":[],"bundle_sell_ids":[],"acf":[],"tiered_pricing_type":"fixed","tiered_pricing_fixed_rules":[],"tiered_pricing_product_settings":{"layout":"default","base_unit_name":{"singular":null,"plural":null},"default_variation":null},"tiered_pricing_minimum_quantity":null,"tiered_pricing_roles_data":[],"tiered_pricing_percentage_rules":[],"tiered_pricing_maximum_quantity":null,"tiered_pricing_quantity_step":null,"_links":{"self":[{"href":"https:\/\/partyinabox.dk\/party\/wp-json\/wp\/v2\/product\/98716","targetHints":{"allow":["GET"]}}],"collection":[{"href":"https:\/\/partyinabox.dk\/party\/wp-json\/wp\/v2\/product"}],"about":[{"href":"https:\/\/partyinabox.dk\/party\/wp-json\/wp\/v2\/types\/product"}],"wp:featuredmedia":[{"embeddable":true,"href":"https:\/\/partyinabox.dk\/party\/wp-json\/wp\/v2\/media\/98717"}],"wp:attachment":[{"href":"https:\/\/partyinabox.dk\/party\/wp-json\/wp\/v2\/media?parent=98716"}],"wp:term":[{"taxonomy":"product_brand","embeddable":true,"href":"https:\/\/partyinabox.dk\/party\/wp-json\/wp\/v2\/product_brand?post=98716"},{"taxonomy":"product_cat","embeddable":true,"href":"https:\/\/partyinabox.dk\/party\/wp-json\/wp\/v2\/product_cat?post=98716"},{"taxonomy":"product_tag","embeddable":true,"href":"https:\/\/partyinabox.dk\/party\/wp-json\/wp\/v2\/product_tag?post=98716"}],"curies":[{"name":"wp","href":"https:\/\/api.w.org\/{rel}","templated":true}]}}