{"id":98714,"date":"2025-11-19T12:46:10","date_gmt":"2025-11-19T11:46:10","guid":{"rendered":"https:\/\/partyinabox.dk\/party\/vare\/elf-on-the-shelf-snemand-outfit\/"},"modified":"2026-03-23T08:36:36","modified_gmt":"2026-03-23T07:36:36","slug":"elf-on-the-shelf-snemand-outfit","status":"publish","type":"product","link":"https:\/\/partyinabox.dk\/party\/vare\/elf-on-the-shelf-snemand-outfit\/","title":{"rendered":"Elf on the shelf snemand outfit"},"content":{"rendered":"<p>G\u00f8r din julesp\u00f8ge endnu sjovere med et snekl\u00e6dt twist. Dette snemandkostume forvandler hurtigt din lille nissedreng til en hyggelig vinterfigur, der emmer af decemberstemning.<\/p>\n<p>Du f\u00e5r et hvidt snemandkostume med sorte knapper og en r\u00f8dstribet halst\u00f8rkl\u00e6de, der passer perfekt til de popul\u00e6re Elf on the Shelf-dukker. Kostumet er nemt at tage p\u00e5 og giver straks et nyt udtryk til dine daglige drillestreger.<\/p>\n<p>Brug det som en del af nissens nye rolle i \u00e5rets julehistorie, eller lad b\u00f8rnene v\u00e5gne op til dagens overraskelse if\u00f8rt dette kostume. <i>Bem\u00e6rk: Nissen medf\u00f8lger ikke.<\/i><\/p>\n<p>Indhold: 1 stk. \/ M\u00e5l: 9,5 x 1 x 20 cm<\/p>\n","protected":false},"excerpt":{"rendered":"<p>G\u00f8r din julesp\u00f8ge endnu sjovere med et snekl\u00e6dt twist. Dette snemandkostume forvandler hurtigt din lille nissedreng til en hyggelig vinterfigur, der emmer af decemberstemning. Du f\u00e5r et hvidt snemandkostume med sorte knapper og en r\u00f8dstribet halst\u00f8rkl\u00e6de, der passer perfekt til [&hellip;]<\/p>\n","protected":false},"featured_media":98715,"template":"","meta":{"_acf_changed":false},"product_brand":[],"product_cat":[34],"product_tag":[],"class_list":{"0":"post-98714","1":"product","2":"type-product","3":"status-publish","4":"has-post-thumbnail","6":"product_cat-accessories","7":"pa_item-color-hvid","8":"pa_item-group-dekoration","9":"pa_item-subgroup-julepynt","10":"pa_pakken-indeholder-snemandkostume","11":"pa_tema_tax-christmas","12":"pa_under-tema-snowman","14":"first","15":"instock","16":"taxable","17":"shipping-taxable","18":"purchasable","19":"product-type-simple"},"bundled_by":[],"bundle_stock_status":"instock","bundle_stock_quantity":71,"bundle_virtual":false,"bundle_layout":"","bundle_add_to_cart_form_location":"","bundle_editable_in_cart":false,"bundle_sold_individually_context":"","bundle_item_grouping":"","bundle_min_size":"","bundle_max_size":"","bundle_price":[],"bundled_items":[],"bundle_sell_ids":[],"acf":[],"tiered_pricing_type":"fixed","tiered_pricing_fixed_rules":[],"tiered_pricing_product_settings":{"layout":"default","base_unit_name":{"singular":null,"plural":null},"default_variation":null},"tiered_pricing_minimum_quantity":null,"tiered_pricing_roles_data":[],"tiered_pricing_percentage_rules":[],"tiered_pricing_maximum_quantity":null,"tiered_pricing_quantity_step":null,"_links":{"self":[{"href":"https:\/\/partyinabox.dk\/party\/wp-json\/wp\/v2\/product\/98714","targetHints":{"allow":["GET"]}}],"collection":[{"href":"https:\/\/partyinabox.dk\/party\/wp-json\/wp\/v2\/product"}],"about":[{"href":"https:\/\/partyinabox.dk\/party\/wp-json\/wp\/v2\/types\/product"}],"wp:featuredmedia":[{"embeddable":true,"href":"https:\/\/partyinabox.dk\/party\/wp-json\/wp\/v2\/media\/98715"}],"wp:attachment":[{"href":"https:\/\/partyinabox.dk\/party\/wp-json\/wp\/v2\/media?parent=98714"}],"wp:term":[{"taxonomy":"product_brand","embeddable":true,"href":"https:\/\/partyinabox.dk\/party\/wp-json\/wp\/v2\/product_brand?post=98714"},{"taxonomy":"product_cat","embeddable":true,"href":"https:\/\/partyinabox.dk\/party\/wp-json\/wp\/v2\/product_cat?post=98714"},{"taxonomy":"product_tag","embeddable":true,"href":"https:\/\/partyinabox.dk\/party\/wp-json\/wp\/v2\/product_tag?post=98714"}],"curies":[{"name":"wp","href":"https:\/\/api.w.org\/{rel}","templated":true}]}}