{"id":98712,"date":"2025-11-19T12:46:10","date_gmt":"2025-11-19T11:46:10","guid":{"rendered":"https:\/\/partyinabox.dk\/party\/vare\/elf-on-the-shelf-regnjakke-outfit\/"},"modified":"2026-03-19T07:51:59","modified_gmt":"2026-03-19T06:51:59","slug":"elf-on-the-shelf-regnjakke-outfit","status":"publish","type":"product","link":"https:\/\/partyinabox.dk\/party\/vare\/elf-on-the-shelf-regnjakke-outfit\/","title":{"rendered":"Elf on the shelf regnjakke outfit"},"content":{"rendered":"<p>G\u00f8r din nissedrils hverdag lidt sjovere med et regnvejrslook, der holder stilen \u2013 ogs\u00e5 indend\u00f8rs. Dette outfit er perfekt til de dage, hvor nissen har brug for et lille vejrskifte.<\/p>\n<p>Outfittet best\u00e5r af en gul regnjakke og matchende hat designet til Elf on the Shelf-figurer. Den klare farve g\u00f8r det nemt at spotte nissen, uanset hvor den gemmer sig.<\/p>\n<p>Brug s\u00e6ttet til at skabe en regnvejrsdag indend\u00f8rs \u2013 m\u00e5ske nissen har bygget en b\u00e5d i vasken eller trampet rundt i imagin\u00e6re pytter? <i>Bem\u00e6rk: Nissen medf\u00f8lger ikke.<\/i><\/p>\n<p>Indhold: 1 s\u00e6t (regnjakke + hat) \/ M\u00e5l: 11,5 x 0,5 x 16 cm<\/p>\n","protected":false},"excerpt":{"rendered":"<p>G\u00f8r din nissedrils hverdag lidt sjovere med et regnvejrslook, der holder stilen \u2013 ogs\u00e5 indend\u00f8rs. Dette outfit er perfekt til de dage, hvor nissen har brug for et lille vejrskifte. Outfittet best\u00e5r af en gul regnjakke og matchende hat designet [&hellip;]<\/p>\n","protected":false},"featured_media":98713,"template":"","meta":{"_acf_changed":false},"product_brand":[],"product_cat":[34],"product_tag":[],"class_list":{"0":"post-98712","1":"product","2":"type-product","3":"status-publish","4":"has-post-thumbnail","6":"product_cat-accessories","7":"pa_item-color-gul","8":"pa_item-group-dekoration","9":"pa_item-subgroup-julepynt","10":"pa_pakken-indeholder-regnjakkehat","11":"pa_tema_tax-christmas","12":"pa_under-tema-christmas-miscellaneous","14":"first","15":"instock","16":"taxable","17":"shipping-taxable","18":"purchasable","19":"product-type-simple"},"bundled_by":[],"bundle_stock_status":"instock","bundle_stock_quantity":74,"bundle_virtual":false,"bundle_layout":"","bundle_add_to_cart_form_location":"","bundle_editable_in_cart":false,"bundle_sold_individually_context":"","bundle_item_grouping":"","bundle_min_size":"","bundle_max_size":"","bundle_price":[],"bundled_items":[],"bundle_sell_ids":[],"acf":[],"tiered_pricing_type":"fixed","tiered_pricing_fixed_rules":[],"tiered_pricing_product_settings":{"layout":"default","base_unit_name":{"singular":null,"plural":null},"default_variation":null},"tiered_pricing_minimum_quantity":null,"tiered_pricing_roles_data":[],"tiered_pricing_percentage_rules":[],"tiered_pricing_maximum_quantity":null,"tiered_pricing_quantity_step":null,"_links":{"self":[{"href":"https:\/\/partyinabox.dk\/party\/wp-json\/wp\/v2\/product\/98712","targetHints":{"allow":["GET"]}}],"collection":[{"href":"https:\/\/partyinabox.dk\/party\/wp-json\/wp\/v2\/product"}],"about":[{"href":"https:\/\/partyinabox.dk\/party\/wp-json\/wp\/v2\/types\/product"}],"wp:featuredmedia":[{"embeddable":true,"href":"https:\/\/partyinabox.dk\/party\/wp-json\/wp\/v2\/media\/98713"}],"wp:attachment":[{"href":"https:\/\/partyinabox.dk\/party\/wp-json\/wp\/v2\/media?parent=98712"}],"wp:term":[{"taxonomy":"product_brand","embeddable":true,"href":"https:\/\/partyinabox.dk\/party\/wp-json\/wp\/v2\/product_brand?post=98712"},{"taxonomy":"product_cat","embeddable":true,"href":"https:\/\/partyinabox.dk\/party\/wp-json\/wp\/v2\/product_cat?post=98712"},{"taxonomy":"product_tag","embeddable":true,"href":"https:\/\/partyinabox.dk\/party\/wp-json\/wp\/v2\/product_tag?post=98712"}],"curies":[{"name":"wp","href":"https:\/\/api.w.org\/{rel}","templated":true}]}}