{"id":98708,"date":"2025-11-19T12:46:10","date_gmt":"2025-11-19T11:46:10","guid":{"rendered":"https:\/\/partyinabox.dk\/party\/vare\/elf-on-the-shelf-banan-outfit\/"},"modified":"2026-03-19T08:51:57","modified_gmt":"2026-03-19T07:51:57","slug":"elf-on-the-shelf-banan-outfit","status":"publish","type":"product","link":"https:\/\/partyinabox.dk\/party\/vare\/elf-on-the-shelf-banan-outfit\/","title":{"rendered":"Elf on the shelf banan outfit"},"content":{"rendered":"<p>Skab ekstra sjove nissestreger med dette sk\u00f8re bananoutfit til din Elf on the Shelf. Det gule kostume med sorte detaljer forvandler nissen til en festlig frugt, der spreder latter og god stemning i december.<\/p>\n<p>Det bl\u00f8de outfit er nemt at tage p\u00e5 og af nissen. De r\u00f8d- og hvidstribede ben og det karakteristiske nissekostume bevares, mens overkroppen f\u00e5r et frugtigt twist med det bananlignende design.<\/p>\n<p><i>Bem\u00e6rk: Dette er kun et kostume. Selve Elf on the Shelf nissen skal k\u00f8bes separat.<\/i><\/p>\n<p>Indhold: 1 stk. bananoutfit til Elf on the Shelf<\/p>\n","protected":false},"excerpt":{"rendered":"<p>Skab ekstra sjove nissestreger med dette sk\u00f8re bananoutfit til din Elf on the Shelf. Det gule kostume med sorte detaljer forvandler nissen til en festlig frugt, der spreder latter og god stemning i december. Det bl\u00f8de outfit er nemt at [&hellip;]<\/p>\n","protected":false},"featured_media":98709,"template":"","meta":{"_acf_changed":false},"product_brand":[],"product_cat":[34],"product_tag":[],"class_list":{"0":"post-98708","1":"product","2":"type-product","3":"status-publish","4":"has-post-thumbnail","6":"product_cat-accessories","7":"pa_item-color-gul","8":"pa_item-color-sort","9":"pa_item-group-dekoration","10":"pa_item-subgroup-julepynt","11":"pa_pakken-indeholder-elf-on-the-shelf-kostume","12":"pa_tema_tax-christmas","13":"pa_under-tema-elf","15":"first","16":"instock","17":"taxable","18":"shipping-taxable","19":"purchasable","20":"product-type-simple"},"bundled_by":[],"bundle_stock_status":"instock","bundle_stock_quantity":41,"bundle_virtual":false,"bundle_layout":"","bundle_add_to_cart_form_location":"","bundle_editable_in_cart":false,"bundle_sold_individually_context":"","bundle_item_grouping":"","bundle_min_size":"","bundle_max_size":"","bundle_price":[],"bundled_items":[],"bundle_sell_ids":[],"acf":[],"tiered_pricing_type":"fixed","tiered_pricing_fixed_rules":[],"tiered_pricing_product_settings":{"layout":"default","base_unit_name":{"singular":null,"plural":null},"default_variation":null},"tiered_pricing_minimum_quantity":null,"tiered_pricing_roles_data":[],"tiered_pricing_percentage_rules":[],"tiered_pricing_maximum_quantity":null,"tiered_pricing_quantity_step":null,"_links":{"self":[{"href":"https:\/\/partyinabox.dk\/party\/wp-json\/wp\/v2\/product\/98708","targetHints":{"allow":["GET"]}}],"collection":[{"href":"https:\/\/partyinabox.dk\/party\/wp-json\/wp\/v2\/product"}],"about":[{"href":"https:\/\/partyinabox.dk\/party\/wp-json\/wp\/v2\/types\/product"}],"wp:featuredmedia":[{"embeddable":true,"href":"https:\/\/partyinabox.dk\/party\/wp-json\/wp\/v2\/media\/98709"}],"wp:attachment":[{"href":"https:\/\/partyinabox.dk\/party\/wp-json\/wp\/v2\/media?parent=98708"}],"wp:term":[{"taxonomy":"product_brand","embeddable":true,"href":"https:\/\/partyinabox.dk\/party\/wp-json\/wp\/v2\/product_brand?post=98708"},{"taxonomy":"product_cat","embeddable":true,"href":"https:\/\/partyinabox.dk\/party\/wp-json\/wp\/v2\/product_cat?post=98708"},{"taxonomy":"product_tag","embeddable":true,"href":"https:\/\/partyinabox.dk\/party\/wp-json\/wp\/v2\/product_tag?post=98708"}],"curies":[{"name":"wp","href":"https:\/\/api.w.org\/{rel}","templated":true}]}}