{"id":98364,"date":"2025-11-12T18:54:06","date_gmt":"2025-11-12T17:54:06","guid":{"rendered":"https:\/\/partyinabox.dk\/party\/?post_type=product&#038;p=98364"},"modified":"2026-04-24T09:55:31","modified_gmt":"2026-04-24T07:55:31","slug":"neon-groen-stjerne-folie-ballon","status":"publish","type":"product","link":"https:\/\/partyinabox.dk\/party\/vare\/neon-groen-stjerne-folie-ballon\/","title":{"rendered":"Neon gr\u00f8n stjerne folie ballon"},"content":{"rendered":"<p data-start=\"0\" data-end=\"47\">\u2b50\u202f<strong data-start=\"2\" data-end=\"45\">Stjernest\u00f8v og festglimmer i \u00e9n ballon!<\/strong><\/p>\n<p data-start=\"49\" data-end=\"320\">Denne gr\u00f8nne stjerneformede folieballon p\u00e5 43 cm spreder feststemning, uanset om den flyver solo eller indg\u00e5r i en farverig ballonbuket. Perfekt til f\u00f8dselsdage, temafester, 80&#8217;er fester &#8211; eller bare n\u00e5r nogen fortjener at blive fejret som den stjerne, de er! \ud83c\udf1f\ud83d\udc9a<\/p>\n<p data-start=\"322\" data-end=\"485\">\ud83c\udf88\u202f<strong data-start=\"325\" data-end=\"338\">Detaljer:<\/strong><br data-start=\"338\" data-end=\"341\" \/>\u2013 St\u00f8rrelse: 43 cm oppustet\u00a0<br data-start=\"372\" data-end=\"375\" \/>\u2013 Farve: frisk, klar gr\u00f8n<br data-start=\"400\" data-end=\"403\" \/>\u2013 Kan fyldes med helium eller luft<br data-start=\"437\" data-end=\"440\" \/>\u2013 Selvforseglende ventil &#8211; kan nemt genanvendes<\/p>\n<p data-start=\"487\" data-end=\"574\" data-is-last-node=\"\" data-is-only-node=\"\">S\u00e6t prikken over i\u2019et p\u00e5 festen med en ballon, der lyser op som en stjerne p\u00e5 himlen! \u2728<\/p>\n","protected":false},"excerpt":{"rendered":"<p>\u2b50\u202fStjernest\u00f8v og festglimmer i \u00e9n ballon! Denne gr\u00f8nne stjerneformede folieballon p\u00e5 43 cm spreder feststemning, uanset om den flyver solo eller indg\u00e5r i en farverig ballonbuket. Perfekt til f\u00f8dselsdage, temafester, 80&#8217;er fester &#8211; eller bare n\u00e5r nogen fortjener at blive [&hellip;]<\/p>\n","protected":false},"featured_media":98366,"template":"","meta":{"_acf_changed":false},"product_brand":[],"product_cat":[30],"product_tag":[],"class_list":{"0":"post-98364","1":"product","2":"type-product","3":"status-publish","4":"has-post-thumbnail","6":"product_cat-balloner","8":"first","9":"instock","10":"taxable","11":"shipping-taxable","12":"purchasable","13":"product-type-simple"},"bundled_by":[],"bundle_stock_status":"instock","bundle_stock_quantity":10,"bundle_virtual":false,"bundle_layout":"","bundle_add_to_cart_form_location":"","bundle_editable_in_cart":false,"bundle_sold_individually_context":"","bundle_item_grouping":"","bundle_min_size":"","bundle_max_size":"","bundle_price":[],"bundled_items":[],"bundle_sell_ids":[],"acf":[],"tiered_pricing_type":"fixed","tiered_pricing_fixed_rules":[],"tiered_pricing_product_settings":{"layout":"default","base_unit_name":{"singular":null,"plural":null},"default_variation":null},"tiered_pricing_minimum_quantity":null,"tiered_pricing_roles_data":[],"tiered_pricing_percentage_rules":[],"tiered_pricing_maximum_quantity":null,"tiered_pricing_quantity_step":null,"_links":{"self":[{"href":"https:\/\/partyinabox.dk\/party\/wp-json\/wp\/v2\/product\/98364","targetHints":{"allow":["GET"]}}],"collection":[{"href":"https:\/\/partyinabox.dk\/party\/wp-json\/wp\/v2\/product"}],"about":[{"href":"https:\/\/partyinabox.dk\/party\/wp-json\/wp\/v2\/types\/product"}],"wp:featuredmedia":[{"embeddable":true,"href":"https:\/\/partyinabox.dk\/party\/wp-json\/wp\/v2\/media\/98366"}],"wp:attachment":[{"href":"https:\/\/partyinabox.dk\/party\/wp-json\/wp\/v2\/media?parent=98364"}],"wp:term":[{"taxonomy":"product_brand","embeddable":true,"href":"https:\/\/partyinabox.dk\/party\/wp-json\/wp\/v2\/product_brand?post=98364"},{"taxonomy":"product_cat","embeddable":true,"href":"https:\/\/partyinabox.dk\/party\/wp-json\/wp\/v2\/product_cat?post=98364"},{"taxonomy":"product_tag","embeddable":true,"href":"https:\/\/partyinabox.dk\/party\/wp-json\/wp\/v2\/product_tag?post=98364"}],"curies":[{"name":"wp","href":"https:\/\/api.w.org\/{rel}","templated":true}]}}