{"id":98188,"date":"2025-11-10T14:01:31","date_gmt":"2025-11-10T13:01:31","guid":{"rendered":"https:\/\/partyinabox.dk\/party\/?post_type=product&#038;p=98188"},"modified":"2026-03-17T08:09:00","modified_gmt":"2026-03-17T07:09:00","slug":"lyseblaa-kage-lys-happy-birthday","status":"publish","type":"product","link":"https:\/\/partyinabox.dk\/party\/vare\/lyseblaa-kage-lys-happy-birthday\/","title":{"rendered":"Lysebl\u00e5 kage lys &#8220;happy birthday&#8221;"},"content":{"rendered":"<p data-start=\"126\" data-end=\"170\">\ud83d\udd6f\ufe0f<strong>F\u00f8dselsdagslys i lysebl\u00e5!<\/strong><\/p>\n<p data-start=\"172\" data-end=\"456\">G\u00f8r f\u00f8dselsdagskagen til festens midtpunkt med disse s\u00f8de &#8220;Happy Birthday&#8221; lys i en bl\u00f8d lysebl\u00e5 farve. Uanset om du pynter en stor lagkage, cupcakes eller en hjemmelavet dr\u00f8mmekage, tilf\u00f8jer de her lys den fineste detalje. Perfekte til alt fra b\u00f8rnef\u00f8dselsdage eller pastel-temaer!<\/p>\n<p data-start=\"458\" data-end=\"610\">\ud83c\udf82\u202fDetaljer:<br \/>\n\u2013 13 stearinlys i alt \u2013 \u00e9t for hvert bogstav i &#8220;Happy Birthday&#8221;<br data-start=\"534\" data-end=\"537\" \/>\u2013 H\u00f8jde: ca. 2,5 cm<br data-start=\"556\" data-end=\"559\" \/>\u2013 Lysebl\u00e5 farve og sm\u00e5 tr\u00e6pinde til nem placering<\/p>\n<p data-start=\"612\" data-end=\"661\">Smelt hjerter (og voks!) med disse fine lys \ud83d\udc99\ud83e\uddc1\u2728<\/p>\n","protected":false},"excerpt":{"rendered":"<p>\ud83d\udd6f\ufe0fF\u00f8dselsdagslys i lysebl\u00e5! G\u00f8r f\u00f8dselsdagskagen til festens midtpunkt med disse s\u00f8de &#8220;Happy Birthday&#8221; lys i en bl\u00f8d lysebl\u00e5 farve. Uanset om du pynter en stor lagkage, cupcakes eller en hjemmelavet dr\u00f8mmekage, tilf\u00f8jer de her lys den fineste detalje. Perfekte til [&hellip;]<\/p>\n","protected":false},"featured_media":98191,"template":"","meta":{"_acf_changed":false},"product_brand":[],"product_cat":[33],"product_tag":[],"class_list":{"0":"post-98188","1":"product","2":"type-product","3":"status-publish","4":"has-post-thumbnail","6":"product_cat-til-kagen","8":"first","9":"instock","10":"taxable","11":"shipping-taxable","12":"purchasable","13":"product-type-simple"},"bundled_by":[],"bundle_stock_status":"instock","bundle_stock_quantity":30,"bundle_virtual":false,"bundle_layout":"","bundle_add_to_cart_form_location":"","bundle_editable_in_cart":false,"bundle_sold_individually_context":"","bundle_item_grouping":"","bundle_min_size":"","bundle_max_size":"","bundle_price":[],"bundled_items":[],"bundle_sell_ids":[],"acf":[],"tiered_pricing_type":"fixed","tiered_pricing_fixed_rules":[],"tiered_pricing_product_settings":{"layout":"default","base_unit_name":{"singular":null,"plural":null},"default_variation":null},"tiered_pricing_minimum_quantity":null,"tiered_pricing_roles_data":[],"tiered_pricing_percentage_rules":[],"tiered_pricing_maximum_quantity":null,"tiered_pricing_quantity_step":null,"_links":{"self":[{"href":"https:\/\/partyinabox.dk\/party\/wp-json\/wp\/v2\/product\/98188","targetHints":{"allow":["GET"]}}],"collection":[{"href":"https:\/\/partyinabox.dk\/party\/wp-json\/wp\/v2\/product"}],"about":[{"href":"https:\/\/partyinabox.dk\/party\/wp-json\/wp\/v2\/types\/product"}],"wp:featuredmedia":[{"embeddable":true,"href":"https:\/\/partyinabox.dk\/party\/wp-json\/wp\/v2\/media\/98191"}],"wp:attachment":[{"href":"https:\/\/partyinabox.dk\/party\/wp-json\/wp\/v2\/media?parent=98188"}],"wp:term":[{"taxonomy":"product_brand","embeddable":true,"href":"https:\/\/partyinabox.dk\/party\/wp-json\/wp\/v2\/product_brand?post=98188"},{"taxonomy":"product_cat","embeddable":true,"href":"https:\/\/partyinabox.dk\/party\/wp-json\/wp\/v2\/product_cat?post=98188"},{"taxonomy":"product_tag","embeddable":true,"href":"https:\/\/partyinabox.dk\/party\/wp-json\/wp\/v2\/product_tag?post=98188"}],"curies":[{"name":"wp","href":"https:\/\/api.w.org\/{rel}","templated":true}]}}