{"id":97874,"date":"2025-11-04T15:19:02","date_gmt":"2025-11-04T14:19:02","guid":{"rendered":"https:\/\/partyinabox.dk\/party\/?post_type=product&#038;p=97874"},"modified":"2026-03-23T08:44:50","modified_gmt":"2026-03-23T07:44:50","slug":"haengende-julefigurer-honeycombs","status":"publish","type":"product","link":"https:\/\/partyinabox.dk\/party\/vare\/haengende-julefigurer-honeycombs\/","title":{"rendered":"H\u00e6ngende julefigurer honeycombs"},"content":{"rendered":"<p data-start=\"0\" data-end=\"43\">\ud83c\udf85 Julefigurer honeycombs\ud83c\udf84<\/p>\n<p data-start=\"45\" data-end=\"326\">G\u00f8r julen ekstra festlig med disse s\u00f8de og farverige julefigurer! Med deres bl\u00f8de honeycomb-kroppe og muntre udtryk bringer julemanden, drillenissen og snemanden b\u00e5de charme og gl\u00e6de ind i ethvert rum &#8211; uanset om det er til julefrokosten, b\u00f8rnefesten eller klassens julehygge \u2744\ufe0f<\/p>\n<p data-start=\"328\" data-end=\"615\">\u2728 Detaljer:<br \/>\n\u2022 Indeholder 3 figurer: Julemand, nisse og snemand<br data-start=\"390\" data-end=\"393\" \/>\u2022 Klassisk 3D honeycomb-design &#8211; nemme at folde ud og h\u00e6nge op<br data-start=\"455\" data-end=\"458\" \/>\u2022 Hver figur m\u00e5ler ca. 18 x 27 cm &#8211; perfekt som blikfang<br data-start=\"510\" data-end=\"513\" \/>\u2022 Kan h\u00e6nges i loftet eller i vinduer<br data-start=\"560\" data-end=\"563\" \/>\u2022 Kan bruges igen og igen med forsigtig h\u00e5ndtering<\/p>\n<p data-start=\"617\" data-end=\"765\" data-is-last-node=\"\" data-is-only-node=\"\">\ud83c\udf81 Brug dem som pynt over buffeten, i vinduet eller midt i rummet for at sprede en hyggelig og legende julestemning \u2764\ufe0f<\/p>\n","protected":false},"excerpt":{"rendered":"<p>\ud83c\udf85 Julefigurer honeycombs\ud83c\udf84 G\u00f8r julen ekstra festlig med disse s\u00f8de og farverige julefigurer! Med deres bl\u00f8de honeycomb-kroppe og muntre udtryk bringer julemanden, drillenissen og snemanden b\u00e5de charme og gl\u00e6de ind i ethvert rum &#8211; uanset om det er til julefrokosten, [&hellip;]<\/p>\n","protected":false},"featured_media":97875,"template":"","meta":{"_acf_changed":false},"product_brand":[],"product_cat":[19,31],"product_tag":[],"class_list":{"0":"post-97874","1":"product","2":"type-product","3":"status-publish","4":"has-post-thumbnail","6":"product_cat-pynt","7":"product_cat-til-loftet","9":"first","10":"instock","11":"taxable","12":"shipping-taxable","13":"purchasable","14":"product-type-simple"},"bundled_by":[],"bundle_stock_status":"instock","bundle_stock_quantity":124,"bundle_virtual":false,"bundle_layout":"","bundle_add_to_cart_form_location":"","bundle_editable_in_cart":false,"bundle_sold_individually_context":"","bundle_item_grouping":"","bundle_min_size":"","bundle_max_size":"","bundle_price":[],"bundled_items":[],"bundle_sell_ids":[],"acf":[],"tiered_pricing_type":"fixed","tiered_pricing_fixed_rules":[],"tiered_pricing_product_settings":{"layout":"default","base_unit_name":{"singular":null,"plural":null},"default_variation":null},"tiered_pricing_minimum_quantity":null,"tiered_pricing_roles_data":[],"tiered_pricing_percentage_rules":[],"tiered_pricing_maximum_quantity":null,"tiered_pricing_quantity_step":null,"_links":{"self":[{"href":"https:\/\/partyinabox.dk\/party\/wp-json\/wp\/v2\/product\/97874","targetHints":{"allow":["GET"]}}],"collection":[{"href":"https:\/\/partyinabox.dk\/party\/wp-json\/wp\/v2\/product"}],"about":[{"href":"https:\/\/partyinabox.dk\/party\/wp-json\/wp\/v2\/types\/product"}],"wp:featuredmedia":[{"embeddable":true,"href":"https:\/\/partyinabox.dk\/party\/wp-json\/wp\/v2\/media\/97875"}],"wp:attachment":[{"href":"https:\/\/partyinabox.dk\/party\/wp-json\/wp\/v2\/media?parent=97874"}],"wp:term":[{"taxonomy":"product_brand","embeddable":true,"href":"https:\/\/partyinabox.dk\/party\/wp-json\/wp\/v2\/product_brand?post=97874"},{"taxonomy":"product_cat","embeddable":true,"href":"https:\/\/partyinabox.dk\/party\/wp-json\/wp\/v2\/product_cat?post=97874"},{"taxonomy":"product_tag","embeddable":true,"href":"https:\/\/partyinabox.dk\/party\/wp-json\/wp\/v2\/product_tag?post=97874"}],"curies":[{"name":"wp","href":"https:\/\/api.w.org\/{rel}","templated":true}]}}