{"id":96792,"date":"2025-10-20T09:25:16","date_gmt":"2025-10-20T07:25:16","guid":{"rendered":"https:\/\/partyinabox.dk\/party\/?post_type=product&#038;p=96792"},"modified":"2026-03-18T07:55:28","modified_gmt":"2026-03-18T06:55:28","slug":"elf-on-the-shelf-kok-outfit","status":"publish","type":"product","link":"https:\/\/partyinabox.dk\/party\/vare\/elf-on-the-shelf-kok-outfit\/","title":{"rendered":"Elf on the shelf kok outfit"},"content":{"rendered":"<h6 class=\"sr-only\"><span style=\"font-size: 16px;\">\ud83c\udf73 Elf on the shelf dragt kok \ud83e\uddd1\u200d\ud83c\udf73<\/span><\/h6>\n<div class=\"text-base my-auto mx-auto pb-10 [--thread-content-margin:--spacing(4)] thread-sm:[--thread-content-margin:--spacing(6)] thread-lg:[--thread-content-margin:--spacing(16)] px-(--thread-content-margin)\">\n<div class=\"[--thread-content-max-width:40rem] thread-lg:[--thread-content-max-width:48rem] mx-auto max-w-(--thread-content-max-width) flex-1 group\/turn-messages focus-visible:outline-hidden relative flex w-full min-w-0 flex-col agent-turn\" tabindex=\"-1\">\n<div class=\"flex max-w-full flex-col grow\">\n<div class=\"min-h-8 text-message relative flex w-full flex-col items-end gap-2 text-start break-words whitespace-normal [.text-message+&amp;]:mt-1\" dir=\"auto\" data-message-author-role=\"assistant\" data-message-id=\"71053ae8-1b3e-4fa3-9e3a-eb06b632f453\" data-message-model-slug=\"gpt-4o\">\n<div class=\"flex w-full flex-col gap-1 empty:hidden first:pt-[1px]\">\n<div class=\"markdown prose dark:prose-invert w-full break-words light markdown-new-styling\">\n<p data-start=\"39\" data-end=\"316\">Lad julens s\u00f8deste kok flytte ind i dit k\u00f8kken! Denne charmerende kokkedragt forvandler din elf on the shelf-nisse til en \u00e6gte mesterkok &#8211; klar til at trylle med sm\u00e5kager, chokoladekys og (u)skyldige nissedrillerier. En s\u00f8d og sjov tilf\u00f8jelse til julehyggen i hele december. \ud83c\udf84<\/p>\n<p data-start=\"318\" data-end=\"628\">\ud83d\udc68\u200d\ud83c\udf73 Passer perfekt til elf on the shelf-dukken, der ogs\u00e5 findes p\u00e5 shoppen<br data-start=\"394\" data-end=\"397\" \/>\ud83c\udf7d\ufe0f Med fine detaljer: ternet halst\u00f8rkl\u00e6de, kokkehue, jakke og bukser<br data-start=\"461\" data-end=\"464\" \/>\ud83c\udf85 Sk\u00f8n til nissedrillerier i k\u00f8kkenet &#8211; m\u00e5ske med melspor og sm\u00e5 julegodter<br data-start=\"540\" data-end=\"543\" \/>\ud83c\udfe0 G\u00f8r nissen til en del af pynten &#8211; p\u00e5 k\u00f8kkenhylden, spisebordet eller i bagehj\u00f8rnet<\/p>\n<p data-start=\"630\" data-end=\"703\" data-is-last-node=\"\" data-is-only-node=\"\">En k\u00e6r lille julekok, der g\u00f8r morgenstunden ekstra sjov og hyggelig. \u2764\ufe0f\ud83d\udc99<\/p>\n<\/div>\n<\/div>\n<\/div>\n<\/div>\n<\/div>\n<\/div>\n","protected":false},"excerpt":{"rendered":"<p>\ud83c\udf73 Elf on the shelf dragt kok \ud83e\uddd1\u200d\ud83c\udf73 Lad julens s\u00f8deste kok flytte ind i dit k\u00f8kken! Denne charmerende kokkedragt forvandler din elf on the shelf-nisse til en \u00e6gte mesterkok &#8211; klar til at trylle med sm\u00e5kager, chokoladekys og (u)skyldige [&hellip;]<\/p>\n","protected":false},"featured_media":96794,"template":"","meta":{"_acf_changed":false},"product_brand":[],"product_cat":[19,34],"product_tag":[],"class_list":{"0":"post-96792","1":"product","2":"type-product","3":"status-publish","4":"has-post-thumbnail","6":"product_cat-pynt","7":"product_cat-accessories","9":"first","10":"instock","11":"taxable","12":"shipping-taxable","13":"purchasable","14":"product-type-simple"},"bundled_by":[],"bundle_stock_status":"instock","bundle_stock_quantity":49,"bundle_virtual":false,"bundle_layout":"","bundle_add_to_cart_form_location":"","bundle_editable_in_cart":false,"bundle_sold_individually_context":"","bundle_item_grouping":"","bundle_min_size":"","bundle_max_size":"","bundle_price":[],"bundled_items":[],"bundle_sell_ids":[],"acf":[],"tiered_pricing_type":"fixed","tiered_pricing_fixed_rules":[],"tiered_pricing_product_settings":{"layout":"default","base_unit_name":{"singular":null,"plural":null},"default_variation":null},"tiered_pricing_minimum_quantity":null,"tiered_pricing_roles_data":[],"tiered_pricing_percentage_rules":[],"tiered_pricing_maximum_quantity":null,"tiered_pricing_quantity_step":null,"_links":{"self":[{"href":"https:\/\/partyinabox.dk\/party\/wp-json\/wp\/v2\/product\/96792","targetHints":{"allow":["GET"]}}],"collection":[{"href":"https:\/\/partyinabox.dk\/party\/wp-json\/wp\/v2\/product"}],"about":[{"href":"https:\/\/partyinabox.dk\/party\/wp-json\/wp\/v2\/types\/product"}],"wp:featuredmedia":[{"embeddable":true,"href":"https:\/\/partyinabox.dk\/party\/wp-json\/wp\/v2\/media\/96794"}],"wp:attachment":[{"href":"https:\/\/partyinabox.dk\/party\/wp-json\/wp\/v2\/media?parent=96792"}],"wp:term":[{"taxonomy":"product_brand","embeddable":true,"href":"https:\/\/partyinabox.dk\/party\/wp-json\/wp\/v2\/product_brand?post=96792"},{"taxonomy":"product_cat","embeddable":true,"href":"https:\/\/partyinabox.dk\/party\/wp-json\/wp\/v2\/product_cat?post=96792"},{"taxonomy":"product_tag","embeddable":true,"href":"https:\/\/partyinabox.dk\/party\/wp-json\/wp\/v2\/product_tag?post=96792"}],"curies":[{"name":"wp","href":"https:\/\/api.w.org\/{rel}","templated":true}]}}