{"id":96449,"date":"2025-10-14T15:08:55","date_gmt":"2025-10-14T13:08:55","guid":{"rendered":"https:\/\/partyinabox.dk\/party\/?post_type=product&#038;p=96449"},"modified":"2026-03-25T07:25:56","modified_gmt":"2026-03-25T06:25:56","slug":"paptallerken-m-juletraeer-lille","status":"publish","type":"product","link":"https:\/\/partyinabox.dk\/party\/vare\/paptallerken-m-juletraeer-lille\/","title":{"rendered":"Paptallerken m\/juletr\u00e6er (lille)"},"content":{"rendered":"<p data-start=\"0\" data-end=\"76\">\ud83c\udf84 Christmas forest paptallerkener &#8211; til magisk julebordd\u00e6kning \u2728\ud83c\udf1f<\/p>\n<p data-start=\"78\" data-end=\"310\">D\u00e6k op til julens hyggeligste stunder med disse smukke tallerkener dekoreret med klassiske juletr\u00e6er, pynt og gaver i varme, nostalgiske nuancer \ud83c\udf81\ud83d\udc9a Perfekte til juleaften, julefrokost eller\u00a0 sm\u00e5kager med venner og familie!<\/p>\n<p data-start=\"312\" data-end=\"491\">\ud83c\udf7d\ufe0f Indeholder 8 papirtallerkener<br data-start=\"345\" data-end=\"348\" \/>\ud83c\udf32 Rund form med diameter p\u00e5 21 cm<br data-start=\"382\" data-end=\"385\" \/>\ud83c\udf81 Elegant juletr\u00e6smotiv med guld-detaljer<br data-start=\"427\" data-end=\"430\" \/>\ud83c\udf84 Passer perfekt sammen med matchende kopper og servietter<\/p>\n<p data-start=\"493\" data-end=\"584\" data-is-last-node=\"\" data-is-only-node=\"\">Skab en r\u00f8d tr\u00e5d i din juleopd\u00e6kning og spred \u00e6gte julestemning ved hvert eneste bord! \u2744\ufe0f\u2764\ufe0f<\/p>\n","protected":false},"excerpt":{"rendered":"<p>\ud83c\udf84 Christmas forest paptallerkener &#8211; til magisk julebordd\u00e6kning \u2728\ud83c\udf1f D\u00e6k op til julens hyggeligste stunder med disse smukke tallerkener dekoreret med klassiske juletr\u00e6er, pynt og gaver i varme, nostalgiske nuancer \ud83c\udf81\ud83d\udc9a Perfekte til juleaften, julefrokost eller\u00a0 sm\u00e5kager med venner og [&hellip;]<\/p>\n","protected":false},"featured_media":96450,"template":"","meta":{"_acf_changed":false},"product_brand":[],"product_cat":[32],"product_tag":[],"class_list":{"0":"post-96449","1":"product","2":"type-product","3":"status-publish","4":"has-post-thumbnail","6":"product_cat-service","8":"first","9":"instock","10":"taxable","11":"shipping-taxable","12":"purchasable","13":"product-type-simple"},"bundled_by":[],"bundle_stock_status":"instock","bundle_stock_quantity":11,"bundle_virtual":false,"bundle_layout":"","bundle_add_to_cart_form_location":"","bundle_editable_in_cart":false,"bundle_sold_individually_context":"","bundle_item_grouping":"","bundle_min_size":"","bundle_max_size":"","bundle_price":[],"bundled_items":[],"bundle_sell_ids":[],"acf":[],"tiered_pricing_type":"fixed","tiered_pricing_fixed_rules":[],"tiered_pricing_product_settings":{"layout":"default","base_unit_name":{"singular":null,"plural":null},"default_variation":null},"tiered_pricing_minimum_quantity":null,"tiered_pricing_roles_data":[],"tiered_pricing_percentage_rules":[],"tiered_pricing_maximum_quantity":null,"tiered_pricing_quantity_step":null,"_links":{"self":[{"href":"https:\/\/partyinabox.dk\/party\/wp-json\/wp\/v2\/product\/96449","targetHints":{"allow":["GET"]}}],"collection":[{"href":"https:\/\/partyinabox.dk\/party\/wp-json\/wp\/v2\/product"}],"about":[{"href":"https:\/\/partyinabox.dk\/party\/wp-json\/wp\/v2\/types\/product"}],"wp:featuredmedia":[{"embeddable":true,"href":"https:\/\/partyinabox.dk\/party\/wp-json\/wp\/v2\/media\/96450"}],"wp:attachment":[{"href":"https:\/\/partyinabox.dk\/party\/wp-json\/wp\/v2\/media?parent=96449"}],"wp:term":[{"taxonomy":"product_brand","embeddable":true,"href":"https:\/\/partyinabox.dk\/party\/wp-json\/wp\/v2\/product_brand?post=96449"},{"taxonomy":"product_cat","embeddable":true,"href":"https:\/\/partyinabox.dk\/party\/wp-json\/wp\/v2\/product_cat?post=96449"},{"taxonomy":"product_tag","embeddable":true,"href":"https:\/\/partyinabox.dk\/party\/wp-json\/wp\/v2\/product_tag?post=96449"}],"curies":[{"name":"wp","href":"https:\/\/api.w.org\/{rel}","templated":true}]}}