{"id":96446,"date":"2025-10-14T15:01:05","date_gmt":"2025-10-14T13:01:05","guid":{"rendered":"https:\/\/partyinabox.dk\/party\/?post_type=product&#038;p=96446"},"modified":"2026-03-25T07:26:41","modified_gmt":"2026-03-25T06:26:41","slug":"papkop-m-juletraeer","status":"publish","type":"product","link":"https:\/\/partyinabox.dk\/party\/vare\/papkop-m-juletraeer\/","title":{"rendered":"Papkop m\/juletr\u00e6er"},"content":{"rendered":"<p data-start=\"0\" data-end=\"60\">\ud83c\udf84 <strong data-start=\"3\" data-end=\"55\">Christmas forest papkrus &#8211; til julehyggen<\/strong> \u2615\u2728<\/p>\n<p data-start=\"62\" data-end=\"231\">Sk\u00e5l i julestemning med disse yndige papkrus fyldt med nostalgi og magi! Den fineste tilf\u00f8jelse til din juleopd\u00e6kning \ud83c\udf81\ud83c\udf1f<\/p>\n<p data-start=\"233\" data-end=\"460\">\ud83e\uded6 Indeholder 8 papkrus (250 ml)<br data-start=\"265\" data-end=\"268\" \/>\ud83c\udf84 Dekoreret med smukt pyntede juletr\u00e6er og klassisk julepynt<br data-start=\"387\" data-end=\"390\" \/>\ud83c\udf6c Perfekte til julefrokost, krea-dage, adventshygge eller b\u00f8rnefest<\/p>\n<p data-start=\"462\" data-end=\"583\" data-is-last-node=\"\" data-is-only-node=\"\">Match dem med servietter og tallerkener fra samme serie for en sammenh\u00e6ngende og ekstra hyggelig julebordd\u00e6kning \ud83c\udf85\ud83d\udd6f\ufe0f<\/p>\n","protected":false},"excerpt":{"rendered":"<p>\ud83c\udf84 Christmas forest papkrus &#8211; til julehyggen \u2615\u2728 Sk\u00e5l i julestemning med disse yndige papkrus fyldt med nostalgi og magi! Den fineste tilf\u00f8jelse til din juleopd\u00e6kning \ud83c\udf81\ud83c\udf1f \ud83e\uded6 Indeholder 8 papkrus (250 ml)\ud83c\udf84 Dekoreret med smukt pyntede juletr\u00e6er og klassisk [&hellip;]<\/p>\n","protected":false},"featured_media":96447,"template":"","meta":{"_acf_changed":false},"product_brand":[],"product_cat":[32],"product_tag":[],"class_list":{"0":"post-96446","1":"product","2":"type-product","3":"status-publish","4":"has-post-thumbnail","6":"product_cat-service","8":"first","9":"instock","10":"taxable","11":"shipping-taxable","12":"purchasable","13":"product-type-simple"},"bundled_by":[],"bundle_stock_status":"instock","bundle_stock_quantity":13,"bundle_virtual":false,"bundle_layout":"","bundle_add_to_cart_form_location":"","bundle_editable_in_cart":false,"bundle_sold_individually_context":"","bundle_item_grouping":"","bundle_min_size":"","bundle_max_size":"","bundle_price":[],"bundled_items":[],"bundle_sell_ids":[],"acf":[],"tiered_pricing_type":"fixed","tiered_pricing_fixed_rules":[],"tiered_pricing_product_settings":{"layout":"default","base_unit_name":{"singular":null,"plural":null},"default_variation":null},"tiered_pricing_minimum_quantity":null,"tiered_pricing_roles_data":[],"tiered_pricing_percentage_rules":[],"tiered_pricing_maximum_quantity":null,"tiered_pricing_quantity_step":null,"_links":{"self":[{"href":"https:\/\/partyinabox.dk\/party\/wp-json\/wp\/v2\/product\/96446","targetHints":{"allow":["GET"]}}],"collection":[{"href":"https:\/\/partyinabox.dk\/party\/wp-json\/wp\/v2\/product"}],"about":[{"href":"https:\/\/partyinabox.dk\/party\/wp-json\/wp\/v2\/types\/product"}],"wp:featuredmedia":[{"embeddable":true,"href":"https:\/\/partyinabox.dk\/party\/wp-json\/wp\/v2\/media\/96447"}],"wp:attachment":[{"href":"https:\/\/partyinabox.dk\/party\/wp-json\/wp\/v2\/media?parent=96446"}],"wp:term":[{"taxonomy":"product_brand","embeddable":true,"href":"https:\/\/partyinabox.dk\/party\/wp-json\/wp\/v2\/product_brand?post=96446"},{"taxonomy":"product_cat","embeddable":true,"href":"https:\/\/partyinabox.dk\/party\/wp-json\/wp\/v2\/product_cat?post=96446"},{"taxonomy":"product_tag","embeddable":true,"href":"https:\/\/partyinabox.dk\/party\/wp-json\/wp\/v2\/product_tag?post=96446"}],"curies":[{"name":"wp","href":"https:\/\/api.w.org\/{rel}","templated":true}]}}