{"id":96433,"date":"2025-10-14T14:14:58","date_gmt":"2025-10-14T12:14:58","guid":{"rendered":"https:\/\/partyinabox.dk\/party\/?post_type=product&#038;p=96433"},"modified":"2026-03-24T14:31:09","modified_gmt":"2026-03-24T13:31:09","slug":"papkop-m-julemotiver","status":"publish","type":"product","link":"https:\/\/partyinabox.dk\/party\/vare\/papkop-m-julemotiver\/","title":{"rendered":"Papkop m\/julemotiver"},"content":{"rendered":"<p data-start=\"0\" data-end=\"65\">\u2615 <strong data-start=\"2\" data-end=\"60\">A little christmas papkrus &#8211; med s\u00f8dt julemotiv<\/strong> \ud83c\udf84\ud83c\udf81<\/p>\n<p data-start=\"67\" data-end=\"278\">G\u00f8r juledrikken endnu hyggeligere med disse fine papkrus pyntet med klassiske juleelementer som gaver, kristtj\u00f8rn, sl\u00f8jfer og slikstok. Perfekte til juledrikke for b\u00e5de store og sm\u00e5! \ud83c\udf6b\u2728<\/p>\n<p data-start=\"280\" data-end=\"454\">\ud83c\udf81 Indeholder 8 kopper<br data-start=\"302\" data-end=\"305\" \/>\ud83d\udccf 250 ml<br data-start=\"353\" data-end=\"356\" \/>\ud83c\udfa8 Smukt, detaljeret motiv i akvarelstil<br data-start=\"396\" data-end=\"399\" \/>\ud83c\udf1f Perfekt til julefrokost, nisselandskab eller julebag<\/p>\n<p data-start=\"456\" data-end=\"567\" data-is-last-node=\"\" data-is-only-node=\"\">Match dem med servietterne og tallerknerne fra samme serie for en gennemf\u00f8rt og charmerende juleopd\u00e6kning! \ud83c\udf85\ud83c\udf6d<\/p>\n","protected":false},"excerpt":{"rendered":"<p>\u2615 A little christmas papkrus &#8211; med s\u00f8dt julemotiv \ud83c\udf84\ud83c\udf81 G\u00f8r juledrikken endnu hyggeligere med disse fine papkrus pyntet med klassiske juleelementer som gaver, kristtj\u00f8rn, sl\u00f8jfer og slikstok. Perfekte til juledrikke for b\u00e5de store og sm\u00e5! \ud83c\udf6b\u2728 \ud83c\udf81 Indeholder 8 [&hellip;]<\/p>\n","protected":false},"featured_media":96435,"template":"","meta":{"_acf_changed":false},"product_brand":[],"product_cat":[32],"product_tag":[],"class_list":{"0":"post-96433","1":"product","2":"type-product","3":"status-publish","4":"has-post-thumbnail","6":"product_cat-service","8":"first","9":"instock","10":"taxable","11":"shipping-taxable","12":"purchasable","13":"product-type-simple"},"bundled_by":[],"bundle_stock_status":"instock","bundle_stock_quantity":19,"bundle_virtual":false,"bundle_layout":"","bundle_add_to_cart_form_location":"","bundle_editable_in_cart":false,"bundle_sold_individually_context":"","bundle_item_grouping":"","bundle_min_size":"","bundle_max_size":"","bundle_price":[],"bundled_items":[],"bundle_sell_ids":[],"acf":[],"tiered_pricing_type":"fixed","tiered_pricing_fixed_rules":[],"tiered_pricing_product_settings":{"layout":"default","base_unit_name":{"singular":null,"plural":null},"default_variation":null},"tiered_pricing_minimum_quantity":null,"tiered_pricing_roles_data":[],"tiered_pricing_percentage_rules":[],"tiered_pricing_maximum_quantity":null,"tiered_pricing_quantity_step":null,"_links":{"self":[{"href":"https:\/\/partyinabox.dk\/party\/wp-json\/wp\/v2\/product\/96433","targetHints":{"allow":["GET"]}}],"collection":[{"href":"https:\/\/partyinabox.dk\/party\/wp-json\/wp\/v2\/product"}],"about":[{"href":"https:\/\/partyinabox.dk\/party\/wp-json\/wp\/v2\/types\/product"}],"wp:featuredmedia":[{"embeddable":true,"href":"https:\/\/partyinabox.dk\/party\/wp-json\/wp\/v2\/media\/96435"}],"wp:attachment":[{"href":"https:\/\/partyinabox.dk\/party\/wp-json\/wp\/v2\/media?parent=96433"}],"wp:term":[{"taxonomy":"product_brand","embeddable":true,"href":"https:\/\/partyinabox.dk\/party\/wp-json\/wp\/v2\/product_brand?post=96433"},{"taxonomy":"product_cat","embeddable":true,"href":"https:\/\/partyinabox.dk\/party\/wp-json\/wp\/v2\/product_cat?post=96433"},{"taxonomy":"product_tag","embeddable":true,"href":"https:\/\/partyinabox.dk\/party\/wp-json\/wp\/v2\/product_tag?post=96433"}],"curies":[{"name":"wp","href":"https:\/\/api.w.org\/{rel}","templated":true}]}}