{"id":96082,"date":"2025-10-08T00:00:00","date_gmt":"2025-10-07T22:00:00","guid":{"rendered":"https:\/\/partyinabox.dk\/party\/?post_type=product&#038;p=96082"},"modified":"2026-04-30T03:34:38","modified_gmt":"2026-04-30T01:34:38","slug":"lyseblaa-paptallerken-lille","status":"publish","type":"product","link":"https:\/\/partyinabox.dk\/party\/vare\/lyseblaa-paptallerken-lille\/","title":{"rendered":"Lysebl\u00e5 paptallerken (lille)"},"content":{"rendered":"<p data-start=\"140\" data-end=\"426\"><strong data-start=\"140\" data-end=\"179\">Papirtallerkener &#8211; lysebl\u00e5<\/strong>\u00a0\ud83d\udc99\ud83c\udf7d\ufe0f<br data-start=\"185\" data-end=\"188\" \/>G\u00f8r din bordd\u00e6kning b\u00e5de elegant og nem med disse runde papirtallerkener i en smuk lysebl\u00e5 farve. Perfekte til babyshowers, f\u00f8dselsdage, sommerfester eller enhver festlig lejlighed, hvor farverig engangsservice s\u00e6tter prikken over i\u2019et \ud83c\udf89<\/p>\n<p data-start=\"428\" data-end=\"598\"><strong data-start=\"428\" data-end=\"448\">Produktdetaljer:<\/strong><br data-start=\"448\" data-end=\"451\" \/>\u2022 Farve: Lysebl\u00e5 \ud83d\udc99<br data-start=\"485\" data-end=\"488\" \/>\u2022 Diameter: ca. 18 cm<br data-start=\"509\" data-end=\"512\" \/>\u2022 Materiale: Pap<br data-start=\"528\" data-end=\"531\" \/>\u2022 Antal: 6 stk. pr. pakke<br data-start=\"556\" data-end=\"559\" \/>\u2022 Engangsprodukt &#8211; nemt og praktisk! \ud83e\udd73<\/p>\n<p data-start=\"600\" data-end=\"689\">Kan nemt matches med kopper, servietter og andre produkter i samme farve for et gennemf\u00f8rt look \u2728<\/p>\n","protected":false},"excerpt":{"rendered":"<p>Papirtallerkener &#8211; lysebl\u00e5\u00a0\ud83d\udc99\ud83c\udf7d\ufe0fG\u00f8r din bordd\u00e6kning b\u00e5de elegant og nem med disse runde papirtallerkener i en smuk lysebl\u00e5 farve. Perfekte til babyshowers, f\u00f8dselsdage, sommerfester eller enhver festlig lejlighed, hvor farverig engangsservice s\u00e6tter prikken over i\u2019et \ud83c\udf89 Produktdetaljer:\u2022 Farve: Lysebl\u00e5 \ud83d\udc99\u2022 Diameter: [&hellip;]<\/p>\n","protected":false},"featured_media":96084,"template":"","meta":{"_acf_changed":false},"product_brand":[],"product_cat":[32],"product_tag":[],"class_list":{"0":"post-96082","1":"product","2":"type-product","3":"status-publish","4":"has-post-thumbnail","6":"product_cat-service","8":"first","9":"instock","10":"taxable","11":"shipping-taxable","12":"purchasable","13":"product-type-simple"},"bundled_by":[],"bundle_stock_status":"instock","bundle_stock_quantity":2,"bundle_virtual":false,"bundle_layout":"","bundle_add_to_cart_form_location":"","bundle_editable_in_cart":false,"bundle_sold_individually_context":"","bundle_item_grouping":"","bundle_min_size":"","bundle_max_size":"","bundle_price":[],"bundled_items":[],"bundle_sell_ids":[],"acf":[],"tiered_pricing_type":"fixed","tiered_pricing_fixed_rules":[],"tiered_pricing_product_settings":{"layout":"default","base_unit_name":{"singular":null,"plural":null},"default_variation":null},"tiered_pricing_minimum_quantity":null,"tiered_pricing_roles_data":[],"tiered_pricing_percentage_rules":[],"tiered_pricing_maximum_quantity":null,"tiered_pricing_quantity_step":null,"_links":{"self":[{"href":"https:\/\/partyinabox.dk\/party\/wp-json\/wp\/v2\/product\/96082","targetHints":{"allow":["GET"]}}],"collection":[{"href":"https:\/\/partyinabox.dk\/party\/wp-json\/wp\/v2\/product"}],"about":[{"href":"https:\/\/partyinabox.dk\/party\/wp-json\/wp\/v2\/types\/product"}],"wp:featuredmedia":[{"embeddable":true,"href":"https:\/\/partyinabox.dk\/party\/wp-json\/wp\/v2\/media\/96084"}],"wp:attachment":[{"href":"https:\/\/partyinabox.dk\/party\/wp-json\/wp\/v2\/media?parent=96082"}],"wp:term":[{"taxonomy":"product_brand","embeddable":true,"href":"https:\/\/partyinabox.dk\/party\/wp-json\/wp\/v2\/product_brand?post=96082"},{"taxonomy":"product_cat","embeddable":true,"href":"https:\/\/partyinabox.dk\/party\/wp-json\/wp\/v2\/product_cat?post=96082"},{"taxonomy":"product_tag","embeddable":true,"href":"https:\/\/partyinabox.dk\/party\/wp-json\/wp\/v2\/product_tag?post=96082"}],"curies":[{"name":"wp","href":"https:\/\/api.w.org\/{rel}","templated":true}]}}