{"id":96022,"date":"2025-10-08T00:00:00","date_gmt":"2025-10-07T22:00:00","guid":{"rendered":"https:\/\/partyinabox.dk\/party\/?post_type=product&#038;p=96022"},"modified":"2026-04-28T11:37:55","modified_gmt":"2026-04-28T09:37:55","slug":"lyseroed-papkop-2","status":"publish","type":"product","link":"https:\/\/partyinabox.dk\/party\/vare\/lyseroed-papkop-2\/","title":{"rendered":"Lyser\u00f8d papkop"},"content":{"rendered":"<hr data-start=\"149\" data-end=\"152\" \/>\n<p data-start=\"154\" data-end=\"508\">\ud83e\ude77 <strong data-start=\"157\" data-end=\"186\">Rosa papkrus<\/strong>\ud83e\ude77<\/p>\n<p data-start=\"154\" data-end=\"508\">Giv dit festbord et s\u00f8dt og stilrent touch med disse fine lyser\u00f8de papkrus. De passer perfekt til babyshowers, pastelfester, f\u00f8dselsdage, afternoon tea eller bare en hyggelig picnic i solen \u2600\ufe0f De enkle, men elegante kopper kan nemt matches med andre pastelfarver &#8211; eller bruges tone-i-tone for et gennemf\u00f8rt look! \ud83d\udc96<\/p>\n<p data-start=\"510\" data-end=\"843\"><strong data-start=\"510\" data-end=\"530\">Produktdetaljer:<\/strong><br data-start=\"530\" data-end=\"533\" \/>\u2022 Farve: Lyser\u00f8d \ud83d\udc95<br data-start=\"552\" data-end=\"555\" \/>\u2022 Materiale: Pap (engangsbrug)<br data-start=\"605\" data-end=\"608\" \/>\u2022 Kapacitet: ca. 250 ml\u00a0<br data-start=\"640\" data-end=\"643\" \/>\u2022 Egnet til kolde drikke \ud83e\uddc3<br data-start=\"670\" data-end=\"673\" \/>\u2022 Indeholder: 6 stk. pr. pakke \ud83c\udf89<\/p>\n<p data-start=\"510\" data-end=\"843\">Kombin\u00e9r dem med matchende tallerkener, servietter og suger\u00f8r for en dr\u00f8m af et dessertbord \ud83c\udf70\u2728<\/p>\n","protected":false},"excerpt":{"rendered":"<p>\ud83e\ude77 Rosa papkrus\ud83e\ude77 Giv dit festbord et s\u00f8dt og stilrent touch med disse fine lyser\u00f8de papkrus. De passer perfekt til babyshowers, pastelfester, f\u00f8dselsdage, afternoon tea eller bare en hyggelig picnic i solen \u2600\ufe0f De enkle, men elegante kopper kan nemt [&hellip;]<\/p>\n","protected":false},"featured_media":96023,"template":"","meta":{"_acf_changed":false},"product_brand":[],"product_cat":[32],"product_tag":[],"class_list":{"0":"post-96022","1":"product","2":"type-product","3":"status-publish","4":"has-post-thumbnail","6":"product_cat-service","8":"first","9":"instock","10":"taxable","11":"shipping-taxable","12":"purchasable","13":"product-type-simple"},"bundled_by":[],"bundle_stock_status":"instock","bundle_stock_quantity":22,"bundle_virtual":false,"bundle_layout":"","bundle_add_to_cart_form_location":"","bundle_editable_in_cart":false,"bundle_sold_individually_context":"","bundle_item_grouping":"","bundle_min_size":"","bundle_max_size":"","bundle_price":[],"bundled_items":[],"bundle_sell_ids":[],"acf":[],"tiered_pricing_type":"fixed","tiered_pricing_fixed_rules":[],"tiered_pricing_product_settings":{"layout":"default","base_unit_name":{"singular":null,"plural":null},"default_variation":null},"tiered_pricing_minimum_quantity":null,"tiered_pricing_roles_data":[],"tiered_pricing_percentage_rules":[],"tiered_pricing_maximum_quantity":null,"tiered_pricing_quantity_step":null,"_links":{"self":[{"href":"https:\/\/partyinabox.dk\/party\/wp-json\/wp\/v2\/product\/96022","targetHints":{"allow":["GET"]}}],"collection":[{"href":"https:\/\/partyinabox.dk\/party\/wp-json\/wp\/v2\/product"}],"about":[{"href":"https:\/\/partyinabox.dk\/party\/wp-json\/wp\/v2\/types\/product"}],"wp:featuredmedia":[{"embeddable":true,"href":"https:\/\/partyinabox.dk\/party\/wp-json\/wp\/v2\/media\/96023"}],"wp:attachment":[{"href":"https:\/\/partyinabox.dk\/party\/wp-json\/wp\/v2\/media?parent=96022"}],"wp:term":[{"taxonomy":"product_brand","embeddable":true,"href":"https:\/\/partyinabox.dk\/party\/wp-json\/wp\/v2\/product_brand?post=96022"},{"taxonomy":"product_cat","embeddable":true,"href":"https:\/\/partyinabox.dk\/party\/wp-json\/wp\/v2\/product_cat?post=96022"},{"taxonomy":"product_tag","embeddable":true,"href":"https:\/\/partyinabox.dk\/party\/wp-json\/wp\/v2\/product_tag?post=96022"}],"curies":[{"name":"wp","href":"https:\/\/api.w.org\/{rel}","templated":true}]}}