{"id":96010,"date":"2025-10-08T12:23:17","date_gmt":"2025-10-08T10:23:17","guid":{"rendered":"https:\/\/partyinabox.dk\/party\/?post_type=product&#038;p=96010"},"modified":"2026-03-23T14:27:35","modified_gmt":"2026-03-23T13:27:35","slug":"candy-cane-sloejfer","status":"publish","type":"product","link":"https:\/\/partyinabox.dk\/party\/vare\/candy-cane-sloejfer\/","title":{"rendered":"Candy cane sl\u00f8jfer"},"content":{"rendered":"<p data-start=\"121\" data-end=\"345\">\ud83c\udf80 <strong data-start=\"124\" data-end=\"169\">Candy Cane sl\u00f8jfer<\/strong>\u00a0\ud83c\udf80<\/p>\n<p data-start=\"121\" data-end=\"345\">Giv din juledekoration et s\u00f8dt twist med disse stribede sl\u00f8jfer, der ligner klassiske candy canes \ud83c\udf6c\ud83c\udf84 Perfekte til juletr\u00e6et, bordd\u00e6kningen eller kreative DIY-projekter!<\/p>\n<p data-start=\"347\" data-end=\"362\">\u2728 <strong data-start=\"349\" data-end=\"361\">Detaljer<\/strong>:<\/p>\n<ul data-start=\"363\" data-end=\"574\">\n<li data-start=\"363\" data-end=\"416\">\n<p data-start=\"365\" data-end=\"416\">S\u00e6t med 3 sl\u00f8jfer i r\u00f8d- og hvidstribet design \ud83c\udf6d<\/p>\n<\/li>\n<li data-start=\"417\" data-end=\"470\">\n<p data-start=\"419\" data-end=\"470\">Fremstillet i skinnende PVC for ekstra wow-effekt<\/p>\n<\/li>\n<li data-start=\"471\" data-end=\"502\">\n<p data-start=\"473\" data-end=\"502\">St\u00f8rrelse: ca. 10,5 x 11 cm<\/p>\n<\/li>\n<li data-start=\"503\" data-end=\"574\">\n<p data-start=\"505\" data-end=\"574\">Lette at placere p\u00e5 grene, servietter, gaver eller dekorationer \ud83d\udd6f\ufe0f\ud83c\udf81<\/p>\n<\/li>\n<\/ul>\n<p data-start=\"576\" data-end=\"707\">\ud83c\udf85 Brug dem som pynt p\u00e5 julebordet, h\u00e6ng dem op i tr\u00e6et eller pift dine indpakninger op &#8211; de her sl\u00f8jfer skaber julemagi overalt!<\/p>\n","protected":false},"excerpt":{"rendered":"<p>\ud83c\udf80 Candy Cane sl\u00f8jfer\u00a0\ud83c\udf80 Giv din juledekoration et s\u00f8dt twist med disse stribede sl\u00f8jfer, der ligner klassiske candy canes \ud83c\udf6c\ud83c\udf84 Perfekte til juletr\u00e6et, bordd\u00e6kningen eller kreative DIY-projekter! \u2728 Detaljer: S\u00e6t med 3 sl\u00f8jfer i r\u00f8d- og hvidstribet design \ud83c\udf6d Fremstillet [&hellip;]<\/p>\n","protected":false},"featured_media":96012,"template":"","meta":{"_acf_changed":false},"product_brand":[],"product_cat":[19],"product_tag":[],"class_list":{"0":"post-96010","1":"product","2":"type-product","3":"status-publish","4":"has-post-thumbnail","6":"product_cat-pynt","8":"first","9":"instock","10":"taxable","11":"shipping-taxable","12":"purchasable","13":"product-type-simple"},"bundled_by":[],"bundle_stock_status":"instock","bundle_stock_quantity":40,"bundle_virtual":false,"bundle_layout":"","bundle_add_to_cart_form_location":"","bundle_editable_in_cart":false,"bundle_sold_individually_context":"","bundle_item_grouping":"","bundle_min_size":"","bundle_max_size":"","bundle_price":[],"bundled_items":[],"bundle_sell_ids":[],"acf":[],"tiered_pricing_type":"fixed","tiered_pricing_fixed_rules":[],"tiered_pricing_product_settings":{"layout":"default","base_unit_name":{"singular":null,"plural":null},"default_variation":null},"tiered_pricing_minimum_quantity":null,"tiered_pricing_roles_data":[],"tiered_pricing_percentage_rules":[],"tiered_pricing_maximum_quantity":null,"tiered_pricing_quantity_step":null,"_links":{"self":[{"href":"https:\/\/partyinabox.dk\/party\/wp-json\/wp\/v2\/product\/96010","targetHints":{"allow":["GET"]}}],"collection":[{"href":"https:\/\/partyinabox.dk\/party\/wp-json\/wp\/v2\/product"}],"about":[{"href":"https:\/\/partyinabox.dk\/party\/wp-json\/wp\/v2\/types\/product"}],"wp:featuredmedia":[{"embeddable":true,"href":"https:\/\/partyinabox.dk\/party\/wp-json\/wp\/v2\/media\/96012"}],"wp:attachment":[{"href":"https:\/\/partyinabox.dk\/party\/wp-json\/wp\/v2\/media?parent=96010"}],"wp:term":[{"taxonomy":"product_brand","embeddable":true,"href":"https:\/\/partyinabox.dk\/party\/wp-json\/wp\/v2\/product_brand?post=96010"},{"taxonomy":"product_cat","embeddable":true,"href":"https:\/\/partyinabox.dk\/party\/wp-json\/wp\/v2\/product_cat?post=96010"},{"taxonomy":"product_tag","embeddable":true,"href":"https:\/\/partyinabox.dk\/party\/wp-json\/wp\/v2\/product_tag?post=96010"}],"curies":[{"name":"wp","href":"https:\/\/api.w.org\/{rel}","templated":true}]}}