{"id":95290,"date":"2025-09-26T14:39:39","date_gmt":"2025-09-26T12:39:39","guid":{"rendered":"https:\/\/partyinabox.dk\/party\/?post_type=product&#038;p=95290"},"modified":"2026-04-08T12:17:48","modified_gmt":"2026-04-08T10:17:48","slug":"creme-pap-kop-m-sloejfe","status":"publish","type":"product","link":"https:\/\/partyinabox.dk\/party\/vare\/creme-pap-kop-m-sloejfe\/","title":{"rendered":"Creme pap kop m\/sl\u00f8jfe"},"content":{"rendered":"<p>S\u00e5 fint et krus til jer, der \u00f8nsker en stilren look. Kopperne kan bruges til rigtig mange anledninger.<\/p>\n<p>Fx Jul, nyt\u00e5r, f\u00f8dselsdag, bryllup etc.<\/p>\n<p>Kopperne er creme hvid med guld prikker\/glitter og en guld sl\u00f8jfe.<\/p>\n<p>Du f\u00e5r 10 stk. i pakken.<\/p>\n<p>M\u00e5l: 270 ml<\/p>\n","protected":false},"excerpt":{"rendered":"<p>S\u00e5 fint et krus til jer, der \u00f8nsker en stilren look. Kopperne kan bruges til rigtig mange anledninger. Fx Jul, nyt\u00e5r, f\u00f8dselsdag, bryllup etc. Kopperne er creme hvid med guld prikker\/glitter og en guld sl\u00f8jfe. Du f\u00e5r 10 stk. i [&hellip;]<\/p>\n","protected":false},"featured_media":95291,"template":"","meta":{"_acf_changed":false},"product_brand":[],"product_cat":[32],"product_tag":[],"class_list":{"0":"post-95290","1":"product","2":"type-product","3":"status-publish","4":"has-post-thumbnail","6":"product_cat-service","8":"first","9":"instock","10":"taxable","11":"shipping-taxable","12":"purchasable","13":"product-type-simple"},"bundled_by":[],"bundle_stock_status":"instock","bundle_stock_quantity":25,"bundle_virtual":false,"bundle_layout":"","bundle_add_to_cart_form_location":"","bundle_editable_in_cart":false,"bundle_sold_individually_context":"","bundle_item_grouping":"","bundle_min_size":"","bundle_max_size":"","bundle_price":[],"bundled_items":[],"bundle_sell_ids":[],"acf":[],"tiered_pricing_type":"fixed","tiered_pricing_fixed_rules":[],"tiered_pricing_product_settings":{"layout":"default","base_unit_name":{"singular":null,"plural":null},"default_variation":null},"tiered_pricing_minimum_quantity":null,"tiered_pricing_roles_data":[],"tiered_pricing_percentage_rules":[],"tiered_pricing_maximum_quantity":null,"tiered_pricing_quantity_step":null,"_links":{"self":[{"href":"https:\/\/partyinabox.dk\/party\/wp-json\/wp\/v2\/product\/95290","targetHints":{"allow":["GET"]}}],"collection":[{"href":"https:\/\/partyinabox.dk\/party\/wp-json\/wp\/v2\/product"}],"about":[{"href":"https:\/\/partyinabox.dk\/party\/wp-json\/wp\/v2\/types\/product"}],"wp:featuredmedia":[{"embeddable":true,"href":"https:\/\/partyinabox.dk\/party\/wp-json\/wp\/v2\/media\/95291"}],"wp:attachment":[{"href":"https:\/\/partyinabox.dk\/party\/wp-json\/wp\/v2\/media?parent=95290"}],"wp:term":[{"taxonomy":"product_brand","embeddable":true,"href":"https:\/\/partyinabox.dk\/party\/wp-json\/wp\/v2\/product_brand?post=95290"},{"taxonomy":"product_cat","embeddable":true,"href":"https:\/\/partyinabox.dk\/party\/wp-json\/wp\/v2\/product_cat?post=95290"},{"taxonomy":"product_tag","embeddable":true,"href":"https:\/\/partyinabox.dk\/party\/wp-json\/wp\/v2\/product_tag?post=95290"}],"curies":[{"name":"wp","href":"https:\/\/api.w.org\/{rel}","templated":true}]}}