{"id":95279,"date":"2025-09-26T14:08:59","date_gmt":"2025-09-26T12:08:59","guid":{"rendered":"https:\/\/partyinabox.dk\/party\/?post_type=product&#038;p=95279"},"modified":"2026-03-24T13:28:06","modified_gmt":"2026-03-24T12:28:06","slug":"jule-pap-kop-m-peberkagemand","status":"publish","type":"product","link":"https:\/\/partyinabox.dk\/party\/vare\/jule-pap-kop-m-peberkagemand\/","title":{"rendered":"Jule pap kop m\/peberkagemand"},"content":{"rendered":"<p>Her f\u00e5r du en \u00e6gte jule b\u00f8rne krus. Den er s\u00e5 fin, og b\u00f8rnene vil helt sikkert synes det er et hit. Om det er til juleaften, julefrokost, eller bare en af i december.<\/p>\n<p>D\u00e6k dem p\u00e5 bordet sammen med det flotte bordpynt i vores b\u00f8rne jule box.<\/p>\n<p>Koppen er hvid med r\u00f8de prikker, og en r\u00f8d\/hvid stribet i kanten. P\u00e5 koppen er der motiver af peberkagemand, slik stokke, slikkepinde og peberkager.<\/p>\n<p>Du f\u00e5r 10 stk. i pakken.<\/p>\n<p>M\u00e5l: 270 ml<\/p>\n","protected":false},"excerpt":{"rendered":"<p>Her f\u00e5r du en \u00e6gte jule b\u00f8rne krus. Den er s\u00e5 fin, og b\u00f8rnene vil helt sikkert synes det er et hit. Om det er til juleaften, julefrokost, eller bare en af i december. D\u00e6k dem p\u00e5 bordet sammen med [&hellip;]<\/p>\n","protected":false},"featured_media":95281,"template":"","meta":{"_acf_changed":false},"product_brand":[],"product_cat":[32],"product_tag":[],"class_list":{"0":"post-95279","1":"product","2":"type-product","3":"status-publish","4":"has-post-thumbnail","6":"product_cat-service","8":"first","9":"instock","10":"taxable","11":"shipping-taxable","12":"purchasable","13":"product-type-simple"},"bundled_by":[],"bundle_stock_status":"instock","bundle_stock_quantity":14,"bundle_virtual":false,"bundle_layout":"","bundle_add_to_cart_form_location":"","bundle_editable_in_cart":false,"bundle_sold_individually_context":"","bundle_item_grouping":"","bundle_min_size":"","bundle_max_size":"","bundle_price":[],"bundled_items":[],"bundle_sell_ids":[],"acf":[],"tiered_pricing_type":"fixed","tiered_pricing_fixed_rules":[],"tiered_pricing_product_settings":{"layout":"default","base_unit_name":{"singular":null,"plural":null},"default_variation":null},"tiered_pricing_minimum_quantity":null,"tiered_pricing_roles_data":[],"tiered_pricing_percentage_rules":[],"tiered_pricing_maximum_quantity":null,"tiered_pricing_quantity_step":null,"_links":{"self":[{"href":"https:\/\/partyinabox.dk\/party\/wp-json\/wp\/v2\/product\/95279","targetHints":{"allow":["GET"]}}],"collection":[{"href":"https:\/\/partyinabox.dk\/party\/wp-json\/wp\/v2\/product"}],"about":[{"href":"https:\/\/partyinabox.dk\/party\/wp-json\/wp\/v2\/types\/product"}],"wp:featuredmedia":[{"embeddable":true,"href":"https:\/\/partyinabox.dk\/party\/wp-json\/wp\/v2\/media\/95281"}],"wp:attachment":[{"href":"https:\/\/partyinabox.dk\/party\/wp-json\/wp\/v2\/media?parent=95279"}],"wp:term":[{"taxonomy":"product_brand","embeddable":true,"href":"https:\/\/partyinabox.dk\/party\/wp-json\/wp\/v2\/product_brand?post=95279"},{"taxonomy":"product_cat","embeddable":true,"href":"https:\/\/partyinabox.dk\/party\/wp-json\/wp\/v2\/product_cat?post=95279"},{"taxonomy":"product_tag","embeddable":true,"href":"https:\/\/partyinabox.dk\/party\/wp-json\/wp\/v2\/product_tag?post=95279"}],"curies":[{"name":"wp","href":"https:\/\/api.w.org\/{rel}","templated":true}]}}