{"id":94619,"date":"2025-09-15T12:52:47","date_gmt":"2025-09-15T10:52:47","guid":{"rendered":"https:\/\/partyinabox.dk\/party\/?post_type=product&#038;p=94619"},"modified":"2026-04-29T21:13:53","modified_gmt":"2026-04-29T19:13:53","slug":"liverpool-fc-klistermaerker","status":"publish","type":"product","link":"https:\/\/partyinabox.dk\/party\/vare\/liverpool-fc-klistermaerker\/","title":{"rendered":"Liverpool FC\u00ae klisterm\u00e6rker"},"content":{"rendered":"<p data-start=\"143\" data-end=\"371\"><strong data-start=\"143\" data-end=\"176\">Bring Anfield til festen<\/strong><br data-start=\"176\" data-end=\"179\" \/>Et must-have til enhver Liverpool-fan, stor som lille! Med dette klisterm\u00e6rkeark f\u00e5r du et helt s\u00e6t ikoniske LFC-logoer &#8211; lige til at s\u00e6tte p\u00e5 penalhuset, drikkedunken, mobilen eller computeren.<\/p>\n<p data-start=\"373\" data-end=\"575\">Designet med klubbens klassiske farver &#8211; r\u00f8d, gr\u00f8n og guld &#8211; og med b\u00e5de det traditionsrige v\u00e5benskjold og det uundg\u00e5elige \u201dYou\u2019ll Never Walk Alone\u201d-slogan, f\u00e5r du \u00e6gte fodboldstemning, hvor end du g\u00e5r.<\/p>\n<p data-start=\"577\" data-end=\"737\">\ud83c\udfaf Indeholder:<br data-start=\"591\" data-end=\"594\" \/>\u2013 Officielt klisterm\u00e6rkeark fra Liverpool FC<br data-start=\"638\" data-end=\"641\" \/>\u2013 Arket m\u00e5ler 20 x 10 cm og indeholder 15 sm\u00e5 klisterm\u00e6rker<br data-start=\"689\" data-end=\"692\" \/>\u2013 Emblemer, LFC-initialer og ikoniske slogans<\/p>\n<p data-start=\"739\" data-end=\"909\">\u26bd Brug dem til at:<br data-start=\"757\" data-end=\"760\" \/>\u2013 Pynte skoleudstyr, elektronik og accessories<br data-start=\"806\" data-end=\"809\" \/>\u2013 Give et personligt touch til fankits og gavekort<br data-start=\"859\" data-end=\"862\" \/>\u2013 Skabe stemning til kampdag &#8211; ogs\u00e5 i hverdagen<\/p>\n<p data-start=\"911\" data-end=\"978\" data-is-last-node=\"\" data-is-only-node=\"\">En nem og sjov m\u00e5de at vise, hvor dit fodboldhjerte h\u00f8rer hjemme \ud83d\udca5<\/p>\n","protected":false},"excerpt":{"rendered":"<p>Bring Anfield til festenEt must-have til enhver Liverpool-fan, stor som lille! Med dette klisterm\u00e6rkeark f\u00e5r du et helt s\u00e6t ikoniske LFC-logoer &#8211; lige til at s\u00e6tte p\u00e5 penalhuset, drikkedunken, mobilen eller computeren. Designet med klubbens klassiske farver &#8211; r\u00f8d, gr\u00f8n [&hellip;]<\/p>\n","protected":false},"featured_media":94621,"template":"","meta":{"_acf_changed":false},"product_brand":[],"product_cat":[34],"product_tag":[],"class_list":{"0":"post-94619","1":"product","2":"type-product","3":"status-publish","4":"has-post-thumbnail","6":"product_cat-accessories","8":"first","9":"instock","10":"taxable","11":"shipping-taxable","12":"purchasable","13":"product-type-simple"},"bundled_by":[],"bundle_stock_status":"instock","bundle_stock_quantity":18,"bundle_virtual":false,"bundle_layout":"","bundle_add_to_cart_form_location":"","bundle_editable_in_cart":false,"bundle_sold_individually_context":"","bundle_item_grouping":"","bundle_min_size":"","bundle_max_size":"","bundle_price":[],"bundled_items":[],"bundle_sell_ids":[],"acf":[],"tiered_pricing_type":"fixed","tiered_pricing_fixed_rules":[],"tiered_pricing_product_settings":{"layout":"default","base_unit_name":{"singular":null,"plural":null},"default_variation":null},"tiered_pricing_minimum_quantity":null,"tiered_pricing_roles_data":[],"tiered_pricing_percentage_rules":[],"tiered_pricing_maximum_quantity":null,"tiered_pricing_quantity_step":null,"_links":{"self":[{"href":"https:\/\/partyinabox.dk\/party\/wp-json\/wp\/v2\/product\/94619","targetHints":{"allow":["GET"]}}],"collection":[{"href":"https:\/\/partyinabox.dk\/party\/wp-json\/wp\/v2\/product"}],"about":[{"href":"https:\/\/partyinabox.dk\/party\/wp-json\/wp\/v2\/types\/product"}],"wp:featuredmedia":[{"embeddable":true,"href":"https:\/\/partyinabox.dk\/party\/wp-json\/wp\/v2\/media\/94621"}],"wp:attachment":[{"href":"https:\/\/partyinabox.dk\/party\/wp-json\/wp\/v2\/media?parent=94619"}],"wp:term":[{"taxonomy":"product_brand","embeddable":true,"href":"https:\/\/partyinabox.dk\/party\/wp-json\/wp\/v2\/product_brand?post=94619"},{"taxonomy":"product_cat","embeddable":true,"href":"https:\/\/partyinabox.dk\/party\/wp-json\/wp\/v2\/product_cat?post=94619"},{"taxonomy":"product_tag","embeddable":true,"href":"https:\/\/partyinabox.dk\/party\/wp-json\/wp\/v2\/product_tag?post=94619"}],"curies":[{"name":"wp","href":"https:\/\/api.w.org\/{rel}","templated":true}]}}