{"id":94363,"date":"2025-09-11T09:25:34","date_gmt":"2025-09-11T07:25:34","guid":{"rendered":"https:\/\/partyinabox.dk\/party\/?post_type=product&#038;p=94363"},"modified":"2026-04-17T12:05:58","modified_gmt":"2026-04-17T10:05:58","slug":"paw-patrol-kagelys-2","status":"publish","type":"product","link":"https:\/\/partyinabox.dk\/party\/vare\/paw-patrol-kagelys-2\/","title":{"rendered":"Paw Patrol\u00ae kagelys"},"content":{"rendered":"<p data-start=\"229\" data-end=\"397\">Giv f\u00f8dselaren en dag han eller hun aldrig glemmer! Enhver fan af Paw Patrol vil uden tvivl elske, n\u00e5r du pynter op med de farverige og vidunderlige hunde fra serien.<\/p>\n<p data-start=\"399\" data-end=\"647\">Du modtager \u00e9t kagelys p\u00e5 tr\u00e6pinde, der g\u00f8r det nemt at placere i midten af f\u00f8dselsdagskagen. Motivet forestiller hele helteholdet &#8211; Chase, Marshall, Rubble, Skye og Everest &#8211; samlet i et poteformet design med glade farver og smilende udtryk.<\/p>\n<p data-start=\"649\" data-end=\"757\">\ud83c\udf82 Perfekt som centerpiece p\u00e5 kagen og som prikken over i\u2019et til en gennemf\u00f8rt Paw Patrol b\u00f8rnef\u00f8dselsdag!<\/p>\n<p data-start=\"759\" data-end=\"913\">\u2022 Indhold: 1 stk. kagelys<br data-start=\"819\" data-end=\"822\" \/>\u2022 St\u00f8rrelse: Ca. 10 x 8 cm<br data-start=\"852\" data-end=\"855\" \/>\u2022 Med motiv af Chase, Skye, Everest, Rubble &amp; Marshall<\/p>\n<p data-start=\"915\" data-end=\"1005\">\ud83c\udf89 Tip: Match med Paw Patrol kopper, tallerkener og servietter for en gennemf\u00f8rt temafest!<\/p>\n","protected":false},"excerpt":{"rendered":"<p>Giv f\u00f8dselaren en dag han eller hun aldrig glemmer! Enhver fan af Paw Patrol vil uden tvivl elske, n\u00e5r du pynter op med de farverige og vidunderlige hunde fra serien. Du modtager \u00e9t kagelys p\u00e5 tr\u00e6pinde, der g\u00f8r det nemt [&hellip;]<\/p>\n","protected":false},"featured_media":94364,"template":"","meta":{"_acf_changed":false},"product_brand":[],"product_cat":[33],"product_tag":[],"class_list":{"0":"post-94363","1":"product","2":"type-product","3":"status-publish","4":"has-post-thumbnail","6":"product_cat-til-kagen","8":"first","9":"instock","10":"taxable","11":"shipping-taxable","12":"purchasable","13":"product-type-simple"},"bundled_by":[],"bundle_stock_status":"instock","bundle_stock_quantity":81,"bundle_virtual":false,"bundle_layout":"","bundle_add_to_cart_form_location":"","bundle_editable_in_cart":false,"bundle_sold_individually_context":"","bundle_item_grouping":"","bundle_min_size":"","bundle_max_size":"","bundle_price":[],"bundled_items":[],"bundle_sell_ids":[],"acf":[],"tiered_pricing_type":"fixed","tiered_pricing_fixed_rules":[],"tiered_pricing_product_settings":{"layout":"default","base_unit_name":{"singular":null,"plural":null},"default_variation":null},"tiered_pricing_minimum_quantity":null,"tiered_pricing_roles_data":[],"tiered_pricing_percentage_rules":[],"tiered_pricing_maximum_quantity":null,"tiered_pricing_quantity_step":null,"_links":{"self":[{"href":"https:\/\/partyinabox.dk\/party\/wp-json\/wp\/v2\/product\/94363","targetHints":{"allow":["GET"]}}],"collection":[{"href":"https:\/\/partyinabox.dk\/party\/wp-json\/wp\/v2\/product"}],"about":[{"href":"https:\/\/partyinabox.dk\/party\/wp-json\/wp\/v2\/types\/product"}],"wp:featuredmedia":[{"embeddable":true,"href":"https:\/\/partyinabox.dk\/party\/wp-json\/wp\/v2\/media\/94364"}],"wp:attachment":[{"href":"https:\/\/partyinabox.dk\/party\/wp-json\/wp\/v2\/media?parent=94363"}],"wp:term":[{"taxonomy":"product_brand","embeddable":true,"href":"https:\/\/partyinabox.dk\/party\/wp-json\/wp\/v2\/product_brand?post=94363"},{"taxonomy":"product_cat","embeddable":true,"href":"https:\/\/partyinabox.dk\/party\/wp-json\/wp\/v2\/product_cat?post=94363"},{"taxonomy":"product_tag","embeddable":true,"href":"https:\/\/partyinabox.dk\/party\/wp-json\/wp\/v2\/product_tag?post=94363"}],"curies":[{"name":"wp","href":"https:\/\/api.w.org\/{rel}","templated":true}]}}