{"id":93231,"date":"2025-08-22T14:20:50","date_gmt":"2025-08-22T12:20:50","guid":{"rendered":"https:\/\/partyinabox.dk\/party\/?post_type=product&#038;p=93231"},"modified":"2026-03-24T07:14:36","modified_gmt":"2026-03-24T06:14:36","slug":"rest-in-pieces-doerskilt","status":"publish","type":"product","link":"https:\/\/partyinabox.dk\/party\/vare\/rest-in-pieces-doerskilt\/","title":{"rendered":"&#8220;Rest in pieces&#8221; d\u00f8rskilt"},"content":{"rendered":"<p data-start=\"90\" data-end=\"341\"><strong data-start=\"90\" data-end=\"150\">Halloween d\u00f8rsticker \u2013 \u201cRest in pieces\u201d \u2013 43 x 30 cm<\/strong><\/p>\n<p data-start=\"90\" data-end=\"341\">G\u00f8r dit toiletomr\u00e5de <em data-start=\"174\" data-end=\"190\">d\u00f8deligt sjovt<\/em> med denne blodige restroom-sticker \ud83d\udc80 Perfekt til halloweenfesten, hvor g\u00e6sterne skal forberede sig p\u00e5 et chok, allerede inden de rammer badev\u00e6relset!<\/p>\n<p data-start=\"343\" data-end=\"516\">\ud83d\udebb Skr\u00e6mmende twist p\u00e5 det klassiske toilet-skilt<br data-start=\"392\" data-end=\"395\" \/>\ud83e\ude78 Realistisk blodspr\u00f8jt og morbide detaljer<br data-start=\"439\" data-end=\"442\" \/>\ud83d\udccf St\u00f8rrelse: 43 x 30 cm \u2013 nem at s\u00e6tte op p\u00e5 d\u00f8re eller glatte overflader<\/p>\n<p data-start=\"518\" data-end=\"607\">Et must-have for dig, der elsker (u)hygge med et glimt i \u00f8jet \u2013 og lidt blod p\u00e5 v\u00e6ggen \ud83d\ude08<\/p>\n","protected":false},"excerpt":{"rendered":"<p>Halloween d\u00f8rsticker \u2013 \u201cRest in pieces\u201d \u2013 43 x 30 cm G\u00f8r dit toiletomr\u00e5de d\u00f8deligt sjovt med denne blodige restroom-sticker \ud83d\udc80 Perfekt til halloweenfesten, hvor g\u00e6sterne skal forberede sig p\u00e5 et chok, allerede inden de rammer badev\u00e6relset! \ud83d\udebb Skr\u00e6mmende twist [&hellip;]<\/p>\n","protected":false},"featured_media":93232,"template":"","meta":{"_acf_changed":false},"product_brand":[],"product_cat":[19],"product_tag":[],"class_list":{"0":"post-93231","1":"product","2":"type-product","3":"status-publish","4":"has-post-thumbnail","6":"product_cat-pynt","8":"first","9":"instock","10":"taxable","11":"shipping-taxable","12":"purchasable","13":"product-type-simple"},"bundled_by":[],"bundle_stock_status":"instock","bundle_stock_quantity":21,"bundle_virtual":false,"bundle_layout":"","bundle_add_to_cart_form_location":"","bundle_editable_in_cart":false,"bundle_sold_individually_context":"","bundle_item_grouping":"","bundle_min_size":"","bundle_max_size":"","bundle_price":[],"bundled_items":[],"bundle_sell_ids":[],"acf":[],"tiered_pricing_type":"fixed","tiered_pricing_fixed_rules":[],"tiered_pricing_product_settings":{"layout":"default","base_unit_name":{"singular":null,"plural":null},"default_variation":null},"tiered_pricing_minimum_quantity":null,"tiered_pricing_roles_data":[],"tiered_pricing_percentage_rules":[],"tiered_pricing_maximum_quantity":null,"tiered_pricing_quantity_step":null,"_links":{"self":[{"href":"https:\/\/partyinabox.dk\/party\/wp-json\/wp\/v2\/product\/93231","targetHints":{"allow":["GET"]}}],"collection":[{"href":"https:\/\/partyinabox.dk\/party\/wp-json\/wp\/v2\/product"}],"about":[{"href":"https:\/\/partyinabox.dk\/party\/wp-json\/wp\/v2\/types\/product"}],"wp:featuredmedia":[{"embeddable":true,"href":"https:\/\/partyinabox.dk\/party\/wp-json\/wp\/v2\/media\/93232"}],"wp:attachment":[{"href":"https:\/\/partyinabox.dk\/party\/wp-json\/wp\/v2\/media?parent=93231"}],"wp:term":[{"taxonomy":"product_brand","embeddable":true,"href":"https:\/\/partyinabox.dk\/party\/wp-json\/wp\/v2\/product_brand?post=93231"},{"taxonomy":"product_cat","embeddable":true,"href":"https:\/\/partyinabox.dk\/party\/wp-json\/wp\/v2\/product_cat?post=93231"},{"taxonomy":"product_tag","embeddable":true,"href":"https:\/\/partyinabox.dk\/party\/wp-json\/wp\/v2\/product_tag?post=93231"}],"curies":[{"name":"wp","href":"https:\/\/api.w.org\/{rel}","templated":true}]}}