{"id":91757,"date":"2025-07-30T14:27:03","date_gmt":"2025-07-30T12:27:03","guid":{"rendered":"https:\/\/partyinabox.dk\/party\/?post_type=product&#038;p=91757"},"modified":"2026-03-13T14:57:00","modified_gmt":"2026-03-13T13:57:00","slug":"racerflag-springvand-bordpynt","status":"publish","type":"product","link":"https:\/\/partyinabox.dk\/party\/vare\/racerflag-springvand-bordpynt\/","title":{"rendered":"Racerflag springvand bordpynt"},"content":{"rendered":"<p data-start=\"83\" data-end=\"129\">\ud83c\udfc1 <strong data-start=\"86\" data-end=\"126\">Borddekoration med racertema <\/strong>\ud83c\udfc1<\/p>\n<p data-start=\"131\" data-end=\"387\">Er du klar til at s\u00e6tte festen i h\u00f8jeste gear? Denne fede borddekoration med de klassiske sort-hvid ternede flag er lige sagen til en racerinspireret fejring! Perfekt til b\u00f8rnef\u00f8dselsdage, motorsportevents, Le Mans-aftener eller bare for fartglade g\u00e6ster.<\/p>\n<ul data-start=\"389\" data-end=\"624\">\n<li data-start=\"389\" data-end=\"432\">\n<p data-start=\"391\" data-end=\"432\">Skinnende cascade-effekt i s\u00f8lv og sort<\/p>\n<\/li>\n<li data-start=\"433\" data-end=\"484\">\n<p data-start=\"435\" data-end=\"484\">Ikoniske racerl\u00f8bsflag \u2013 direkte fra m\u00e5lstregen<\/p>\n<\/li>\n<li data-start=\"551\" data-end=\"624\">\n<p data-start=\"553\" data-end=\"624\">19 cm h\u00f8j \u2013 ideel som centerpiece eller pynt ved snack- og gavebordet<\/p>\n<\/li>\n<\/ul>\n<p data-start=\"626\" data-end=\"807\" data-is-last-node=\"\" data-is-only-node=\"\">\ud83d\ude97\ud83d\udca8 Placer dekorationen midt p\u00e5 bordet og skab f\u00f8lelsen af, at festen allerede har vundet f\u00f8rstepladsen! Kombin\u00e9r med racerbannere, balloner og tematallerkener for et komplet look.<\/p>\n","protected":false},"excerpt":{"rendered":"<p>\ud83c\udfc1 Borddekoration med racertema \ud83c\udfc1 Er du klar til at s\u00e6tte festen i h\u00f8jeste gear? Denne fede borddekoration med de klassiske sort-hvid ternede flag er lige sagen til en racerinspireret fejring! Perfekt til b\u00f8rnef\u00f8dselsdage, motorsportevents, Le Mans-aftener eller bare for [&hellip;]<\/p>\n","protected":false},"featured_media":91758,"template":"","meta":{"_acf_changed":false},"product_brand":[],"product_cat":[19,32],"product_tag":[],"class_list":{"0":"post-91757","1":"product","2":"type-product","3":"status-publish","4":"has-post-thumbnail","6":"product_cat-pynt","7":"product_cat-service","9":"first","10":"instock","11":"taxable","12":"shipping-taxable","13":"purchasable","14":"product-type-simple"},"bundled_by":[],"bundle_stock_status":"instock","bundle_stock_quantity":null,"bundle_virtual":false,"bundle_layout":"","bundle_add_to_cart_form_location":"","bundle_editable_in_cart":false,"bundle_sold_individually_context":"","bundle_item_grouping":"","bundle_min_size":"","bundle_max_size":"","bundle_price":[],"bundled_items":[],"bundle_sell_ids":[],"acf":[],"tiered_pricing_type":"fixed","tiered_pricing_fixed_rules":[],"tiered_pricing_product_settings":{"layout":"default","base_unit_name":{"singular":null,"plural":null},"default_variation":null},"tiered_pricing_minimum_quantity":null,"tiered_pricing_roles_data":[],"tiered_pricing_percentage_rules":[],"tiered_pricing_maximum_quantity":null,"tiered_pricing_quantity_step":null,"_links":{"self":[{"href":"https:\/\/partyinabox.dk\/party\/wp-json\/wp\/v2\/product\/91757","targetHints":{"allow":["GET"]}}],"collection":[{"href":"https:\/\/partyinabox.dk\/party\/wp-json\/wp\/v2\/product"}],"about":[{"href":"https:\/\/partyinabox.dk\/party\/wp-json\/wp\/v2\/types\/product"}],"wp:featuredmedia":[{"embeddable":true,"href":"https:\/\/partyinabox.dk\/party\/wp-json\/wp\/v2\/media\/91758"}],"wp:attachment":[{"href":"https:\/\/partyinabox.dk\/party\/wp-json\/wp\/v2\/media?parent=91757"}],"wp:term":[{"taxonomy":"product_brand","embeddable":true,"href":"https:\/\/partyinabox.dk\/party\/wp-json\/wp\/v2\/product_brand?post=91757"},{"taxonomy":"product_cat","embeddable":true,"href":"https:\/\/partyinabox.dk\/party\/wp-json\/wp\/v2\/product_cat?post=91757"},{"taxonomy":"product_tag","embeddable":true,"href":"https:\/\/partyinabox.dk\/party\/wp-json\/wp\/v2\/product_tag?post=91757"}],"curies":[{"name":"wp","href":"https:\/\/api.w.org\/{rel}","templated":true}]}}