{"id":91740,"date":"2025-07-30T12:52:51","date_gmt":"2025-07-30T10:52:51","guid":{"rendered":"https:\/\/partyinabox.dk\/party\/?post_type=product&#038;p=91740"},"modified":"2026-04-28T16:35:29","modified_gmt":"2026-04-28T14:35:29","slug":"musiknoder-swirls","status":"publish","type":"product","link":"https:\/\/partyinabox.dk\/party\/vare\/musiknoder-swirls\/","title":{"rendered":"Musiknoder swirls"},"content":{"rendered":"<p data-start=\"0\" data-end=\"251\"><strong data-start=\"0\" data-end=\"49\">Om musik swirls \u2013 sorte noder og s\u00f8lvspiraler<\/strong><br data-start=\"49\" data-end=\"52\" \/>\ud83c\udfb5 <em data-start=\"55\" data-end=\"102\">Er du klar til at s\u00e6tte festen i svingninger?<\/em> Disse musikalske swirls skaber stemning med det samme \u2013 uanset om du dr\u00f8mmer om MGP-glimmer, 90\u2019er-rytmer eller en elegant aften med musikalsk tema.<\/p>\n<p data-start=\"253\" data-end=\"454\">\u2728 12 swirls i alt \u2013 6 med sorte noder, 6 uden<br data-start=\"298\" data-end=\"301\" \/>\u2728 S\u00f8lvfarvede spiraler der fanger lyset flot<br data-start=\"345\" data-end=\"348\" \/>\u2728 Varierende l\u00e6ngde (44\u201381 cm) for dynamisk effekt<br data-start=\"402\" data-end=\"405\" \/>\u2728 Let at h\u00e6nge op i loft, teltdug eller d\u00f8r\u00e5bning<\/p>\n<p data-start=\"456\" data-end=\"724\"><strong data-start=\"456\" data-end=\"499\">Perfekte til enhver musikalsk anledning<\/strong><br data-start=\"499\" data-end=\"502\" \/>Skal du fejre MGP med ungerne, skabe scenografi til en skolekoncert eller holde 90\u2019er-tema med Backstreet Boys og Britney p\u00e5 anl\u00e6gget? S\u00e5 er disse swirls den perfekte dekoration, der f\u00e5r b\u00e5de sm\u00e5 og store til at nynne med.<\/p>\n<p data-start=\"726\" data-end=\"828\"><strong data-start=\"726\" data-end=\"734\">Tip:<\/strong> Kombin\u00e9r med glittergardiner, mikrofonballoner eller neon for et ekstra <em data-start=\"807\" data-end=\"822\">popstar punch<\/em>! \ud83c\udf1f\ud83c\udfa4<\/p>\n","protected":false},"excerpt":{"rendered":"<p>Om musik swirls \u2013 sorte noder og s\u00f8lvspiraler\ud83c\udfb5 Er du klar til at s\u00e6tte festen i svingninger? Disse musikalske swirls skaber stemning med det samme \u2013 uanset om du dr\u00f8mmer om MGP-glimmer, 90\u2019er-rytmer eller en elegant aften med musikalsk tema. [&hellip;]<\/p>\n","protected":false},"featured_media":91741,"template":"","meta":{"_acf_changed":false},"product_brand":[],"product_cat":[19,31],"product_tag":[],"class_list":{"0":"post-91740","1":"product","2":"type-product","3":"status-publish","4":"has-post-thumbnail","6":"product_cat-pynt","7":"product_cat-til-loftet","9":"first","10":"instock","11":"taxable","12":"shipping-taxable","13":"purchasable","14":"product-type-simple"},"bundled_by":[],"bundle_stock_status":"instock","bundle_stock_quantity":141,"bundle_virtual":false,"bundle_layout":"","bundle_add_to_cart_form_location":"","bundle_editable_in_cart":false,"bundle_sold_individually_context":"","bundle_item_grouping":"","bundle_min_size":"","bundle_max_size":"","bundle_price":[],"bundled_items":[],"bundle_sell_ids":[],"acf":[],"tiered_pricing_type":"fixed","tiered_pricing_fixed_rules":[],"tiered_pricing_product_settings":{"layout":"default","base_unit_name":{"singular":null,"plural":null},"default_variation":null},"tiered_pricing_minimum_quantity":null,"tiered_pricing_roles_data":[],"tiered_pricing_percentage_rules":[],"tiered_pricing_maximum_quantity":null,"tiered_pricing_quantity_step":null,"_links":{"self":[{"href":"https:\/\/partyinabox.dk\/party\/wp-json\/wp\/v2\/product\/91740","targetHints":{"allow":["GET"]}}],"collection":[{"href":"https:\/\/partyinabox.dk\/party\/wp-json\/wp\/v2\/product"}],"about":[{"href":"https:\/\/partyinabox.dk\/party\/wp-json\/wp\/v2\/types\/product"}],"wp:featuredmedia":[{"embeddable":true,"href":"https:\/\/partyinabox.dk\/party\/wp-json\/wp\/v2\/media\/91741"}],"wp:attachment":[{"href":"https:\/\/partyinabox.dk\/party\/wp-json\/wp\/v2\/media?parent=91740"}],"wp:term":[{"taxonomy":"product_brand","embeddable":true,"href":"https:\/\/partyinabox.dk\/party\/wp-json\/wp\/v2\/product_brand?post=91740"},{"taxonomy":"product_cat","embeddable":true,"href":"https:\/\/partyinabox.dk\/party\/wp-json\/wp\/v2\/product_cat?post=91740"},{"taxonomy":"product_tag","embeddable":true,"href":"https:\/\/partyinabox.dk\/party\/wp-json\/wp\/v2\/product_tag?post=91740"}],"curies":[{"name":"wp","href":"https:\/\/api.w.org\/{rel}","templated":true}]}}