{"id":91690,"date":"2025-07-30T09:19:28","date_gmt":"2025-07-30T07:19:28","guid":{"rendered":"https:\/\/partyinabox.dk\/party\/?post_type=product&#038;p=91690"},"modified":"2026-03-19T09:13:45","modified_gmt":"2026-03-19T08:13:45","slug":"flagermus-swirls","status":"publish","type":"product","link":"https:\/\/partyinabox.dk\/party\/vare\/flagermus-swirls\/","title":{"rendered":"Flagermus swirls"},"content":{"rendered":"<p data-start=\"86\" data-end=\"154\">\ud83e\udd87 <strong data-start=\"89\" data-end=\"152\">Flagermus swirls \u2013 h\u00e6ng uhyggen (eller helten) op i loftet!<\/strong><\/p>\n<p data-start=\"156\" data-end=\"417\">Lad disse sorte swirls sno sig ned fra loftet og skabe dramatisk stemning \u2013 uanset om du g\u00e5r all-in p\u00e5 halloween eller fejrer din yndlings-superhelt! De elegante spiraler og sv\u00e6vende flagermus er perfekte til at s\u00e6tte scenen for b\u00e5de (u)hygge og helte-action.<\/p>\n<ul data-start=\"419\" data-end=\"651\">\n<li data-start=\"419\" data-end=\"466\">\n<p data-start=\"421\" data-end=\"466\">Pakke med b\u00e5de swirls med og uden flagermus<\/p>\n<\/li>\n<li data-start=\"467\" data-end=\"519\">\n<p data-start=\"469\" data-end=\"519\">Klar til brug \u2013 nem at h\u00e6nge op og tage ned igen<\/p>\n<\/li>\n<li data-start=\"520\" data-end=\"587\">\n<p data-start=\"522\" data-end=\"587\">Perfekt til halloween, batman-temafest eller spooky f\u00f8dselsdage<\/p>\n<\/li>\n<li data-start=\"588\" data-end=\"651\">\n<p data-start=\"590\" data-end=\"651\">Giver flot effekt over fx festbord, indgang eller dansegulv<\/p>\n<\/li>\n<\/ul>\n<p data-start=\"653\" data-end=\"765\">\ud83c\udf83 <em data-start=\"69\" data-end=\"75\">Tip:<\/em> Kombin\u00e9r med lys, sorte balloner og spindelv\u00e6v for et ekstra uhyggeligt look \u2013 som taget ud af et flagermusrede i en forladt villa! \ud83d\udd78\ufe0f\ud83e\udd87\ud83d\udc7b<\/p>\n","protected":false},"excerpt":{"rendered":"<p>\ud83e\udd87 Flagermus swirls \u2013 h\u00e6ng uhyggen (eller helten) op i loftet! Lad disse sorte swirls sno sig ned fra loftet og skabe dramatisk stemning \u2013 uanset om du g\u00e5r all-in p\u00e5 halloween eller fejrer din yndlings-superhelt! De elegante spiraler og [&hellip;]<\/p>\n","protected":false},"featured_media":91693,"template":"","meta":{"_acf_changed":false},"product_brand":[],"product_cat":[19,31],"product_tag":[],"class_list":{"0":"post-91690","1":"product","2":"type-product","3":"status-publish","4":"has-post-thumbnail","6":"product_cat-pynt","7":"product_cat-til-loftet","9":"first","10":"instock","11":"taxable","12":"shipping-taxable","13":"purchasable","14":"product-type-simple"},"bundled_by":[],"bundle_stock_status":"instock","bundle_stock_quantity":128,"bundle_virtual":false,"bundle_layout":"","bundle_add_to_cart_form_location":"","bundle_editable_in_cart":false,"bundle_sold_individually_context":"","bundle_item_grouping":"","bundle_min_size":"","bundle_max_size":"","bundle_price":[],"bundled_items":[],"bundle_sell_ids":[],"acf":[],"tiered_pricing_type":"fixed","tiered_pricing_fixed_rules":[],"tiered_pricing_product_settings":{"layout":"default","base_unit_name":{"singular":null,"plural":null},"default_variation":null},"tiered_pricing_minimum_quantity":null,"tiered_pricing_roles_data":[],"tiered_pricing_percentage_rules":[],"tiered_pricing_maximum_quantity":null,"tiered_pricing_quantity_step":null,"_links":{"self":[{"href":"https:\/\/partyinabox.dk\/party\/wp-json\/wp\/v2\/product\/91690","targetHints":{"allow":["GET"]}}],"collection":[{"href":"https:\/\/partyinabox.dk\/party\/wp-json\/wp\/v2\/product"}],"about":[{"href":"https:\/\/partyinabox.dk\/party\/wp-json\/wp\/v2\/types\/product"}],"wp:featuredmedia":[{"embeddable":true,"href":"https:\/\/partyinabox.dk\/party\/wp-json\/wp\/v2\/media\/91693"}],"wp:attachment":[{"href":"https:\/\/partyinabox.dk\/party\/wp-json\/wp\/v2\/media?parent=91690"}],"wp:term":[{"taxonomy":"product_brand","embeddable":true,"href":"https:\/\/partyinabox.dk\/party\/wp-json\/wp\/v2\/product_brand?post=91690"},{"taxonomy":"product_cat","embeddable":true,"href":"https:\/\/partyinabox.dk\/party\/wp-json\/wp\/v2\/product_cat?post=91690"},{"taxonomy":"product_tag","embeddable":true,"href":"https:\/\/partyinabox.dk\/party\/wp-json\/wp\/v2\/product_tag?post=91690"}],"curies":[{"name":"wp","href":"https:\/\/api.w.org\/{rel}","templated":true}]}}