{"id":91198,"date":"2025-07-18T00:00:00","date_gmt":"2025-07-17T22:00:00","guid":{"rendered":"https:\/\/partyinabox.dk\/party\/?post_type=product&#038;p=91198"},"modified":"2026-03-24T13:37:51","modified_gmt":"2026-03-24T12:37:51","slug":"edderkoppespind-roset","status":"publish","type":"product","link":"https:\/\/partyinabox.dk\/party\/vare\/edderkoppespind-roset\/","title":{"rendered":"Edderkoppespind rosetter"},"content":{"rendered":"<p data-start=\"0\" data-end=\"55\">\ud83d\udd78\ufe0f <strong data-start=\"4\" data-end=\"55\">Dekorationsroset \u2013 edderkoppespind<\/strong><\/p>\n<p data-start=\"57\" data-end=\"242\">Lad uhyggen sprede sig elegant med denne sorte edderkoppespind-roset! Den dramatiske papirroset folder sig ud som et k\u00e6mpe spind og er den perfekte prik over i\u2019et til din halloweenpynt.<\/p>\n<p data-start=\"244\" data-end=\"382\">Rosetten har en diameter p\u00e5 ca. 50 cm og samles nemt med clips \u2013 helt uden lim eller besv\u00e6r. Og det bedste? Den kan genbruges \u00e5r efter \u00e5r!<\/p>\n<p data-start=\"384\" data-end=\"504\">\ud83c\udf83 <strong data-start=\"387\" data-end=\"400\">Detaljer:<\/strong><br data-start=\"400\" data-end=\"403\" \/>\u2022 Farve: Sort<br data-start=\"416\" data-end=\"419\" \/>\u2022 Materiale: Papir<br data-start=\"437\" data-end=\"440\" data-is-only-node=\"\" \/>\u2022 Diameter: 50 cm<br data-start=\"457\" data-end=\"460\" \/>\u2022 Nem at samle med clips<br data-start=\"484\" data-end=\"487\" \/>\u2022 Genanvendelig<\/p>\n<p data-start=\"506\" data-end=\"592\" data-is-last-node=\"\" data-is-only-node=\"\">Perfekt til at h\u00e6nge i loftet, vinduet eller som uhyggelig baggrund til festens fotos!<\/p>\n","protected":false},"excerpt":{"rendered":"<p>\ud83d\udd78\ufe0f Dekorationsroset \u2013 edderkoppespind Lad uhyggen sprede sig elegant med denne sorte edderkoppespind-roset! Den dramatiske papirroset folder sig ud som et k\u00e6mpe spind og er den perfekte prik over i\u2019et til din halloweenpynt. Rosetten har en diameter p\u00e5 ca. 50 [&hellip;]<\/p>\n","protected":false},"featured_media":91199,"template":"","meta":{"_acf_changed":false},"product_brand":[],"product_cat":[19],"product_tag":[],"class_list":{"0":"post-91198","1":"product","2":"type-product","3":"status-publish","4":"has-post-thumbnail","6":"product_cat-pynt","8":"first","9":"instock","10":"taxable","11":"shipping-taxable","12":"purchasable","13":"product-type-simple"},"bundled_by":[],"bundle_stock_status":"instock","bundle_stock_quantity":224,"bundle_virtual":false,"bundle_layout":"","bundle_add_to_cart_form_location":"","bundle_editable_in_cart":false,"bundle_sold_individually_context":"","bundle_item_grouping":"","bundle_min_size":"","bundle_max_size":"","bundle_price":[],"bundled_items":[],"bundle_sell_ids":[],"acf":[],"tiered_pricing_type":"fixed","tiered_pricing_fixed_rules":[],"tiered_pricing_product_settings":{"layout":"default","base_unit_name":{"singular":null,"plural":null},"default_variation":null},"tiered_pricing_minimum_quantity":null,"tiered_pricing_roles_data":[],"tiered_pricing_percentage_rules":[],"tiered_pricing_maximum_quantity":null,"tiered_pricing_quantity_step":null,"_links":{"self":[{"href":"https:\/\/partyinabox.dk\/party\/wp-json\/wp\/v2\/product\/91198","targetHints":{"allow":["GET"]}}],"collection":[{"href":"https:\/\/partyinabox.dk\/party\/wp-json\/wp\/v2\/product"}],"about":[{"href":"https:\/\/partyinabox.dk\/party\/wp-json\/wp\/v2\/types\/product"}],"wp:featuredmedia":[{"embeddable":true,"href":"https:\/\/partyinabox.dk\/party\/wp-json\/wp\/v2\/media\/91199"}],"wp:attachment":[{"href":"https:\/\/partyinabox.dk\/party\/wp-json\/wp\/v2\/media?parent=91198"}],"wp:term":[{"taxonomy":"product_brand","embeddable":true,"href":"https:\/\/partyinabox.dk\/party\/wp-json\/wp\/v2\/product_brand?post=91198"},{"taxonomy":"product_cat","embeddable":true,"href":"https:\/\/partyinabox.dk\/party\/wp-json\/wp\/v2\/product_cat?post=91198"},{"taxonomy":"product_tag","embeddable":true,"href":"https:\/\/partyinabox.dk\/party\/wp-json\/wp\/v2\/product_tag?post=91198"}],"curies":[{"name":"wp","href":"https:\/\/api.w.org\/{rel}","templated":true}]}}