{"id":91180,"date":"2025-07-17T11:05:01","date_gmt":"2025-07-17T09:05:01","guid":{"rendered":"https:\/\/partyinabox.dk\/party\/?post_type=product&#038;p=91180"},"modified":"2026-03-25T09:41:04","modified_gmt":"2026-03-25T08:41:04","slug":"halloween-ballon-m-graeskar-udtryk","status":"publish","type":"product","link":"https:\/\/partyinabox.dk\/party\/vare\/halloween-ballon-m-graeskar-udtryk\/","title":{"rendered":"Halloween ballon m\/gr\u00e6skar udtryk"},"content":{"rendered":"<hr data-start=\"61\" data-end=\"64\" \/>\n<p data-start=\"66\" data-end=\"118\">\ud83c\udf83 <strong data-start=\"69\" data-end=\"116\">Halloween balloner med gr\u00e6skarmotiv \u2013 6 stk.<\/strong><\/p>\n<p data-start=\"120\" data-end=\"280\">S\u00e6t den (u)hyggelige stemning med disse halloween-balloner med klassisk Jack O&#8217;Lantern-smil! Perfekte til b\u00e5de b\u00f8rnefest, halloweenhygge og spooky udsmykning.<\/p>\n<p data-start=\"282\" data-end=\"455\">Du f\u00e5r 6 st\u00e6rke latexballoner i tre farver \u2013 sort, mandarin-orange og lys fersken \u2013 alle med dobbeltsidet gr\u00e6skaransigt, s\u00e5 det uhyggelige udtryk kan ses fra alle vinkler.<\/p>\n<p data-start=\"457\" data-end=\"631\">\ud83c\udf88 <strong data-start=\"460\" data-end=\"473\">Detaljer:<\/strong><br data-start=\"473\" data-end=\"476\" \/>\u2022 St\u00f8rrelse: ca. 30 cm<br data-start=\"498\" data-end=\"501\" \/>\u2022 Farver: Sort, mandarin orange og light peach<br data-start=\"569\" data-end=\"572\" \/>\u2022 Antal: 6 stk.<br data-start=\"587\" data-end=\"590\" \/>\u2022 Dobbeltsidet tryk for maksimal uhygge<\/p>\n<p data-start=\"633\" data-end=\"758\" data-is-last-node=\"\" data-is-only-node=\"\">Knyt dem sammen i en buket, h\u00e6ng dem op i loftet eller fordel dem i hele rummet \u2013 og vupti, s\u00e5 er halloweenstemningen sikret!<\/p>\n","protected":false},"excerpt":{"rendered":"<p>\ud83c\udf83 Halloween balloner med gr\u00e6skarmotiv \u2013 6 stk. S\u00e6t den (u)hyggelige stemning med disse halloween-balloner med klassisk Jack O&#8217;Lantern-smil! Perfekte til b\u00e5de b\u00f8rnefest, halloweenhygge og spooky udsmykning. Du f\u00e5r 6 st\u00e6rke latexballoner i tre farver \u2013 sort, mandarin-orange og lys [&hellip;]<\/p>\n","protected":false},"featured_media":91181,"template":"","meta":{"_acf_changed":false},"product_brand":[],"product_cat":[30],"product_tag":[],"class_list":{"0":"post-91180","1":"product","2":"type-product","3":"status-publish","4":"has-post-thumbnail","6":"product_cat-balloner","8":"first","9":"instock","10":"taxable","11":"shipping-taxable","12":"purchasable","13":"product-type-simple"},"bundled_by":[],"bundle_stock_status":"instock","bundle_stock_quantity":8,"bundle_virtual":false,"bundle_layout":"","bundle_add_to_cart_form_location":"","bundle_editable_in_cart":false,"bundle_sold_individually_context":"","bundle_item_grouping":"","bundle_min_size":"","bundle_max_size":"","bundle_price":[],"bundled_items":[],"bundle_sell_ids":[],"acf":[],"tiered_pricing_type":"fixed","tiered_pricing_fixed_rules":[],"tiered_pricing_product_settings":{"layout":"default","base_unit_name":{"singular":null,"plural":null},"default_variation":null},"tiered_pricing_minimum_quantity":null,"tiered_pricing_roles_data":[],"tiered_pricing_percentage_rules":[],"tiered_pricing_maximum_quantity":null,"tiered_pricing_quantity_step":null,"_links":{"self":[{"href":"https:\/\/partyinabox.dk\/party\/wp-json\/wp\/v2\/product\/91180","targetHints":{"allow":["GET"]}}],"collection":[{"href":"https:\/\/partyinabox.dk\/party\/wp-json\/wp\/v2\/product"}],"about":[{"href":"https:\/\/partyinabox.dk\/party\/wp-json\/wp\/v2\/types\/product"}],"wp:featuredmedia":[{"embeddable":true,"href":"https:\/\/partyinabox.dk\/party\/wp-json\/wp\/v2\/media\/91181"}],"wp:attachment":[{"href":"https:\/\/partyinabox.dk\/party\/wp-json\/wp\/v2\/media?parent=91180"}],"wp:term":[{"taxonomy":"product_brand","embeddable":true,"href":"https:\/\/partyinabox.dk\/party\/wp-json\/wp\/v2\/product_brand?post=91180"},{"taxonomy":"product_cat","embeddable":true,"href":"https:\/\/partyinabox.dk\/party\/wp-json\/wp\/v2\/product_cat?post=91180"},{"taxonomy":"product_tag","embeddable":true,"href":"https:\/\/partyinabox.dk\/party\/wp-json\/wp\/v2\/product_tag?post=91180"}],"curies":[{"name":"wp","href":"https:\/\/api.w.org\/{rel}","templated":true}]}}