{"id":91064,"date":"2025-07-14T14:40:50","date_gmt":"2025-07-14T12:40:50","guid":{"rendered":"https:\/\/partyinabox.dk\/party\/?post_type=product&#038;p=91064"},"modified":"2026-04-05T12:11:58","modified_gmt":"2026-04-05T10:11:58","slug":"personlig-trick-or-treat-pose","status":"publish","type":"product","link":"https:\/\/partyinabox.dk\/party\/vare\/personlig-trick-or-treat-pose\/","title":{"rendered":"Personlig &#8220;Trick or Treat&#8221; pose"},"content":{"rendered":"<p data-start=\"72\" data-end=\"115\">\ud83c\udf83 <strong data-start=\"75\" data-end=\"113\">Om Halloween heksekedel partyposer<\/strong><\/p>\n<p data-start=\"117\" data-end=\"293\">Skal du holde en (u)hyggelig Halloween-fest? Disse seje heksekedel-partyposer er det perfekte valg som <em data-start=\"220\" data-end=\"236\">trick or treat<\/em>-poser til b\u00f8rn, der vil samle deres uhyggelige fangst!<\/p>\n<p data-start=\"295\" data-end=\"567\">De sorte poser er designet som boblende heksegryder med detaljer i guld og hvid, der straks skaber en magisk stemning. Med m\u00e5lene 27 x 21,5 cm er der god plads til alt fra slik og sm\u00e5 gaver til sjove overraskelser \u2013 klar til en aften fuld af slikjagt og halloween-hygge.<\/p>\n<p data-start=\"569\" data-end=\"797\">\u2728 <strong data-start=\"571\" data-end=\"595\">Ekstra sjov detalje:<\/strong><br data-start=\"595\" data-end=\"598\" \/>Hver pakke indeholder 4 ark gyldne klisterm\u00e6rker, s\u00e5 du kan skrive navn p\u00e5 og g\u00f8re hver pose personlig. Perfekt som <em data-start=\"714\" data-end=\"730\">trick or treat<\/em>-pose eller goodiebag til b\u00e5de b\u00f8rn og voksne hekse og troldm\u00e6nd!<\/p>\n<p data-start=\"799\" data-end=\"961\">\ud83d\udd78 <strong data-start=\"802\" data-end=\"810\">Tip:<\/strong> Fyld poserne med slik og del dem ud til sm\u00e5 (og store) monstre, der banker p\u00e5 d\u00f8ren, eller brug dem som del af bordd\u00e6kningen til din halloween-fest.<\/p>\n<p data-start=\"963\" data-end=\"1042\" data-is-last-node=\"\" data-is-only-node=\"\">G\u00f8r festen ekstra mindev\u00e6rdig med disse flotte og magiske halloween-partyposer!<\/p>\n","protected":false},"excerpt":{"rendered":"<p>\ud83c\udf83 Om Halloween heksekedel partyposer Skal du holde en (u)hyggelig Halloween-fest? Disse seje heksekedel-partyposer er det perfekte valg som trick or treat-poser til b\u00f8rn, der vil samle deres uhyggelige fangst! De sorte poser er designet som boblende heksegryder med detaljer [&hellip;]<\/p>\n","protected":false},"featured_media":91065,"template":"","meta":{"_acf_changed":false},"product_brand":[],"product_cat":[34],"product_tag":[],"class_list":{"0":"post-91064","1":"product","2":"type-product","3":"status-publish","4":"has-post-thumbnail","6":"product_cat-accessories","8":"first","9":"instock","10":"taxable","11":"shipping-taxable","12":"purchasable","13":"product-type-simple"},"bundled_by":[],"bundle_stock_status":"instock","bundle_stock_quantity":42,"bundle_virtual":false,"bundle_layout":"","bundle_add_to_cart_form_location":"","bundle_editable_in_cart":false,"bundle_sold_individually_context":"","bundle_item_grouping":"","bundle_min_size":"","bundle_max_size":"","bundle_price":[],"bundled_items":[],"bundle_sell_ids":[],"acf":[],"tiered_pricing_type":"fixed","tiered_pricing_fixed_rules":[],"tiered_pricing_product_settings":{"layout":"default","base_unit_name":{"singular":null,"plural":null},"default_variation":null},"tiered_pricing_minimum_quantity":null,"tiered_pricing_roles_data":[],"tiered_pricing_percentage_rules":[],"tiered_pricing_maximum_quantity":null,"tiered_pricing_quantity_step":null,"_links":{"self":[{"href":"https:\/\/partyinabox.dk\/party\/wp-json\/wp\/v2\/product\/91064","targetHints":{"allow":["GET"]}}],"collection":[{"href":"https:\/\/partyinabox.dk\/party\/wp-json\/wp\/v2\/product"}],"about":[{"href":"https:\/\/partyinabox.dk\/party\/wp-json\/wp\/v2\/types\/product"}],"wp:featuredmedia":[{"embeddable":true,"href":"https:\/\/partyinabox.dk\/party\/wp-json\/wp\/v2\/media\/91065"}],"wp:attachment":[{"href":"https:\/\/partyinabox.dk\/party\/wp-json\/wp\/v2\/media?parent=91064"}],"wp:term":[{"taxonomy":"product_brand","embeddable":true,"href":"https:\/\/partyinabox.dk\/party\/wp-json\/wp\/v2\/product_brand?post=91064"},{"taxonomy":"product_cat","embeddable":true,"href":"https:\/\/partyinabox.dk\/party\/wp-json\/wp\/v2\/product_cat?post=91064"},{"taxonomy":"product_tag","embeddable":true,"href":"https:\/\/partyinabox.dk\/party\/wp-json\/wp\/v2\/product_tag?post=91064"}],"curies":[{"name":"wp","href":"https:\/\/api.w.org\/{rel}","templated":true}]}}