{"id":90814,"date":"2025-07-07T15:17:39","date_gmt":"2025-07-07T13:17:39","guid":{"rendered":"https:\/\/partyinabox.dk\/party\/?post_type=product&#038;p=90814"},"modified":"2026-03-29T16:45:17","modified_gmt":"2026-03-29T14:45:17","slug":"sort-lysestage-m-gren-og-ravn","status":"publish","type":"product","link":"https:\/\/partyinabox.dk\/party\/vare\/sort-lysestage-m-gren-og-ravn\/","title":{"rendered":"Sort lysestage m\/gren og ravn"},"content":{"rendered":"<p data-start=\"66\" data-end=\"121\">\ud83c\udf83 <strong data-start=\"69\" data-end=\"117\">Sort halloween lysestage med ravn og tr\u00e6gren<\/strong> \ud83d\udd6f\ufe0f<\/p>\n<p data-start=\"123\" data-end=\"330\">Skab en uhyggelig og fortryllende stemning ved halloweenbordet med denne detaljerede lysestage udformet som en m\u00f8rk, snoet gren \u2013 komplet med en sort ravn og et mystisk \u00f8je, der holder \u00f8je med dine g\u00e6ster.<\/p>\n<p data-start=\"332\" data-end=\"345\"><strong data-start=\"332\" data-end=\"345\">Detaljer:<\/strong><\/p>\n<ul data-start=\"346\" data-end=\"467\">\n<li data-start=\"346\" data-end=\"368\">\n<p data-start=\"348\" data-end=\"368\">M\u00e5l: 42 x 10 x 18 cm<\/p>\n<\/li>\n<li data-start=\"369\" data-end=\"416\">\n<p data-start=\"371\" data-end=\"416\">Materiale: Sort polyresin med flotte detaljer<\/p>\n<\/li>\n<li data-start=\"417\" data-end=\"467\">\n<p data-start=\"419\" data-end=\"467\">Plads til op til 5 kronelys (lys medf\u00f8lger ikke)<\/p>\n<\/li>\n<\/ul>\n<p data-start=\"469\" data-end=\"738\">Denne dramatiske stage er perfekt som midtpunkt p\u00e5 middagsbordet, p\u00e5 kaminhylden eller ved indgangen til at byde g\u00e6ster velkommen til en aften i uhygge og eventyr. Brug den sammen med m\u00f8rke stearinlys for at fuldende looket og g\u00f8re halloweenfesten helt uforglemmelig.<\/p>\n<p data-start=\"740\" data-end=\"837\" data-is-last-node=\"\" data-is-only-node=\"\">\u2728 <strong data-start=\"742\" data-end=\"750\">Tip:<\/strong> Kombin\u00e9r med kunstige spindelv\u00e6v, mos og sm\u00e5 gr\u00e6skar for et fuldendt halloweenunivers.<\/p>\n","protected":false},"excerpt":{"rendered":"<p>\ud83c\udf83 Sort halloween lysestage med ravn og tr\u00e6gren \ud83d\udd6f\ufe0f Skab en uhyggelig og fortryllende stemning ved halloweenbordet med denne detaljerede lysestage udformet som en m\u00f8rk, snoet gren \u2013 komplet med en sort ravn og et mystisk \u00f8je, der holder \u00f8je [&hellip;]<\/p>\n","protected":false},"featured_media":90815,"template":"","meta":{"_acf_changed":false},"product_brand":[],"product_cat":[32],"product_tag":[],"class_list":{"0":"post-90814","1":"product","2":"type-product","3":"status-publish","4":"has-post-thumbnail","6":"product_cat-service","8":"first","9":"instock","10":"taxable","11":"shipping-taxable","12":"purchasable","13":"product-type-simple"},"bundled_by":[],"bundle_stock_status":"instock","bundle_stock_quantity":14,"bundle_virtual":false,"bundle_layout":"","bundle_add_to_cart_form_location":"","bundle_editable_in_cart":false,"bundle_sold_individually_context":"","bundle_item_grouping":"","bundle_min_size":"","bundle_max_size":"","bundle_price":[],"bundled_items":[],"bundle_sell_ids":[],"acf":[],"tiered_pricing_type":"fixed","tiered_pricing_fixed_rules":[],"tiered_pricing_product_settings":{"layout":"default","base_unit_name":{"singular":null,"plural":null},"default_variation":null},"tiered_pricing_minimum_quantity":null,"tiered_pricing_roles_data":[],"tiered_pricing_percentage_rules":[],"tiered_pricing_maximum_quantity":null,"tiered_pricing_quantity_step":null,"_links":{"self":[{"href":"https:\/\/partyinabox.dk\/party\/wp-json\/wp\/v2\/product\/90814","targetHints":{"allow":["GET"]}}],"collection":[{"href":"https:\/\/partyinabox.dk\/party\/wp-json\/wp\/v2\/product"}],"about":[{"href":"https:\/\/partyinabox.dk\/party\/wp-json\/wp\/v2\/types\/product"}],"wp:featuredmedia":[{"embeddable":true,"href":"https:\/\/partyinabox.dk\/party\/wp-json\/wp\/v2\/media\/90815"}],"wp:attachment":[{"href":"https:\/\/partyinabox.dk\/party\/wp-json\/wp\/v2\/media?parent=90814"}],"wp:term":[{"taxonomy":"product_brand","embeddable":true,"href":"https:\/\/partyinabox.dk\/party\/wp-json\/wp\/v2\/product_brand?post=90814"},{"taxonomy":"product_cat","embeddable":true,"href":"https:\/\/partyinabox.dk\/party\/wp-json\/wp\/v2\/product_cat?post=90814"},{"taxonomy":"product_tag","embeddable":true,"href":"https:\/\/partyinabox.dk\/party\/wp-json\/wp\/v2\/product_tag?post=90814"}],"curies":[{"name":"wp","href":"https:\/\/api.w.org\/{rel}","templated":true}]}}