{"id":90545,"date":"2025-06-30T14:12:19","date_gmt":"2025-06-30T12:12:19","guid":{"rendered":"https:\/\/partyinabox.dk\/party\/?post_type=product&#038;p=90545"},"modified":"2026-04-08T09:53:42","modified_gmt":"2026-04-08T07:53:42","slug":"stitch-folie-ballon","status":"publish","type":"product","link":"https:\/\/partyinabox.dk\/party\/vare\/stitch-folie-ballon\/","title":{"rendered":"Stitch\u00ae folie ballon"},"content":{"rendered":"<p data-start=\"118\" data-end=\"168\">\ud83c\udf88 <strong data-start=\"121\" data-end=\"163\">Stitch folieballon <\/strong>\ud83c\udf88<\/p>\n<p data-start=\"170\" data-end=\"432\">Invit\u00e9r den sk\u00f8reste og s\u00f8deste bl\u00e5 ven med til festen! Denne store folieballon med Stitch skaber straks en sjov og legende stemning, der f\u00e5r alle til at smile. Perfekt til b\u00f8rnef\u00f8dselsdag, temafest eller bare som en ekstra overraskelse til en \u00e6gte Stitch-fan.<\/p>\n<ul data-start=\"434\" data-end=\"610\">\n<li data-start=\"434\" data-end=\"489\">\n<p data-start=\"436\" data-end=\"489\">Supersize ballon, der fungerer som et flot blikfang<\/p>\n<\/li>\n<li data-start=\"490\" data-end=\"537\">\n<p data-start=\"492\" data-end=\"537\">Holder sig sv\u00e6vende i flere dage med helium<\/p>\n<\/li>\n<li data-start=\"538\" data-end=\"610\">\n<p data-start=\"540\" data-end=\"610\">Ideel som baggrund til billeder eller som centerpiece ved gavebordet<\/p>\n<\/li>\n<\/ul>\n<p data-start=\"612\" data-end=\"744\" data-is-last-node=\"\" data-is-only-node=\"\">\u2728 <strong data-start=\"614\" data-end=\"622\">Tip:<\/strong> H\u00e6ng ballonen i d\u00f8r\u00e5bningen eller lad den sv\u00e6ve frit i rummet \u2013 s\u00e5 er der garanti for grin, eventyr og masser af ballade!<\/p>\n","protected":false},"excerpt":{"rendered":"<p>\ud83c\udf88 Stitch folieballon \ud83c\udf88 Invit\u00e9r den sk\u00f8reste og s\u00f8deste bl\u00e5 ven med til festen! Denne store folieballon med Stitch skaber straks en sjov og legende stemning, der f\u00e5r alle til at smile. Perfekt til b\u00f8rnef\u00f8dselsdag, temafest eller bare som en [&hellip;]<\/p>\n","protected":false},"featured_media":90546,"template":"","meta":{"_acf_changed":false},"product_brand":[],"product_cat":[30],"product_tag":[],"class_list":{"0":"post-90545","1":"product","2":"type-product","3":"status-publish","4":"has-post-thumbnail","6":"product_cat-balloner","8":"first","9":"instock","10":"taxable","11":"shipping-taxable","12":"purchasable","13":"product-type-simple"},"bundled_by":[],"bundle_stock_status":"instock","bundle_stock_quantity":19,"bundle_virtual":false,"bundle_layout":"","bundle_add_to_cart_form_location":"","bundle_editable_in_cart":false,"bundle_sold_individually_context":"","bundle_item_grouping":"","bundle_min_size":"","bundle_max_size":"","bundle_price":[],"bundled_items":[],"bundle_sell_ids":[],"acf":[],"tiered_pricing_type":"fixed","tiered_pricing_fixed_rules":[],"tiered_pricing_product_settings":{"layout":"default","base_unit_name":{"singular":null,"plural":null},"default_variation":null},"tiered_pricing_minimum_quantity":null,"tiered_pricing_roles_data":[],"tiered_pricing_percentage_rules":[],"tiered_pricing_maximum_quantity":null,"tiered_pricing_quantity_step":null,"_links":{"self":[{"href":"https:\/\/partyinabox.dk\/party\/wp-json\/wp\/v2\/product\/90545","targetHints":{"allow":["GET"]}}],"collection":[{"href":"https:\/\/partyinabox.dk\/party\/wp-json\/wp\/v2\/product"}],"about":[{"href":"https:\/\/partyinabox.dk\/party\/wp-json\/wp\/v2\/types\/product"}],"wp:featuredmedia":[{"embeddable":true,"href":"https:\/\/partyinabox.dk\/party\/wp-json\/wp\/v2\/media\/90546"}],"wp:attachment":[{"href":"https:\/\/partyinabox.dk\/party\/wp-json\/wp\/v2\/media?parent=90545"}],"wp:term":[{"taxonomy":"product_brand","embeddable":true,"href":"https:\/\/partyinabox.dk\/party\/wp-json\/wp\/v2\/product_brand?post=90545"},{"taxonomy":"product_cat","embeddable":true,"href":"https:\/\/partyinabox.dk\/party\/wp-json\/wp\/v2\/product_cat?post=90545"},{"taxonomy":"product_tag","embeddable":true,"href":"https:\/\/partyinabox.dk\/party\/wp-json\/wp\/v2\/product_tag?post=90545"}],"curies":[{"name":"wp","href":"https:\/\/api.w.org\/{rel}","templated":true}]}}