{"id":90543,"date":"2025-06-30T14:01:43","date_gmt":"2025-06-30T12:01:43","guid":{"rendered":"https:\/\/partyinabox.dk\/party\/?post_type=product&#038;p=90543"},"modified":"2026-04-01T13:44:45","modified_gmt":"2026-04-01T11:44:45","slug":"blaa-aarets-student-ballon","status":"publish","type":"product","link":"https:\/\/partyinabox.dk\/party\/vare\/blaa-aarets-student-ballon\/","title":{"rendered":"Bl\u00e5 &#8220;\u00e5rets student&#8221; ballon"},"content":{"rendered":"<p data-start=\"87\" data-end=\"133\">\ud83c\udf93\ud83c\udf88 <strong data-start=\"92\" data-end=\"126\">Balloner \u201c\u00c5rets Student\u201d \u2013 Bl\u00e5<\/strong> \ud83c\udf93\ud83c\udf88<\/p>\n<p data-start=\"135\" data-end=\"447\">Skab den perfekte ramme for \u00e5rets studenterfest med disse flotte bl\u00e5 balloner med teksten \u201c\u00c5rets Student\u201d! Ballonerne er det oplagte valg til at bringe festlighed og farve til studenterk\u00f8rsel, havefesten eller studenterbordet \u2013 og de er med til at fejre alle de store \u00f8jeblikke, der h\u00f8rer studentertiden til \ud83c\udf89<\/p>\n<p data-start=\"449\" data-end=\"467\">\ud83c\udf88 <strong data-start=\"452\" data-end=\"465\">Detaljer:<\/strong><\/p>\n<ul data-start=\"468\" data-end=\"546\">\n<li data-start=\"468\" data-end=\"482\">\n<p data-start=\"470\" data-end=\"482\">Farve: Bl\u00e5<\/p>\n<\/li>\n<li data-start=\"483\" data-end=\"509\">\n<p data-start=\"485\" data-end=\"509\">Tekst: \u201c\u00c5rets Student\u201d<\/p>\n<\/li>\n<li data-start=\"510\" data-end=\"546\">\n<p data-start=\"512\" data-end=\"546\">Kan fyldes med luft eller helium<\/p>\n<\/li>\n<\/ul>\n<p data-start=\"548\" data-end=\"806\">Brug ballonerne til at dekorere haven, skabe stemning til middagen eller s\u00e6tte prikken over i\u2019et p\u00e5 studenterk\u00f8rslen. De er perfekte til at skabe en festlig atmosf\u00e6re fyldt med stolthed og gl\u00e6de \u2013 klar til at fejre en dag, der kun sker \u00e9n gang i livet \ud83e\udd42\ud83c\udf93<\/p>\n<p data-start=\"808\" data-end=\"929\" data-is-last-node=\"\" data-is-only-node=\"\">Lad ballonerne v\u00e6re en farverig og stemningsfuld del af fejringen, og marker denne uforglemmelige dag p\u00e5 smukkeste vis \ud83d\udc99<\/p>\n","protected":false},"excerpt":{"rendered":"<p>\ud83c\udf93\ud83c\udf88 Balloner \u201c\u00c5rets Student\u201d \u2013 Bl\u00e5 \ud83c\udf93\ud83c\udf88 Skab den perfekte ramme for \u00e5rets studenterfest med disse flotte bl\u00e5 balloner med teksten \u201c\u00c5rets Student\u201d! Ballonerne er det oplagte valg til at bringe festlighed og farve til studenterk\u00f8rsel, havefesten eller studenterbordet \u2013 [&hellip;]<\/p>\n","protected":false},"featured_media":90544,"template":"","meta":{"_acf_changed":false},"product_brand":[],"product_cat":[30],"product_tag":[],"class_list":{"0":"post-90543","1":"product","2":"type-product","3":"status-publish","4":"has-post-thumbnail","6":"product_cat-balloner","8":"first","9":"instock","10":"taxable","11":"shipping-taxable","12":"purchasable","13":"product-type-simple"},"bundled_by":[],"bundle_stock_status":"instock","bundle_stock_quantity":155,"bundle_virtual":false,"bundle_layout":"","bundle_add_to_cart_form_location":"","bundle_editable_in_cart":false,"bundle_sold_individually_context":"","bundle_item_grouping":"","bundle_min_size":"","bundle_max_size":"","bundle_price":[],"bundled_items":[],"bundle_sell_ids":[],"acf":[],"tiered_pricing_type":"fixed","tiered_pricing_fixed_rules":[],"tiered_pricing_product_settings":{"layout":"default","base_unit_name":{"singular":null,"plural":null},"default_variation":null},"tiered_pricing_minimum_quantity":null,"tiered_pricing_roles_data":[],"tiered_pricing_percentage_rules":[],"tiered_pricing_maximum_quantity":null,"tiered_pricing_quantity_step":null,"_links":{"self":[{"href":"https:\/\/partyinabox.dk\/party\/wp-json\/wp\/v2\/product\/90543","targetHints":{"allow":["GET"]}}],"collection":[{"href":"https:\/\/partyinabox.dk\/party\/wp-json\/wp\/v2\/product"}],"about":[{"href":"https:\/\/partyinabox.dk\/party\/wp-json\/wp\/v2\/types\/product"}],"wp:featuredmedia":[{"embeddable":true,"href":"https:\/\/partyinabox.dk\/party\/wp-json\/wp\/v2\/media\/90544"}],"wp:attachment":[{"href":"https:\/\/partyinabox.dk\/party\/wp-json\/wp\/v2\/media?parent=90543"}],"wp:term":[{"taxonomy":"product_brand","embeddable":true,"href":"https:\/\/partyinabox.dk\/party\/wp-json\/wp\/v2\/product_brand?post=90543"},{"taxonomy":"product_cat","embeddable":true,"href":"https:\/\/partyinabox.dk\/party\/wp-json\/wp\/v2\/product_cat?post=90543"},{"taxonomy":"product_tag","embeddable":true,"href":"https:\/\/partyinabox.dk\/party\/wp-json\/wp\/v2\/product_tag?post=90543"}],"curies":[{"name":"wp","href":"https:\/\/api.w.org\/{rel}","templated":true}]}}