{"id":90512,"date":"2025-06-30T09:56:05","date_gmt":"2025-06-30T07:56:05","guid":{"rendered":"https:\/\/partyinabox.dk\/party\/?post_type=product&#038;p=90512"},"modified":"2026-03-27T15:51:17","modified_gmt":"2026-03-27T14:51:17","slug":"creme-sort-happy-60-ballon-m-sloejfer","status":"publish","type":"product","link":"https:\/\/partyinabox.dk\/party\/vare\/creme-sort-happy-60-ballon-m-sloejfer\/","title":{"rendered":"Creme\/sort &#8220;happy 60&#8221; ballon m\/ sl\u00f8jfer"},"content":{"rendered":"<p data-start=\"70\" data-end=\"125\">\ud83c\udf88 Fejr den store 60-\u00e5rs dag med stil og elegance! \ud83c\udf88<\/p>\n<p data-start=\"127\" data-end=\"328\">Disse smukke latexballoner i cremehvid prydes af sort skrift med \u201cHappy 60\u201d og et fint m\u00f8nster af sm\u00e5 sl\u00f8jfer \ud83c\udf80, der tilsammen skaber en tidl\u00f8s og festlig ramme om fejringen af den runde f\u00f8dselsdag.<\/p>\n<ul data-start=\"330\" data-end=\"511\">\n<li data-start=\"330\" data-end=\"417\">\n<p data-start=\"332\" data-end=\"417\">6 stk. i en pakke<\/p>\n<\/li>\n<li data-start=\"418\" data-end=\"487\">\n<p data-start=\"420\" data-end=\"487\">Fyldes med luft eller helium (sv\u00e6vetid ca. 5\u201311 timer med helium)<\/p>\n<\/li>\n<li data-start=\"488\" data-end=\"511\">\n<p data-start=\"490\" data-end=\"511\">Diameter: ca. 30 cm<\/p>\n<\/li>\n<\/ul>\n<p data-start=\"513\" data-end=\"709\" data-is-last-node=\"\" data-is-only-node=\"\">\u2728 Tip: Brug ballonerne til at skabe elegante buketter ved bordene, pynt indgangen eller lad dem sv\u00e6ve frit i lokalet og s\u00e6tte prikken over i\u2019et p\u00e5 dagen. En smuk m\u00e5de at markere 60 fantastiske \u00e5r!<\/p>\n","protected":false},"excerpt":{"rendered":"<p>\ud83c\udf88 Fejr den store 60-\u00e5rs dag med stil og elegance! \ud83c\udf88 Disse smukke latexballoner i cremehvid prydes af sort skrift med \u201cHappy 60\u201d og et fint m\u00f8nster af sm\u00e5 sl\u00f8jfer \ud83c\udf80, der tilsammen skaber en tidl\u00f8s og festlig ramme om [&hellip;]<\/p>\n","protected":false},"featured_media":90514,"template":"","meta":{"_acf_changed":false},"product_brand":[],"product_cat":[30],"product_tag":[],"class_list":{"0":"post-90512","1":"product","2":"type-product","3":"status-publish","4":"has-post-thumbnail","6":"product_cat-balloner","8":"first","9":"instock","10":"taxable","11":"shipping-taxable","12":"purchasable","13":"product-type-simple"},"bundled_by":[],"bundle_stock_status":"instock","bundle_stock_quantity":15,"bundle_virtual":false,"bundle_layout":"","bundle_add_to_cart_form_location":"","bundle_editable_in_cart":false,"bundle_sold_individually_context":"","bundle_item_grouping":"","bundle_min_size":"","bundle_max_size":"","bundle_price":[],"bundled_items":[],"bundle_sell_ids":[],"acf":[],"tiered_pricing_type":"fixed","tiered_pricing_fixed_rules":[],"tiered_pricing_product_settings":{"layout":"default","base_unit_name":{"singular":null,"plural":null},"default_variation":null},"tiered_pricing_minimum_quantity":null,"tiered_pricing_roles_data":[],"tiered_pricing_percentage_rules":[],"tiered_pricing_maximum_quantity":null,"tiered_pricing_quantity_step":null,"_links":{"self":[{"href":"https:\/\/partyinabox.dk\/party\/wp-json\/wp\/v2\/product\/90512","targetHints":{"allow":["GET"]}}],"collection":[{"href":"https:\/\/partyinabox.dk\/party\/wp-json\/wp\/v2\/product"}],"about":[{"href":"https:\/\/partyinabox.dk\/party\/wp-json\/wp\/v2\/types\/product"}],"wp:featuredmedia":[{"embeddable":true,"href":"https:\/\/partyinabox.dk\/party\/wp-json\/wp\/v2\/media\/90514"}],"wp:attachment":[{"href":"https:\/\/partyinabox.dk\/party\/wp-json\/wp\/v2\/media?parent=90512"}],"wp:term":[{"taxonomy":"product_brand","embeddable":true,"href":"https:\/\/partyinabox.dk\/party\/wp-json\/wp\/v2\/product_brand?post=90512"},{"taxonomy":"product_cat","embeddable":true,"href":"https:\/\/partyinabox.dk\/party\/wp-json\/wp\/v2\/product_cat?post=90512"},{"taxonomy":"product_tag","embeddable":true,"href":"https:\/\/partyinabox.dk\/party\/wp-json\/wp\/v2\/product_tag?post=90512"}],"curies":[{"name":"wp","href":"https:\/\/api.w.org\/{rel}","templated":true}]}}