{"id":89938,"date":"2025-06-18T15:39:36","date_gmt":"2025-06-18T13:39:36","guid":{"rendered":"https:\/\/partyinabox.dk\/party\/vare\/kunstig-solsikke-guirlande\/"},"modified":"2026-03-16T09:24:27","modified_gmt":"2026-03-16T08:24:27","slug":"kunstig-solsikke-guirlande","status":"publish","type":"product","link":"https:\/\/partyinabox.dk\/party\/vare\/kunstig-solsikke-guirlande\/","title":{"rendered":"Kunstig solsikke guirlande"},"content":{"rendered":"<p>Skab en solrig sommerstemning med denne naturlige solsikkeguirlande. Den kunstige blomsterranke giver din fest et varmt og indbydende pr\u00e6g, uanset om den pynter over festbordet eller langs v\u00e6ggen.<\/p>\n<p>Den 220 cm lange guirlande byder p\u00e5 11 detaljerede solsikker med gr\u00f8nne blade, der ser forbl\u00f8ffende \u00e6gte ud. Blomsternes holdbare kvalitet sikrer, at du kan genbruge dem til mange kommende fester.<\/p>\n<p><i>Tip: Brug flere guirlander p\u00e5 kryds og tv\u00e6rs i lokalet eller skab en flot baggrund til festens billeder.<\/i><\/p>\n<p>Indhold: 1 stk. \/ M\u00e5l: 220 cm<\/p>\n","protected":false},"excerpt":{"rendered":"<p>Skab en solrig sommerstemning med denne naturlige solsikkeguirlande. Den kunstige blomsterranke giver din fest et varmt og indbydende pr\u00e6g, uanset om den pynter over festbordet eller langs v\u00e6ggen. Den 220 cm lange guirlande byder p\u00e5 11 detaljerede solsikker med gr\u00f8nne [&hellip;]<\/p>\n","protected":false},"featured_media":89941,"template":"","meta":{"_acf_changed":false},"product_brand":[],"product_cat":[19,32],"product_tag":[],"class_list":{"0":"post-89938","1":"product","2":"type-product","3":"status-publish","4":"has-post-thumbnail","6":"product_cat-pynt","7":"product_cat-service","8":"pa_item-color-groen","9":"pa_item-color-gul","10":"pa_item-group-vaegdekoration","11":"pa_item-subgroup-vaegbaggrunde","12":"pa_pakken-indeholder-blomsterguirlande","13":"pa_tema_tax-nature","14":"pa_under-tema-flower","16":"first","17":"outofstock","18":"taxable","19":"shipping-taxable","20":"purchasable","21":"product-type-simple"},"bundled_by":[],"bundle_stock_status":"outofstock","bundle_stock_quantity":0,"bundle_virtual":false,"bundle_layout":"","bundle_add_to_cart_form_location":"","bundle_editable_in_cart":false,"bundle_sold_individually_context":"","bundle_item_grouping":"","bundle_min_size":"","bundle_max_size":"","bundle_price":[],"bundled_items":[],"bundle_sell_ids":[],"acf":[],"tiered_pricing_type":"fixed","tiered_pricing_fixed_rules":[],"tiered_pricing_product_settings":{"layout":"default","base_unit_name":{"singular":null,"plural":null},"default_variation":null},"tiered_pricing_minimum_quantity":null,"tiered_pricing_roles_data":[],"tiered_pricing_percentage_rules":[],"tiered_pricing_maximum_quantity":null,"tiered_pricing_quantity_step":null,"_links":{"self":[{"href":"https:\/\/partyinabox.dk\/party\/wp-json\/wp\/v2\/product\/89938","targetHints":{"allow":["GET"]}}],"collection":[{"href":"https:\/\/partyinabox.dk\/party\/wp-json\/wp\/v2\/product"}],"about":[{"href":"https:\/\/partyinabox.dk\/party\/wp-json\/wp\/v2\/types\/product"}],"wp:featuredmedia":[{"embeddable":true,"href":"https:\/\/partyinabox.dk\/party\/wp-json\/wp\/v2\/media\/89941"}],"wp:attachment":[{"href":"https:\/\/partyinabox.dk\/party\/wp-json\/wp\/v2\/media?parent=89938"}],"wp:term":[{"taxonomy":"product_brand","embeddable":true,"href":"https:\/\/partyinabox.dk\/party\/wp-json\/wp\/v2\/product_brand?post=89938"},{"taxonomy":"product_cat","embeddable":true,"href":"https:\/\/partyinabox.dk\/party\/wp-json\/wp\/v2\/product_cat?post=89938"},{"taxonomy":"product_tag","embeddable":true,"href":"https:\/\/partyinabox.dk\/party\/wp-json\/wp\/v2\/product_tag?post=89938"}],"curies":[{"name":"wp","href":"https:\/\/api.w.org\/{rel}","templated":true}]}}