{"id":89829,"date":"2025-06-18T11:40:06","date_gmt":"2025-06-18T09:40:06","guid":{"rendered":"https:\/\/partyinabox.dk\/party\/vare\/blomstret-baby-in-bloom-papkop\/"},"modified":"2026-04-23T10:45:34","modified_gmt":"2026-04-23T08:45:34","slug":"blomstret-baby-in-bloom-papkop","status":"publish","type":"product","link":"https:\/\/partyinabox.dk\/party\/vare\/blomstret-baby-in-bloom-papkop\/","title":{"rendered":"Blomstret baby in bloom papkop"},"content":{"rendered":"<p>G\u00f8r babyshoweret ekstra festligt med disse elegante papkrus i hvid og rosaguld. Det fine blomstermotiv og teksten &#8220;Baby in Bloom&#8221; skaber en perfekt ramme om fejringen af den lille ny.<\/p>\n<p>De stilrene krus matcher enhver baby shower-dekoration og kan ogs\u00e5 bruges til gender reveal eller n\u00e5r graviditeten skal offentligg\u00f8res. Det bl\u00f8de design i rosa og hvid med gr\u00f8nne blade giver en naturlig og indbydende stemning.<\/p>\n<p>Indhold: 8 stk. \/ M\u00e5l: 270 ml<\/p>\n","protected":false},"excerpt":{"rendered":"<p>G\u00f8r babyshoweret ekstra festligt med disse elegante papkrus i hvid og rosaguld. Det fine blomstermotiv og teksten &#8220;Baby in Bloom&#8221; skaber en perfekt ramme om fejringen af den lille ny. De stilrene krus matcher enhver baby shower-dekoration og kan ogs\u00e5 [&hellip;]<\/p>\n","protected":false},"featured_media":89830,"template":"","meta":{"_acf_changed":false},"product_brand":[],"product_cat":[32],"product_tag":[],"class_list":{"0":"post-89829","1":"product","2":"type-product","3":"status-publish","4":"has-post-thumbnail","6":"product_cat-service","7":"pa_item-color-rosaguld","8":"pa_item-group-bordservice","9":"pa_item-subgroup-krus","10":"pa_pakken-indeholder-8-stk-papkrus","11":"pa_tema_tax-occasions","12":"pa_under-tema-babyshower","14":"first","15":"instock","16":"taxable","17":"shipping-taxable","18":"purchasable","19":"product-type-simple"},"bundled_by":[],"bundle_stock_status":"instock","bundle_stock_quantity":10,"bundle_virtual":false,"bundle_layout":"","bundle_add_to_cart_form_location":"","bundle_editable_in_cart":false,"bundle_sold_individually_context":"","bundle_item_grouping":"","bundle_min_size":"","bundle_max_size":"","bundle_price":[],"bundled_items":[],"bundle_sell_ids":[],"acf":[],"tiered_pricing_type":"fixed","tiered_pricing_fixed_rules":[],"tiered_pricing_product_settings":{"layout":"default","base_unit_name":{"singular":null,"plural":null},"default_variation":null},"tiered_pricing_minimum_quantity":null,"tiered_pricing_roles_data":[],"tiered_pricing_percentage_rules":[],"tiered_pricing_maximum_quantity":null,"tiered_pricing_quantity_step":null,"_links":{"self":[{"href":"https:\/\/partyinabox.dk\/party\/wp-json\/wp\/v2\/product\/89829","targetHints":{"allow":["GET"]}}],"collection":[{"href":"https:\/\/partyinabox.dk\/party\/wp-json\/wp\/v2\/product"}],"about":[{"href":"https:\/\/partyinabox.dk\/party\/wp-json\/wp\/v2\/types\/product"}],"wp:featuredmedia":[{"embeddable":true,"href":"https:\/\/partyinabox.dk\/party\/wp-json\/wp\/v2\/media\/89830"}],"wp:attachment":[{"href":"https:\/\/partyinabox.dk\/party\/wp-json\/wp\/v2\/media?parent=89829"}],"wp:term":[{"taxonomy":"product_brand","embeddable":true,"href":"https:\/\/partyinabox.dk\/party\/wp-json\/wp\/v2\/product_brand?post=89829"},{"taxonomy":"product_cat","embeddable":true,"href":"https:\/\/partyinabox.dk\/party\/wp-json\/wp\/v2\/product_cat?post=89829"},{"taxonomy":"product_tag","embeddable":true,"href":"https:\/\/partyinabox.dk\/party\/wp-json\/wp\/v2\/product_tag?post=89829"}],"curies":[{"name":"wp","href":"https:\/\/api.w.org\/{rel}","templated":true}]}}