{"id":89407,"date":"2025-06-11T14:31:35","date_gmt":"2025-06-11T12:31:35","guid":{"rendered":"https:\/\/partyinabox.dk\/party\/?post_type=product&#038;p=89407"},"modified":"2026-04-17T14:17:44","modified_gmt":"2026-04-17T12:17:44","slug":"roed-hue-serviet-med-tillykke-med-hue","status":"publish","type":"product","link":"https:\/\/partyinabox.dk\/party\/vare\/roed-hue-serviet-med-tillykke-med-hue\/","title":{"rendered":"R\u00f8d hue serviet med &#8220;tillykke med hue&#8221;"},"content":{"rendered":"<p>Servietter er et must have til fester &#8211; ogs\u00e5 til studentergilder. Derfor er de er super fede og nemme at s\u00e6tte p\u00e5 bordet eller i baren.<\/p>\n<p>De passer perfekt til dig der f\u00e5r r\u00f8d hue p\u00e5 STX. Selve servietten er bordeaux med en hvid kant p\u00e5 midten er der en studenter hue og teksten &#8220;tillykke med huen&#8221;<\/p>\n<p>Her er vi ikke i tvivl om, hvad vi fejrer. Derfor perfekt til de kommende studenterfester.<\/p>\n<p>Stort tillykke.<\/p>\n<p>Indhold: 20 stk.<\/p>\n<p>M\u00e5l: 33&#215;33 cm.<\/p>\n","protected":false},"excerpt":{"rendered":"<p>Servietter er et must have til fester &#8211; ogs\u00e5 til studentergilder. Derfor er de er super fede og nemme at s\u00e6tte p\u00e5 bordet eller i baren. De passer perfekt til dig der f\u00e5r r\u00f8d hue p\u00e5 STX. Selve servietten er [&hellip;]<\/p>\n","protected":false},"featured_media":89408,"template":"","meta":{"_acf_changed":false},"product_brand":[],"product_cat":[32],"product_tag":[],"class_list":{"0":"post-89407","1":"product","2":"type-product","3":"status-publish","4":"has-post-thumbnail","6":"product_cat-service","8":"first","9":"instock","10":"taxable","11":"shipping-taxable","12":"purchasable","13":"product-type-simple"},"bundled_by":[],"bundle_stock_status":"instock","bundle_stock_quantity":1918,"bundle_virtual":false,"bundle_layout":"","bundle_add_to_cart_form_location":"","bundle_editable_in_cart":false,"bundle_sold_individually_context":"","bundle_item_grouping":"","bundle_min_size":"","bundle_max_size":"","bundle_price":[],"bundled_items":[],"bundle_sell_ids":[],"acf":[],"tiered_pricing_type":"fixed","tiered_pricing_fixed_rules":[],"tiered_pricing_product_settings":{"layout":"default","base_unit_name":{"singular":null,"plural":null},"default_variation":null},"tiered_pricing_minimum_quantity":null,"tiered_pricing_roles_data":[],"tiered_pricing_percentage_rules":[],"tiered_pricing_maximum_quantity":null,"tiered_pricing_quantity_step":null,"_links":{"self":[{"href":"https:\/\/partyinabox.dk\/party\/wp-json\/wp\/v2\/product\/89407","targetHints":{"allow":["GET"]}}],"collection":[{"href":"https:\/\/partyinabox.dk\/party\/wp-json\/wp\/v2\/product"}],"about":[{"href":"https:\/\/partyinabox.dk\/party\/wp-json\/wp\/v2\/types\/product"}],"wp:featuredmedia":[{"embeddable":true,"href":"https:\/\/partyinabox.dk\/party\/wp-json\/wp\/v2\/media\/89408"}],"wp:attachment":[{"href":"https:\/\/partyinabox.dk\/party\/wp-json\/wp\/v2\/media?parent=89407"}],"wp:term":[{"taxonomy":"product_brand","embeddable":true,"href":"https:\/\/partyinabox.dk\/party\/wp-json\/wp\/v2\/product_brand?post=89407"},{"taxonomy":"product_cat","embeddable":true,"href":"https:\/\/partyinabox.dk\/party\/wp-json\/wp\/v2\/product_cat?post=89407"},{"taxonomy":"product_tag","embeddable":true,"href":"https:\/\/partyinabox.dk\/party\/wp-json\/wp\/v2\/product_tag?post=89407"}],"curies":[{"name":"wp","href":"https:\/\/api.w.org\/{rel}","templated":true}]}}