{"id":89368,"date":"2025-06-11T08:16:36","date_gmt":"2025-06-11T06:16:36","guid":{"rendered":"https:\/\/partyinabox.dk\/party\/?post_type=product&#038;p=89368"},"modified":"2026-03-17T07:21:00","modified_gmt":"2026-03-17T06:21:00","slug":"blaa-guirlande-tillykke-med-huen","status":"publish","type":"product","link":"https:\/\/partyinabox.dk\/party\/vare\/blaa-guirlande-tillykke-med-huen\/","title":{"rendered":"Bl\u00e5 guirlande &#8220;Tillykke med huen&#8221;"},"content":{"rendered":"<p>Pynt op til studentergilde med denne seje banner.<\/p>\n<p>Hvis du f\u00e5r en bl\u00e5 hue p\u00e5, er det denne du skal have h\u00e6ngende. Der st\u00e5r med skr\u00e5skrift: &#8220;Tillykke med huen&#8221;.<\/p>\n<p>Det kan h\u00e6nge p\u00e5 h\u00e6kken, v\u00e6ggen, i loftet osv. Vigtigst af alt, der hvor alle kan se den.<\/p>\n<p>Snor medf\u00f8lger, s\u00e5 er det nemt at s\u00e6tte den sammen og h\u00e6nge op.<\/p>\n<p>Tillykke til alle studenterne.<\/p>\n<p>M\u00e5l: 19 cm x 1,52 meter<\/p>\n<p>Indhold: 1 stk.<\/p>\n","protected":false},"excerpt":{"rendered":"<p>Pynt op til studentergilde med denne seje banner. Hvis du f\u00e5r en bl\u00e5 hue p\u00e5, er det denne du skal have h\u00e6ngende. Der st\u00e5r med skr\u00e5skrift: &#8220;Tillykke med huen&#8221;. Det kan h\u00e6nge p\u00e5 h\u00e6kken, v\u00e6ggen, i loftet osv. Vigtigst af [&hellip;]<\/p>\n","protected":false},"featured_media":89369,"template":"","meta":{"_acf_changed":false},"product_brand":[],"product_cat":[19,31],"product_tag":[],"class_list":{"0":"post-89368","1":"product","2":"type-product","3":"status-publish","4":"has-post-thumbnail","6":"product_cat-pynt","7":"product_cat-til-loftet","9":"first","10":"instock","11":"taxable","12":"shipping-taxable","13":"purchasable","14":"product-type-simple"},"bundled_by":[],"bundle_stock_status":"instock","bundle_stock_quantity":100,"bundle_virtual":false,"bundle_layout":"","bundle_add_to_cart_form_location":"","bundle_editable_in_cart":false,"bundle_sold_individually_context":"","bundle_item_grouping":"","bundle_min_size":"","bundle_max_size":"","bundle_price":[],"bundled_items":[],"bundle_sell_ids":[],"acf":[],"tiered_pricing_type":"fixed","tiered_pricing_fixed_rules":[],"tiered_pricing_product_settings":{"layout":"default","base_unit_name":{"singular":null,"plural":null},"default_variation":null},"tiered_pricing_minimum_quantity":null,"tiered_pricing_roles_data":[],"tiered_pricing_percentage_rules":[],"tiered_pricing_maximum_quantity":null,"tiered_pricing_quantity_step":null,"_links":{"self":[{"href":"https:\/\/partyinabox.dk\/party\/wp-json\/wp\/v2\/product\/89368","targetHints":{"allow":["GET"]}}],"collection":[{"href":"https:\/\/partyinabox.dk\/party\/wp-json\/wp\/v2\/product"}],"about":[{"href":"https:\/\/partyinabox.dk\/party\/wp-json\/wp\/v2\/types\/product"}],"wp:featuredmedia":[{"embeddable":true,"href":"https:\/\/partyinabox.dk\/party\/wp-json\/wp\/v2\/media\/89369"}],"wp:attachment":[{"href":"https:\/\/partyinabox.dk\/party\/wp-json\/wp\/v2\/media?parent=89368"}],"wp:term":[{"taxonomy":"product_brand","embeddable":true,"href":"https:\/\/partyinabox.dk\/party\/wp-json\/wp\/v2\/product_brand?post=89368"},{"taxonomy":"product_cat","embeddable":true,"href":"https:\/\/partyinabox.dk\/party\/wp-json\/wp\/v2\/product_cat?post=89368"},{"taxonomy":"product_tag","embeddable":true,"href":"https:\/\/partyinabox.dk\/party\/wp-json\/wp\/v2\/product_tag?post=89368"}],"curies":[{"name":"wp","href":"https:\/\/api.w.org\/{rel}","templated":true}]}}