{"id":88582,"date":"2025-05-27T11:02:56","date_gmt":"2025-05-27T09:02:56","guid":{"rendered":"https:\/\/partyinabox.dk\/party\/?post_type=product&#038;p=88582"},"modified":"2026-04-13T15:29:12","modified_gmt":"2026-04-13T13:29:12","slug":"beige-folie-ballon-m-hest","status":"publish","type":"product","link":"https:\/\/partyinabox.dk\/party\/vare\/beige-folie-ballon-m-hest\/","title":{"rendered":"Beige folie ballon m\/hest"},"content":{"rendered":"<p class=\"\" data-start=\"77\" data-end=\"423\"><strong data-start=\"77\" data-end=\"135\">Rund hestefolieballon \u2013 perfekt til hesteglade fester!<\/strong><\/p>\n<p class=\"\" data-start=\"77\" data-end=\"423\">Denne flotte runde folieballon med et elegant hestemotiv er et must-have til enhver heste temafest, b\u00f8rnef\u00f8dselsdag eller western-inspireret event. Den tilf\u00f8jer et strejf af eventyr og nostalgi til din dekoration og vil helt sikkert v\u00e6kke begejstring hos b\u00e5de sm\u00e5 og store g\u00e6ster \ud83e\udd0e\ud83d\udc34\u2728<\/p>\n<p class=\"\" data-start=\"425\" data-end=\"659\">Ballonen m\u00e5ler\u00a0ca. 35 x 35 cm efter oppustning. Den kan pustes op med b\u00e5de luft og helium (suger\u00f8r medf\u00f8lger), og den kan bruges igen og igen \u2013 perfekt til at skabe magiske minder gang p\u00e5 gang.<\/p>\n<p class=\"\" data-start=\"661\" data-end=\"872\">H\u00e6ng den op ved gavebordet, brug den som en del af en ballonbue eller lad den sv\u00e6ve over kagebordet som prikken over i\u2019et p\u00e5 din hestetema-fest. G\u00f8r klar til at galoppere gennem festen i ren <em data-start=\"852\" data-end=\"861\">yee-haw<\/em> stil! \ud83e\udd20\ud83c\udf89<\/p>\n","protected":false},"excerpt":{"rendered":"<p>Rund hestefolieballon \u2013 perfekt til hesteglade fester! Denne flotte runde folieballon med et elegant hestemotiv er et must-have til enhver heste temafest, b\u00f8rnef\u00f8dselsdag eller western-inspireret event. Den tilf\u00f8jer et strejf af eventyr og nostalgi til din dekoration og vil helt [&hellip;]<\/p>\n","protected":false},"featured_media":88584,"template":"","meta":{"_acf_changed":false},"product_brand":[],"product_cat":[30],"product_tag":[],"class_list":{"0":"post-88582","1":"product","2":"type-product","3":"status-publish","4":"has-post-thumbnail","6":"product_cat-balloner","8":"first","9":"instock","10":"taxable","11":"shipping-taxable","12":"purchasable","13":"product-type-simple"},"bundled_by":[],"bundle_stock_status":"instock","bundle_stock_quantity":43,"bundle_virtual":false,"bundle_layout":"","bundle_add_to_cart_form_location":"","bundle_editable_in_cart":false,"bundle_sold_individually_context":"","bundle_item_grouping":"","bundle_min_size":"","bundle_max_size":"","bundle_price":[],"bundled_items":[],"bundle_sell_ids":[],"acf":[],"tiered_pricing_type":"fixed","tiered_pricing_fixed_rules":[],"tiered_pricing_product_settings":{"layout":"default","base_unit_name":{"singular":null,"plural":null},"default_variation":null},"tiered_pricing_minimum_quantity":null,"tiered_pricing_roles_data":[],"tiered_pricing_percentage_rules":[],"tiered_pricing_maximum_quantity":null,"tiered_pricing_quantity_step":null,"_links":{"self":[{"href":"https:\/\/partyinabox.dk\/party\/wp-json\/wp\/v2\/product\/88582","targetHints":{"allow":["GET"]}}],"collection":[{"href":"https:\/\/partyinabox.dk\/party\/wp-json\/wp\/v2\/product"}],"about":[{"href":"https:\/\/partyinabox.dk\/party\/wp-json\/wp\/v2\/types\/product"}],"wp:featuredmedia":[{"embeddable":true,"href":"https:\/\/partyinabox.dk\/party\/wp-json\/wp\/v2\/media\/88584"}],"wp:attachment":[{"href":"https:\/\/partyinabox.dk\/party\/wp-json\/wp\/v2\/media?parent=88582"}],"wp:term":[{"taxonomy":"product_brand","embeddable":true,"href":"https:\/\/partyinabox.dk\/party\/wp-json\/wp\/v2\/product_brand?post=88582"},{"taxonomy":"product_cat","embeddable":true,"href":"https:\/\/partyinabox.dk\/party\/wp-json\/wp\/v2\/product_cat?post=88582"},{"taxonomy":"product_tag","embeddable":true,"href":"https:\/\/partyinabox.dk\/party\/wp-json\/wp\/v2\/product_tag?post=88582"}],"curies":[{"name":"wp","href":"https:\/\/api.w.org\/{rel}","templated":true}]}}