{"id":87400,"date":"2025-05-08T11:14:29","date_gmt":"2025-05-08T09:14:29","guid":{"rendered":"https:\/\/partyinabox.dk\/party\/?post_type=product&#038;p=87400"},"modified":"2026-04-30T14:06:19","modified_gmt":"2026-04-30T12:06:19","slug":"papkop-med-moenster","status":"publish","type":"product","link":"https:\/\/partyinabox.dk\/party\/vare\/papkop-med-moenster\/","title":{"rendered":"Papkop med m\u00f8nster"},"content":{"rendered":"<p>Skal du holde b\u00f8rnef\u00f8dselsdag, m\u00e5ske med et cirkus tema?<\/p>\n<p>S\u00e5 skal du have fat i de her mega fine krus lavet af pap. Der er 4 forskellige motiver med i pakken.<\/p>\n<p>To med striber, en med prikker og en med ternet m\u00f8nster. Alle er med en b\u00f8lget guld kant.<\/p>\n<p>S\u00e6t kopperne ved hver plads og pynt det med en serviet og matchende tallerkener.<\/p>\n<p>Du f\u00e5r 8 stk. to af hver slags.<\/p>\n<p>M\u00e5l: 250 ml.<\/p>\n","protected":false},"excerpt":{"rendered":"<p>Skal du holde b\u00f8rnef\u00f8dselsdag, m\u00e5ske med et cirkus tema? S\u00e5 skal du have fat i de her mega fine krus lavet af pap. Der er 4 forskellige motiver med i pakken. To med striber, en med prikker og en med [&hellip;]<\/p>\n","protected":false},"featured_media":87402,"template":"","meta":{"_acf_changed":false},"product_brand":[],"product_cat":[32],"product_tag":[],"class_list":{"0":"post-87400","1":"product","2":"type-product","3":"status-publish","4":"has-post-thumbnail","6":"product_cat-service","8":"first","9":"instock","10":"taxable","11":"shipping-taxable","12":"purchasable","13":"product-type-simple"},"bundled_by":[],"bundle_stock_status":"instock","bundle_stock_quantity":52,"bundle_virtual":false,"bundle_layout":"","bundle_add_to_cart_form_location":"","bundle_editable_in_cart":false,"bundle_sold_individually_context":"","bundle_item_grouping":"","bundle_min_size":"","bundle_max_size":"","bundle_price":[],"bundled_items":[],"bundle_sell_ids":[],"acf":[],"tiered_pricing_type":"fixed","tiered_pricing_fixed_rules":[],"tiered_pricing_product_settings":{"layout":"default","base_unit_name":{"singular":null,"plural":null},"default_variation":null},"tiered_pricing_minimum_quantity":null,"tiered_pricing_roles_data":[],"tiered_pricing_percentage_rules":[],"tiered_pricing_maximum_quantity":null,"tiered_pricing_quantity_step":null,"_links":{"self":[{"href":"https:\/\/partyinabox.dk\/party\/wp-json\/wp\/v2\/product\/87400","targetHints":{"allow":["GET"]}}],"collection":[{"href":"https:\/\/partyinabox.dk\/party\/wp-json\/wp\/v2\/product"}],"about":[{"href":"https:\/\/partyinabox.dk\/party\/wp-json\/wp\/v2\/types\/product"}],"wp:featuredmedia":[{"embeddable":true,"href":"https:\/\/partyinabox.dk\/party\/wp-json\/wp\/v2\/media\/87402"}],"wp:attachment":[{"href":"https:\/\/partyinabox.dk\/party\/wp-json\/wp\/v2\/media?parent=87400"}],"wp:term":[{"taxonomy":"product_brand","embeddable":true,"href":"https:\/\/partyinabox.dk\/party\/wp-json\/wp\/v2\/product_brand?post=87400"},{"taxonomy":"product_cat","embeddable":true,"href":"https:\/\/partyinabox.dk\/party\/wp-json\/wp\/v2\/product_cat?post=87400"},{"taxonomy":"product_tag","embeddable":true,"href":"https:\/\/partyinabox.dk\/party\/wp-json\/wp\/v2\/product_tag?post=87400"}],"curies":[{"name":"wp","href":"https:\/\/api.w.org\/{rel}","templated":true}]}}