{"id":87367,"date":"2025-05-08T09:23:09","date_gmt":"2025-05-08T07:23:09","guid":{"rendered":"https:\/\/partyinabox.dk\/party\/?post_type=product&#038;p=87367"},"modified":"2026-04-26T22:48:48","modified_gmt":"2026-04-26T20:48:48","slug":"cirkus-telt-kagepynt-m-navn","status":"publish","type":"product","link":"https:\/\/partyinabox.dk\/party\/vare\/cirkus-telt-kagepynt-m-navn\/","title":{"rendered":"Cirkus telt kagepynt m\/navn"},"content":{"rendered":"<p>De her caketopper er for fede! De er perfekte til den n\u00e6ste f\u00f8dselsdagsfest.<\/p>\n<p>Du kan nemlig sprede magi over kagepynten ved at skrive dit egen navn og s\u00e6tte det tal p\u00e5, som det \u00e5r du fyldet.<\/p>\n<p>S\u00e6t caketopperne i kager, frugt, slik, eller anden mad. Dette s\u00e6tter prikken over i&#8217;et og b\u00f8rnene vil elske at deres eget navn st\u00e5r p\u00e5 pynten.<\/p>\n<p>Det g\u00f8r det lidt mere personligt i det magiske cirkus tema.<\/p>\n<p>De flotte r\u00f8d\/hvid stribet cirkustelte er nemt at placere i diverse mad, snacks og drikkevare.<\/p>\n<p>Du f\u00e5r et kagepynt, et ark med bogstaver og et ark med tal + madpinde til at s\u00e6tte p\u00e5 kagepynten.<\/p>\n<p>M\u00e5l: 17 cm.<\/p>\n","protected":false},"excerpt":{"rendered":"<p>De her caketopper er for fede! De er perfekte til den n\u00e6ste f\u00f8dselsdagsfest. Du kan nemlig sprede magi over kagepynten ved at skrive dit egen navn og s\u00e6tte det tal p\u00e5, som det \u00e5r du fyldet. S\u00e6t caketopperne i kager, [&hellip;]<\/p>\n","protected":false},"featured_media":87369,"template":"","meta":{"_acf_changed":false},"product_brand":[],"product_cat":[33],"product_tag":[],"class_list":{"0":"post-87367","1":"product","2":"type-product","3":"status-publish","4":"has-post-thumbnail","6":"product_cat-til-kagen","8":"first","9":"instock","10":"taxable","11":"shipping-taxable","12":"purchasable","13":"product-type-simple"},"bundled_by":[],"bundle_stock_status":"instock","bundle_stock_quantity":11,"bundle_virtual":false,"bundle_layout":"","bundle_add_to_cart_form_location":"","bundle_editable_in_cart":false,"bundle_sold_individually_context":"","bundle_item_grouping":"","bundle_min_size":"","bundle_max_size":"","bundle_price":[],"bundled_items":[],"bundle_sell_ids":[],"acf":[],"tiered_pricing_type":"fixed","tiered_pricing_fixed_rules":[],"tiered_pricing_product_settings":{"layout":"default","base_unit_name":{"singular":null,"plural":null},"default_variation":null},"tiered_pricing_minimum_quantity":null,"tiered_pricing_roles_data":[],"tiered_pricing_percentage_rules":[],"tiered_pricing_maximum_quantity":null,"tiered_pricing_quantity_step":null,"_links":{"self":[{"href":"https:\/\/partyinabox.dk\/party\/wp-json\/wp\/v2\/product\/87367","targetHints":{"allow":["GET"]}}],"collection":[{"href":"https:\/\/partyinabox.dk\/party\/wp-json\/wp\/v2\/product"}],"about":[{"href":"https:\/\/partyinabox.dk\/party\/wp-json\/wp\/v2\/types\/product"}],"wp:featuredmedia":[{"embeddable":true,"href":"https:\/\/partyinabox.dk\/party\/wp-json\/wp\/v2\/media\/87369"}],"wp:attachment":[{"href":"https:\/\/partyinabox.dk\/party\/wp-json\/wp\/v2\/media?parent=87367"}],"wp:term":[{"taxonomy":"product_brand","embeddable":true,"href":"https:\/\/partyinabox.dk\/party\/wp-json\/wp\/v2\/product_brand?post=87367"},{"taxonomy":"product_cat","embeddable":true,"href":"https:\/\/partyinabox.dk\/party\/wp-json\/wp\/v2\/product_cat?post=87367"},{"taxonomy":"product_tag","embeddable":true,"href":"https:\/\/partyinabox.dk\/party\/wp-json\/wp\/v2\/product_tag?post=87367"}],"curies":[{"name":"wp","href":"https:\/\/api.w.org\/{rel}","templated":true}]}}