{"id":87295,"date":"2025-05-07T13:57:33","date_gmt":"2025-05-07T11:57:33","guid":{"rendered":"https:\/\/partyinabox.dk\/party\/?post_type=product&#038;p=87295"},"modified":"2026-04-14T15:22:22","modified_gmt":"2026-04-14T13:22:22","slug":"stribet-rosetter-mix","status":"publish","type":"product","link":"https:\/\/partyinabox.dk\/party\/vare\/stribet-rosetter-mix\/","title":{"rendered":"Stribet rosetter mix"},"content":{"rendered":"<p>Rosetter er blevet mega popul\u00e6re, og det forst\u00e5r vi s\u00e5 godt.<\/p>\n<p>Det pynter b\u00e5de p\u00e5 v\u00e6ggen eller ned fra loftet. Her f\u00e5r du et mix af r\u00f8d\/hvid stribet, lys brun\/hvid stribet og pastel stribet.<\/p>\n<p>Alle f\u00e5r du med guld kant. H\u00e6ng dem op i loftet, eller klister dem fast p\u00e5 v\u00e6ggen med limdutter.<\/p>\n<p>Rosetterne er af papir og kan enten klistres sammen eller s\u00e6ttes sammen med en clips, og kan derfor genbruges. Perfekt til f\u00f8dselsdage, tema fester som cirkus, sommerfest etc.<\/p>\n<p>Du f\u00e5r 3 stk. i pakken. Clips medf\u00f8lger<\/p>\n<p>i 3 forskellige st\u00f8rrelser.<\/p>\n<p>M\u00e5l: 32,\u00a0 37, 42 cm<\/p>\n","protected":false},"excerpt":{"rendered":"<p>Rosetter er blevet mega popul\u00e6re, og det forst\u00e5r vi s\u00e5 godt. Det pynter b\u00e5de p\u00e5 v\u00e6ggen eller ned fra loftet. Her f\u00e5r du et mix af r\u00f8d\/hvid stribet, lys brun\/hvid stribet og pastel stribet. Alle f\u00e5r du med guld kant. [&hellip;]<\/p>\n","protected":false},"featured_media":87297,"template":"","meta":{"_acf_changed":false},"product_brand":[],"product_cat":[19,31],"product_tag":[],"class_list":{"0":"post-87295","1":"product","2":"type-product","3":"status-publish","4":"has-post-thumbnail","6":"product_cat-pynt","7":"product_cat-til-loftet","9":"first","10":"instock","11":"taxable","12":"shipping-taxable","13":"purchasable","14":"product-type-simple"},"bundled_by":[],"bundle_stock_status":"instock","bundle_stock_quantity":31,"bundle_virtual":false,"bundle_layout":"","bundle_add_to_cart_form_location":"","bundle_editable_in_cart":false,"bundle_sold_individually_context":"","bundle_item_grouping":"","bundle_min_size":"","bundle_max_size":"","bundle_price":[],"bundled_items":[],"bundle_sell_ids":[],"acf":[],"tiered_pricing_type":"fixed","tiered_pricing_fixed_rules":[],"tiered_pricing_product_settings":{"layout":"default","base_unit_name":{"singular":null,"plural":null},"default_variation":null},"tiered_pricing_minimum_quantity":null,"tiered_pricing_roles_data":[],"tiered_pricing_percentage_rules":[],"tiered_pricing_maximum_quantity":null,"tiered_pricing_quantity_step":null,"_links":{"self":[{"href":"https:\/\/partyinabox.dk\/party\/wp-json\/wp\/v2\/product\/87295","targetHints":{"allow":["GET"]}}],"collection":[{"href":"https:\/\/partyinabox.dk\/party\/wp-json\/wp\/v2\/product"}],"about":[{"href":"https:\/\/partyinabox.dk\/party\/wp-json\/wp\/v2\/types\/product"}],"wp:featuredmedia":[{"embeddable":true,"href":"https:\/\/partyinabox.dk\/party\/wp-json\/wp\/v2\/media\/87297"}],"wp:attachment":[{"href":"https:\/\/partyinabox.dk\/party\/wp-json\/wp\/v2\/media?parent=87295"}],"wp:term":[{"taxonomy":"product_brand","embeddable":true,"href":"https:\/\/partyinabox.dk\/party\/wp-json\/wp\/v2\/product_brand?post=87295"},{"taxonomy":"product_cat","embeddable":true,"href":"https:\/\/partyinabox.dk\/party\/wp-json\/wp\/v2\/product_cat?post=87295"},{"taxonomy":"product_tag","embeddable":true,"href":"https:\/\/partyinabox.dk\/party\/wp-json\/wp\/v2\/product_tag?post=87295"}],"curies":[{"name":"wp","href":"https:\/\/api.w.org\/{rel}","templated":true}]}}