{"id":87272,"date":"2025-05-07T12:52:22","date_gmt":"2025-05-07T10:52:22","guid":{"rendered":"https:\/\/partyinabox.dk\/party\/?post_type=product&#038;p=87272"},"modified":"2026-03-16T08:00:43","modified_gmt":"2026-03-16T07:00:43","slug":"hvid-haarbaand-m-blomster-birthday-girl","status":"publish","type":"product","link":"https:\/\/partyinabox.dk\/party\/vare\/hvid-haarbaand-m-blomster-birthday-girl\/","title":{"rendered":"Hvid h\u00e5rb\u00e5nd m\/blomster &#8220;birthday girl&#8221;"},"content":{"rendered":"<p>Er du den heldige f\u00f8dselar som skal holde fest? S\u00e6t prikken over i&#8217;et med dette h\u00e5rb\u00e5nd.<\/p>\n<p>Det er mega fint. Den er hvid\/creme farvet, har hvide kunstige blomster i. Ogs\u00e5 st\u00e5r der &#8220;birthday girl&#8221; med guld hvor den er dekoreret med perler.<\/p>\n<p>What not to like. Vi elsker at g\u00f8re lidt ekstra ud det af. OG det kan du f\u00e5r med denne h\u00e5rb\u00f8jle.<\/p>\n<p>Du f\u00e5r 1 stk.<\/p>\n<p>M\u00e5l: 18,8 x 17,5 cm<\/p>\n","protected":false},"excerpt":{"rendered":"<p>Er du den heldige f\u00f8dselar som skal holde fest? S\u00e6t prikken over i&#8217;et med dette h\u00e5rb\u00e5nd. Det er mega fint. Den er hvid\/creme farvet, har hvide kunstige blomster i. Ogs\u00e5 st\u00e5r der &#8220;birthday girl&#8221; med guld hvor den er dekoreret [&hellip;]<\/p>\n","protected":false},"featured_media":87275,"template":"","meta":{"_acf_changed":false},"product_brand":[],"product_cat":[34],"product_tag":[],"class_list":{"0":"post-87272","1":"product","2":"type-product","3":"status-publish","4":"has-post-thumbnail","6":"product_cat-accessories","8":"first","9":"instock","10":"taxable","11":"shipping-taxable","12":"purchasable","13":"product-type-simple"},"bundled_by":[],"bundle_stock_status":"instock","bundle_stock_quantity":55,"bundle_virtual":false,"bundle_layout":"","bundle_add_to_cart_form_location":"","bundle_editable_in_cart":false,"bundle_sold_individually_context":"","bundle_item_grouping":"","bundle_min_size":"","bundle_max_size":"","bundle_price":[],"bundled_items":[],"bundle_sell_ids":[],"acf":[],"tiered_pricing_type":"fixed","tiered_pricing_fixed_rules":[],"tiered_pricing_product_settings":{"layout":"default","base_unit_name":{"singular":null,"plural":null},"default_variation":null},"tiered_pricing_minimum_quantity":null,"tiered_pricing_roles_data":[],"tiered_pricing_percentage_rules":[],"tiered_pricing_maximum_quantity":null,"tiered_pricing_quantity_step":null,"_links":{"self":[{"href":"https:\/\/partyinabox.dk\/party\/wp-json\/wp\/v2\/product\/87272","targetHints":{"allow":["GET"]}}],"collection":[{"href":"https:\/\/partyinabox.dk\/party\/wp-json\/wp\/v2\/product"}],"about":[{"href":"https:\/\/partyinabox.dk\/party\/wp-json\/wp\/v2\/types\/product"}],"wp:featuredmedia":[{"embeddable":true,"href":"https:\/\/partyinabox.dk\/party\/wp-json\/wp\/v2\/media\/87275"}],"wp:attachment":[{"href":"https:\/\/partyinabox.dk\/party\/wp-json\/wp\/v2\/media?parent=87272"}],"wp:term":[{"taxonomy":"product_brand","embeddable":true,"href":"https:\/\/partyinabox.dk\/party\/wp-json\/wp\/v2\/product_brand?post=87272"},{"taxonomy":"product_cat","embeddable":true,"href":"https:\/\/partyinabox.dk\/party\/wp-json\/wp\/v2\/product_cat?post=87272"},{"taxonomy":"product_tag","embeddable":true,"href":"https:\/\/partyinabox.dk\/party\/wp-json\/wp\/v2\/product_tag?post=87272"}],"curies":[{"name":"wp","href":"https:\/\/api.w.org\/{rel}","templated":true}]}}