{"id":87268,"date":"2025-05-14T00:00:00","date_gmt":"2025-05-13T22:00:00","guid":{"rendered":"https:\/\/partyinabox.dk\/party\/?post_type=product&#038;p=87268"},"modified":"2026-05-02T00:38:21","modified_gmt":"2026-05-01T22:38:21","slug":"sonic-falske-tatoveringer","status":"publish","type":"product","link":"https:\/\/partyinabox.dk\/party\/vare\/sonic-falske-tatoveringer\/","title":{"rendered":"Sonic\u00ae falske tatoveringer"},"content":{"rendered":"<p>Skal du holde Sonic f\u00f8dselsdag? Og vil g\u00f8re lidt ekstra ud af det til b\u00f8rnene?<\/p>\n<p>S\u00e5 f\u00e5 fat i de her mega smarte tatoveringer. De kan s\u00e6ttes p\u00e5 med vand, og kan fjernes nemt med vand og s\u00e6be.<\/p>\n<p>Put dem ned i slikposerne, eller l\u00e6g dem p\u00e5 Sonic tallerkenen, s\u00e5 hele banden f\u00e5r en.<\/p>\n<p>De falske tattoos forstiller de forskellige motiver, der er i Sonic.<\/p>\n<p>B\u00e5de den lyn hurtige pindsvin, Tails, Knuckles mm.<\/p>\n<p>Du f\u00e5r 12 stk. i alt.<\/p>\n<p>M\u00e5l: 3-4 cm.<\/p>\n","protected":false},"excerpt":{"rendered":"<p>Skal du holde Sonic f\u00f8dselsdag? Og vil g\u00f8re lidt ekstra ud af det til b\u00f8rnene? S\u00e5 f\u00e5 fat i de her mega smarte tatoveringer. De kan s\u00e6ttes p\u00e5 med vand, og kan fjernes nemt med vand og s\u00e6be. Put dem [&hellip;]<\/p>\n","protected":false},"featured_media":87269,"template":"","meta":{"_acf_changed":false},"product_brand":[],"product_cat":[34],"product_tag":[],"class_list":{"0":"post-87268","1":"product","2":"type-product","3":"status-publish","4":"has-post-thumbnail","6":"product_cat-accessories","8":"first","9":"instock","10":"taxable","11":"shipping-taxable","12":"purchasable","13":"product-type-simple"},"bundled_by":[],"bundle_stock_status":"instock","bundle_stock_quantity":30,"bundle_virtual":false,"bundle_layout":"","bundle_add_to_cart_form_location":"","bundle_editable_in_cart":false,"bundle_sold_individually_context":"","bundle_item_grouping":"","bundle_min_size":"","bundle_max_size":"","bundle_price":[],"bundled_items":[],"bundle_sell_ids":[],"acf":[],"tiered_pricing_type":"fixed","tiered_pricing_fixed_rules":[],"tiered_pricing_product_settings":{"layout":"default","base_unit_name":{"singular":null,"plural":null},"default_variation":null},"tiered_pricing_minimum_quantity":null,"tiered_pricing_roles_data":[],"tiered_pricing_percentage_rules":[],"tiered_pricing_maximum_quantity":null,"tiered_pricing_quantity_step":null,"_links":{"self":[{"href":"https:\/\/partyinabox.dk\/party\/wp-json\/wp\/v2\/product\/87268","targetHints":{"allow":["GET"]}}],"collection":[{"href":"https:\/\/partyinabox.dk\/party\/wp-json\/wp\/v2\/product"}],"about":[{"href":"https:\/\/partyinabox.dk\/party\/wp-json\/wp\/v2\/types\/product"}],"wp:featuredmedia":[{"embeddable":true,"href":"https:\/\/partyinabox.dk\/party\/wp-json\/wp\/v2\/media\/87269"}],"wp:attachment":[{"href":"https:\/\/partyinabox.dk\/party\/wp-json\/wp\/v2\/media?parent=87268"}],"wp:term":[{"taxonomy":"product_brand","embeddable":true,"href":"https:\/\/partyinabox.dk\/party\/wp-json\/wp\/v2\/product_brand?post=87268"},{"taxonomy":"product_cat","embeddable":true,"href":"https:\/\/partyinabox.dk\/party\/wp-json\/wp\/v2\/product_cat?post=87268"},{"taxonomy":"product_tag","embeddable":true,"href":"https:\/\/partyinabox.dk\/party\/wp-json\/wp\/v2\/product_tag?post=87268"}],"curies":[{"name":"wp","href":"https:\/\/api.w.org\/{rel}","templated":true}]}}