{"id":87257,"date":"2025-05-07T11:45:46","date_gmt":"2025-05-07T09:45:46","guid":{"rendered":"https:\/\/partyinabox.dk\/party\/?post_type=product&#038;p=87257"},"modified":"2026-04-13T12:43:24","modified_gmt":"2026-04-13T10:43:24","slug":"sonic-banner-happy-birthday","status":"publish","type":"product","link":"https:\/\/partyinabox.dk\/party\/vare\/sonic-banner-happy-birthday\/","title":{"rendered":"Sonic\u00ae banner &#8220;happy birthday&#8221;"},"content":{"rendered":"<p>Skal du holde Sonic f\u00f8dselsdag? S\u00e5 f\u00e5 fat i den her guirlande.<\/p>\n<p>Den er perfekt til at h\u00e6nge over bordet, p\u00e5 v\u00e6ggen eller i vinduet.<\/p>\n<p>P\u00e5 guirlanden er de forskellige Sonic motiver p\u00e5, og bogstaver &#8220;happy birthday&#8221;<\/p>\n<p>Farverne er bl\u00e5, r\u00f8d og guld. De er perfekt til tema fest og f\u00f8dselsdage.<\/p>\n<p>M\u00e5l: 2 meter<\/p>\n<p>Du f\u00e5r 1 stk.<\/p>\n","protected":false},"excerpt":{"rendered":"<p>Skal du holde Sonic f\u00f8dselsdag? S\u00e5 f\u00e5 fat i den her guirlande. Den er perfekt til at h\u00e6nge over bordet, p\u00e5 v\u00e6ggen eller i vinduet. P\u00e5 guirlanden er de forskellige Sonic motiver p\u00e5, og bogstaver &#8220;happy birthday&#8221; Farverne er bl\u00e5, [&hellip;]<\/p>\n","protected":false},"featured_media":87258,"template":"","meta":{"_acf_changed":false},"product_brand":[],"product_cat":[31],"product_tag":[],"class_list":{"0":"post-87257","1":"product","2":"type-product","3":"status-publish","4":"has-post-thumbnail","6":"product_cat-til-loftet","8":"first","9":"instock","10":"taxable","11":"shipping-taxable","12":"purchasable","13":"product-type-simple"},"bundled_by":[],"bundle_stock_status":"instock","bundle_stock_quantity":28,"bundle_virtual":false,"bundle_layout":"","bundle_add_to_cart_form_location":"","bundle_editable_in_cart":false,"bundle_sold_individually_context":"","bundle_item_grouping":"","bundle_min_size":"","bundle_max_size":"","bundle_price":[],"bundled_items":[],"bundle_sell_ids":[],"acf":[],"tiered_pricing_type":"fixed","tiered_pricing_fixed_rules":[],"tiered_pricing_product_settings":{"layout":"default","base_unit_name":{"singular":null,"plural":null},"default_variation":null},"tiered_pricing_minimum_quantity":null,"tiered_pricing_roles_data":[],"tiered_pricing_percentage_rules":[],"tiered_pricing_maximum_quantity":null,"tiered_pricing_quantity_step":null,"_links":{"self":[{"href":"https:\/\/partyinabox.dk\/party\/wp-json\/wp\/v2\/product\/87257","targetHints":{"allow":["GET"]}}],"collection":[{"href":"https:\/\/partyinabox.dk\/party\/wp-json\/wp\/v2\/product"}],"about":[{"href":"https:\/\/partyinabox.dk\/party\/wp-json\/wp\/v2\/types\/product"}],"wp:featuredmedia":[{"embeddable":true,"href":"https:\/\/partyinabox.dk\/party\/wp-json\/wp\/v2\/media\/87258"}],"wp:attachment":[{"href":"https:\/\/partyinabox.dk\/party\/wp-json\/wp\/v2\/media?parent=87257"}],"wp:term":[{"taxonomy":"product_brand","embeddable":true,"href":"https:\/\/partyinabox.dk\/party\/wp-json\/wp\/v2\/product_brand?post=87257"},{"taxonomy":"product_cat","embeddable":true,"href":"https:\/\/partyinabox.dk\/party\/wp-json\/wp\/v2\/product_cat?post=87257"},{"taxonomy":"product_tag","embeddable":true,"href":"https:\/\/partyinabox.dk\/party\/wp-json\/wp\/v2\/product_tag?post=87257"}],"curies":[{"name":"wp","href":"https:\/\/api.w.org\/{rel}","templated":true}]}}