{"id":87244,"date":"2025-05-07T11:02:27","date_gmt":"2025-05-07T09:02:27","guid":{"rendered":"https:\/\/partyinabox.dk\/party\/?post_type=product&#038;p=87244"},"modified":"2026-05-02T15:59:23","modified_gmt":"2026-05-02T13:59:23","slug":"sonic-shape-folie-ballon","status":"publish","type":"product","link":"https:\/\/partyinabox.dk\/party\/vare\/sonic-shape-folie-ballon\/","title":{"rendered":"Sonic\u00ae shape folie ballon"},"content":{"rendered":"<p>Skal du holde Sonic f\u00f8dselsdag? Og skal pynte op med banner og balloner? S\u00e5 skal du have fat i den her ballon.<\/p>\n<p>Elsker du Sonic, s\u00e5 f\u00e5 fart p\u00e5 med denne ballon. Det vil overraske og gl\u00e6de b\u00f8rnene til f\u00f8dselsdagen.<\/p>\n<p>Fyld ballonen med helium og du f\u00e5r den til at sv\u00e6ve.<\/p>\n<p>Pust den op med almindelig luft, og h\u00e6ng den op med fiskesn\u00f8re eller klister den fast med limdutter p\u00e5 v\u00e6ggen.<\/p>\n<p>Du f\u00e5r 1 stk. folie ballon formet som Sonic.<\/p>\n<p>M\u00e5l: 49 x 64 cm.<\/p>\n","protected":false},"excerpt":{"rendered":"<p>Skal du holde Sonic f\u00f8dselsdag? Og skal pynte op med banner og balloner? S\u00e5 skal du have fat i den her ballon. Elsker du Sonic, s\u00e5 f\u00e5 fart p\u00e5 med denne ballon. Det vil overraske og gl\u00e6de b\u00f8rnene til f\u00f8dselsdagen. [&hellip;]<\/p>\n","protected":false},"featured_media":87245,"template":"","meta":{"_acf_changed":false},"product_brand":[],"product_cat":[30],"product_tag":[],"class_list":{"0":"post-87244","1":"product","2":"type-product","3":"status-publish","4":"has-post-thumbnail","6":"product_cat-balloner","8":"first","9":"instock","10":"taxable","11":"shipping-taxable","12":"purchasable","13":"product-type-simple"},"bundled_by":[],"bundle_stock_status":"instock","bundle_stock_quantity":209,"bundle_virtual":false,"bundle_layout":"","bundle_add_to_cart_form_location":"","bundle_editable_in_cart":false,"bundle_sold_individually_context":"","bundle_item_grouping":"","bundle_min_size":"","bundle_max_size":"","bundle_price":[],"bundled_items":[],"bundle_sell_ids":[],"acf":[],"tiered_pricing_type":"fixed","tiered_pricing_fixed_rules":[],"tiered_pricing_product_settings":{"layout":"default","base_unit_name":{"singular":null,"plural":null},"default_variation":null},"tiered_pricing_minimum_quantity":null,"tiered_pricing_roles_data":[],"tiered_pricing_percentage_rules":[],"tiered_pricing_maximum_quantity":null,"tiered_pricing_quantity_step":null,"_links":{"self":[{"href":"https:\/\/partyinabox.dk\/party\/wp-json\/wp\/v2\/product\/87244","targetHints":{"allow":["GET"]}}],"collection":[{"href":"https:\/\/partyinabox.dk\/party\/wp-json\/wp\/v2\/product"}],"about":[{"href":"https:\/\/partyinabox.dk\/party\/wp-json\/wp\/v2\/types\/product"}],"wp:featuredmedia":[{"embeddable":true,"href":"https:\/\/partyinabox.dk\/party\/wp-json\/wp\/v2\/media\/87245"}],"wp:attachment":[{"href":"https:\/\/partyinabox.dk\/party\/wp-json\/wp\/v2\/media?parent=87244"}],"wp:term":[{"taxonomy":"product_brand","embeddable":true,"href":"https:\/\/partyinabox.dk\/party\/wp-json\/wp\/v2\/product_brand?post=87244"},{"taxonomy":"product_cat","embeddable":true,"href":"https:\/\/partyinabox.dk\/party\/wp-json\/wp\/v2\/product_cat?post=87244"},{"taxonomy":"product_tag","embeddable":true,"href":"https:\/\/partyinabox.dk\/party\/wp-json\/wp\/v2\/product_tag?post=87244"}],"curies":[{"name":"wp","href":"https:\/\/api.w.org\/{rel}","templated":true}]}}