{"id":86654,"date":"2025-05-07T00:00:00","date_gmt":"2025-05-06T22:00:00","guid":{"rendered":"https:\/\/partyinabox.dk\/party\/?post_type=product&#038;p=86654"},"modified":"2026-05-02T15:59:22","modified_gmt":"2026-05-02T13:59:22","slug":"sonic-krus","status":"publish","type":"product","link":"https:\/\/partyinabox.dk\/party\/vare\/sonic-krus\/","title":{"rendered":"Sonic\u00ae pap kop"},"content":{"rendered":"<p class=\"\" data-start=\"133\" data-end=\"336\">\ud83c\udf89 Klar, parat, f\u00f8dselsdagsfest! Disse farverige Sonic-papkrus s\u00e6tter turbo p\u00e5 stemningen til b\u00e5de b\u00f8rnef\u00f8dselsdag og temafest. Perfekte til sm\u00e5 fans af det lynhurtige pindsvin \ud83e\udd94\ud83d\udc99 \u2013 Sonic the Hedgehog!<\/p>\n<p class=\"\" data-start=\"338\" data-end=\"573\">Med seje motiver og masser af farver er krusene ikke til at overse p\u00e5 festbordet. De rummer 200 ml \u2013 lige tilpas til saft, sodavand eller en l\u00e6kker b\u00f8rnedrink \ud83e\uddc3 \u2013 hurra for glade b\u00f8rn <em data-start=\"556\" data-end=\"560\">og<\/em> glade tr\u00e6er!<\/p>\n<p class=\"\" data-start=\"575\" data-end=\"759\">Du f\u00e5r 8 stk. i en pakke, s\u00e5 der er nok til hele venneflokken. Og hey \u2013 hvorfor ikke g\u00e5 all-in og matche med Sonic-tallerkner, servietter og pynt? S\u00e5 bliver bordet <em data-start=\"739\" data-end=\"745\">helt<\/em> gennemf\u00f8rt! \u2728<\/p>\n<p class=\"\" data-start=\"761\" data-end=\"895\">Psst&#8230; med Sonic p\u00e5 koppen er der risiko for ekstra fart over feltet \u2013 ungerne kommer nok til at sp\u00e6ne rundt som sm\u00e5 bl\u00e5 raketter! \ud83d\ude80<\/p>\n","protected":false},"excerpt":{"rendered":"<p>\ud83c\udf89 Klar, parat, f\u00f8dselsdagsfest! Disse farverige Sonic-papkrus s\u00e6tter turbo p\u00e5 stemningen til b\u00e5de b\u00f8rnef\u00f8dselsdag og temafest. Perfekte til sm\u00e5 fans af det lynhurtige pindsvin \ud83e\udd94\ud83d\udc99 \u2013 Sonic the Hedgehog! Med seje motiver og masser af farver er krusene ikke til [&hellip;]<\/p>\n","protected":false},"featured_media":86655,"template":"","meta":{"_acf_changed":false},"product_brand":[],"product_cat":[32],"product_tag":[],"class_list":{"0":"post-86654","1":"product","2":"type-product","3":"status-publish","4":"has-post-thumbnail","6":"product_cat-service","8":"first","9":"instock","10":"taxable","11":"shipping-taxable","12":"purchasable","13":"product-type-simple"},"bundled_by":[],"bundle_stock_status":"instock","bundle_stock_quantity":161,"bundle_virtual":false,"bundle_layout":"","bundle_add_to_cart_form_location":"","bundle_editable_in_cart":false,"bundle_sold_individually_context":"","bundle_item_grouping":"","bundle_min_size":"","bundle_max_size":"","bundle_price":[],"bundled_items":[],"bundle_sell_ids":[],"acf":[],"tiered_pricing_type":"fixed","tiered_pricing_fixed_rules":[],"tiered_pricing_product_settings":{"layout":"default","base_unit_name":{"singular":null,"plural":null},"default_variation":null},"tiered_pricing_minimum_quantity":null,"tiered_pricing_roles_data":[],"tiered_pricing_percentage_rules":[],"tiered_pricing_maximum_quantity":null,"tiered_pricing_quantity_step":null,"_links":{"self":[{"href":"https:\/\/partyinabox.dk\/party\/wp-json\/wp\/v2\/product\/86654","targetHints":{"allow":["GET"]}}],"collection":[{"href":"https:\/\/partyinabox.dk\/party\/wp-json\/wp\/v2\/product"}],"about":[{"href":"https:\/\/partyinabox.dk\/party\/wp-json\/wp\/v2\/types\/product"}],"wp:featuredmedia":[{"embeddable":true,"href":"https:\/\/partyinabox.dk\/party\/wp-json\/wp\/v2\/media\/86655"}],"wp:attachment":[{"href":"https:\/\/partyinabox.dk\/party\/wp-json\/wp\/v2\/media?parent=86654"}],"wp:term":[{"taxonomy":"product_brand","embeddable":true,"href":"https:\/\/partyinabox.dk\/party\/wp-json\/wp\/v2\/product_brand?post=86654"},{"taxonomy":"product_cat","embeddable":true,"href":"https:\/\/partyinabox.dk\/party\/wp-json\/wp\/v2\/product_cat?post=86654"},{"taxonomy":"product_tag","embeddable":true,"href":"https:\/\/partyinabox.dk\/party\/wp-json\/wp\/v2\/product_tag?post=86654"}],"curies":[{"name":"wp","href":"https:\/\/api.w.org\/{rel}","templated":true}]}}