{"id":86193,"date":"2025-04-25T12:59:37","date_gmt":"2025-04-25T10:59:37","guid":{"rendered":"https:\/\/partyinabox.dk\/party\/?post_type=product&#038;p=86193"},"modified":"2026-04-23T21:19:27","modified_gmt":"2026-04-23T19:19:27","slug":"creme-folie-ballon-baby","status":"publish","type":"product","link":"https:\/\/partyinabox.dk\/party\/vare\/creme-folie-ballon-baby\/","title":{"rendered":"Creme folie ballon &#8220;Baby&#8221;"},"content":{"rendered":"<p>Skal du holde baby shower, d\u00e5b eller gender reveal? S\u00e5 er denne ballon perfekt til give blikfang.<\/p>\n<p>Farven er creme og derfor meget neutral og kan passe til alt.<\/p>\n<p>Et lille tip: K\u00f8b satin b\u00e5nd, lav sl\u00f8jfer og s\u00e6t dem p\u00e5 med limdutter.<\/p>\n<p>Indhold: 1 s\u00e6t med folie bogstaver<\/p>\n<p>M\u00e5l: 35 cm.<\/p>\n<p>Skal IKKE bruge helium.<\/p>\n","protected":false},"excerpt":{"rendered":"<p>Skal du holde baby shower, d\u00e5b eller gender reveal? S\u00e5 er denne ballon perfekt til give blikfang. Farven er creme og derfor meget neutral og kan passe til alt. Et lille tip: K\u00f8b satin b\u00e5nd, lav sl\u00f8jfer og s\u00e6t dem [&hellip;]<\/p>\n","protected":false},"featured_media":86196,"template":"","meta":{"_acf_changed":false},"product_brand":[],"product_cat":[30,60],"product_tag":[],"class_list":{"0":"post-86193","1":"product","2":"type-product","3":"status-publish","4":"has-post-thumbnail","6":"product_cat-balloner","7":"product_cat-folie-bogstaver","9":"first","10":"instock","11":"taxable","12":"shipping-taxable","13":"purchasable","14":"product-type-simple"},"bundled_by":[],"bundle_stock_status":"instock","bundle_stock_quantity":52,"bundle_virtual":false,"bundle_layout":"","bundle_add_to_cart_form_location":"","bundle_editable_in_cart":false,"bundle_sold_individually_context":"","bundle_item_grouping":"","bundle_min_size":"","bundle_max_size":"","bundle_price":[],"bundled_items":[],"bundle_sell_ids":[],"acf":[],"tiered_pricing_type":"fixed","tiered_pricing_fixed_rules":[],"tiered_pricing_product_settings":{"layout":"default","base_unit_name":{"singular":null,"plural":null},"default_variation":null},"tiered_pricing_minimum_quantity":null,"tiered_pricing_roles_data":[],"tiered_pricing_percentage_rules":[],"tiered_pricing_maximum_quantity":null,"tiered_pricing_quantity_step":null,"_links":{"self":[{"href":"https:\/\/partyinabox.dk\/party\/wp-json\/wp\/v2\/product\/86193","targetHints":{"allow":["GET"]}}],"collection":[{"href":"https:\/\/partyinabox.dk\/party\/wp-json\/wp\/v2\/product"}],"about":[{"href":"https:\/\/partyinabox.dk\/party\/wp-json\/wp\/v2\/types\/product"}],"wp:featuredmedia":[{"embeddable":true,"href":"https:\/\/partyinabox.dk\/party\/wp-json\/wp\/v2\/media\/86196"}],"wp:attachment":[{"href":"https:\/\/partyinabox.dk\/party\/wp-json\/wp\/v2\/media?parent=86193"}],"wp:term":[{"taxonomy":"product_brand","embeddable":true,"href":"https:\/\/partyinabox.dk\/party\/wp-json\/wp\/v2\/product_brand?post=86193"},{"taxonomy":"product_cat","embeddable":true,"href":"https:\/\/partyinabox.dk\/party\/wp-json\/wp\/v2\/product_cat?post=86193"},{"taxonomy":"product_tag","embeddable":true,"href":"https:\/\/partyinabox.dk\/party\/wp-json\/wp\/v2\/product_tag?post=86193"}],"curies":[{"name":"wp","href":"https:\/\/api.w.org\/{rel}","templated":true}]}}