{"id":85208,"date":"2025-09-16T00:00:00","date_gmt":"2025-09-15T22:00:00","guid":{"rendered":"https:\/\/partyinabox.dk\/party\/?post_type=product&#038;p=85208"},"modified":"2026-05-01T13:04:08","modified_gmt":"2026-05-01T11:04:08","slug":"batman-swirls","status":"publish","type":"product","link":"https:\/\/partyinabox.dk\/party\/vare\/batman-swirls\/","title":{"rendered":"Batman\u00ae swirls"},"content":{"rendered":"<p>Er dit barn ogs\u00e5 helt vild med Batman og alt fra DC universet? S\u00e5 vil en b\u00f8rnef\u00f8dselsdag sp\u00e6kket med Batman temaet uden tvivl blive et hit hos den lille superhelte entusiast!<\/p>\n<p>Den heltemodige DC\u00ae fort\u00e6lling om milliard\u00e6ren Bruce Wayne, der i al hemmelighed bek\u00e6mper kriminalitet som superhelten, Batman, har ramt direkte i hjerterne p\u00e5 b\u00e5de piger og drenge verden over. Genskab heltegerningerne fra de ikoniske Batman film og tegneserier med en Batman temafest eller Batman f\u00f8dselsdag.<\/p>\n<p>Du modtager 6 stk. swirls, som m\u00e5ler 60 cm i l\u00e6ngden. Spiralerne er i gule og gr\u00e5 farver og p\u00e5 enden ses b\u00e5de Batman logoer samt silhuetter af Batman.<\/p>\n<p>S\u00e5 hvorfor ikke s\u00f8rge for en vidunderlig dag hvor superhelte og Batman temaet skinner igennem? F\u00e5 fat i de seje Batman Swirls og skab begejstring hos de sm\u00e5!<\/p>\n","protected":false},"excerpt":{"rendered":"<p>Er dit barn ogs\u00e5 helt vild med Batman og alt fra DC universet? S\u00e5 vil en b\u00f8rnef\u00f8dselsdag sp\u00e6kket med Batman temaet uden tvivl blive et hit hos den lille superhelte entusiast! Den heltemodige DC\u00ae fort\u00e6lling om milliard\u00e6ren Bruce Wayne, der [&hellip;]<\/p>\n","protected":false},"featured_media":85209,"template":"","meta":{"_acf_changed":false},"product_brand":[],"product_cat":[31],"product_tag":[],"class_list":{"0":"post-85208","1":"product","2":"type-product","3":"status-publish","4":"has-post-thumbnail","6":"product_cat-til-loftet","8":"first","9":"instock","10":"taxable","11":"shipping-taxable","12":"purchasable","13":"product-type-simple"},"bundled_by":[],"bundle_stock_status":"instock","bundle_stock_quantity":5,"bundle_virtual":false,"bundle_layout":"","bundle_add_to_cart_form_location":"","bundle_editable_in_cart":false,"bundle_sold_individually_context":"","bundle_item_grouping":"","bundle_min_size":"","bundle_max_size":"","bundle_price":[],"bundled_items":[],"bundle_sell_ids":[],"acf":[],"tiered_pricing_type":"fixed","tiered_pricing_fixed_rules":[],"tiered_pricing_product_settings":{"layout":"default","base_unit_name":{"singular":null,"plural":null},"default_variation":null},"tiered_pricing_minimum_quantity":null,"tiered_pricing_roles_data":[],"tiered_pricing_percentage_rules":[],"tiered_pricing_maximum_quantity":null,"tiered_pricing_quantity_step":null,"_links":{"self":[{"href":"https:\/\/partyinabox.dk\/party\/wp-json\/wp\/v2\/product\/85208","targetHints":{"allow":["GET"]}}],"collection":[{"href":"https:\/\/partyinabox.dk\/party\/wp-json\/wp\/v2\/product"}],"about":[{"href":"https:\/\/partyinabox.dk\/party\/wp-json\/wp\/v2\/types\/product"}],"wp:featuredmedia":[{"embeddable":true,"href":"https:\/\/partyinabox.dk\/party\/wp-json\/wp\/v2\/media\/85209"}],"wp:attachment":[{"href":"https:\/\/partyinabox.dk\/party\/wp-json\/wp\/v2\/media?parent=85208"}],"wp:term":[{"taxonomy":"product_brand","embeddable":true,"href":"https:\/\/partyinabox.dk\/party\/wp-json\/wp\/v2\/product_brand?post=85208"},{"taxonomy":"product_cat","embeddable":true,"href":"https:\/\/partyinabox.dk\/party\/wp-json\/wp\/v2\/product_cat?post=85208"},{"taxonomy":"product_tag","embeddable":true,"href":"https:\/\/partyinabox.dk\/party\/wp-json\/wp\/v2\/product_tag?post=85208"}],"curies":[{"name":"wp","href":"https:\/\/api.w.org\/{rel}","templated":true}]}}