{"id":84625,"date":"2025-04-03T11:29:01","date_gmt":"2025-04-03T09:29:01","guid":{"rendered":"https:\/\/partyinabox.dk\/party\/?post_type=product&#038;p=84625"},"modified":"2026-04-22T11:35:47","modified_gmt":"2026-04-22T09:35:47","slug":"bordloeber-m-blade-og-roede-studenterhuer","status":"publish","type":"product","link":"https:\/\/partyinabox.dk\/party\/vare\/bordloeber-m-blade-og-roede-studenterhuer\/","title":{"rendered":"Bordl\u00f8ber m\/blade og r\u00f8de studenterhuer"},"content":{"rendered":"<p class=\"\" data-start=\"124\" data-end=\"362\">Skab en festlig og elegant stemning med denne hvide bordl\u00f8ber med r\u00f8de studenterhuer og gr\u00f8nne blade. Det enkle, men dekorative design passer perfekt til den r\u00f8de students store dag og bringer b\u00e5de tradition og sommerstemning til bordd\u00e6kningen.<\/p>\n<p class=\"\" data-start=\"364\" data-end=\"540\">Bordl\u00f8beren m\u00e5ler 4 meter i l\u00e6ngden og 25 cm i bredden og passer b\u00e5de til lange borde og mindre ops\u00e6tninger. Den kan nemt klippes til eller foldes, s\u00e5 den passer til dit behov.<\/p>\n<p class=\"\" data-start=\"542\" data-end=\"641\">Perfekt til studentergildet \u2013 en smuk detalje, der binder det hele sammen.<\/p>\n","protected":false},"excerpt":{"rendered":"<p>Skab en festlig og elegant stemning med denne hvide bordl\u00f8ber med r\u00f8de studenterhuer og gr\u00f8nne blade. Det enkle, men dekorative design passer perfekt til den r\u00f8de students store dag og bringer b\u00e5de tradition og sommerstemning til bordd\u00e6kningen. Bordl\u00f8beren m\u00e5ler 4 [&hellip;]<\/p>\n","protected":false},"featured_media":84653,"template":"","meta":{"_acf_changed":false},"product_brand":[],"product_cat":[32],"product_tag":[],"class_list":{"0":"post-84625","1":"product","2":"type-product","3":"status-publish","4":"has-post-thumbnail","6":"product_cat-service","8":"first","9":"instock","10":"taxable","11":"shipping-taxable","12":"purchasable","13":"product-type-simple"},"bundled_by":[],"bundle_stock_status":"instock","bundle_stock_quantity":193,"bundle_virtual":false,"bundle_layout":"","bundle_add_to_cart_form_location":"","bundle_editable_in_cart":false,"bundle_sold_individually_context":"","bundle_item_grouping":"","bundle_min_size":"","bundle_max_size":"","bundle_price":[],"bundled_items":[],"bundle_sell_ids":[],"acf":[],"tiered_pricing_type":"fixed","tiered_pricing_fixed_rules":[],"tiered_pricing_product_settings":{"layout":"default","base_unit_name":{"singular":null,"plural":null},"default_variation":null},"tiered_pricing_minimum_quantity":null,"tiered_pricing_roles_data":[],"tiered_pricing_percentage_rules":[],"tiered_pricing_maximum_quantity":null,"tiered_pricing_quantity_step":null,"_links":{"self":[{"href":"https:\/\/partyinabox.dk\/party\/wp-json\/wp\/v2\/product\/84625","targetHints":{"allow":["GET"]}}],"collection":[{"href":"https:\/\/partyinabox.dk\/party\/wp-json\/wp\/v2\/product"}],"about":[{"href":"https:\/\/partyinabox.dk\/party\/wp-json\/wp\/v2\/types\/product"}],"wp:featuredmedia":[{"embeddable":true,"href":"https:\/\/partyinabox.dk\/party\/wp-json\/wp\/v2\/media\/84653"}],"wp:attachment":[{"href":"https:\/\/partyinabox.dk\/party\/wp-json\/wp\/v2\/media?parent=84625"}],"wp:term":[{"taxonomy":"product_brand","embeddable":true,"href":"https:\/\/partyinabox.dk\/party\/wp-json\/wp\/v2\/product_brand?post=84625"},{"taxonomy":"product_cat","embeddable":true,"href":"https:\/\/partyinabox.dk\/party\/wp-json\/wp\/v2\/product_cat?post=84625"},{"taxonomy":"product_tag","embeddable":true,"href":"https:\/\/partyinabox.dk\/party\/wp-json\/wp\/v2\/product_tag?post=84625"}],"curies":[{"name":"wp","href":"https:\/\/api.w.org\/{rel}","templated":true}]}}