{"id":84491,"date":"2025-04-01T12:28:54","date_gmt":"2025-04-01T10:28:54","guid":{"rendered":"https:\/\/partyinabox.dk\/party\/vare\/paaskekylling-i-rede\/"},"modified":"2026-04-11T19:15:23","modified_gmt":"2026-04-11T17:15:23","slug":"paaskekylling-i-rede","status":"publish","type":"product","link":"https:\/\/partyinabox.dk\/party\/vare\/paaskekylling-i-rede\/","title":{"rendered":"P\u00e5skekylling i rede"},"content":{"rendered":"<p>Skab stemningsfuld p\u00e5skepynt med naturlige reder, hvor sm\u00e5 gule kyllinger titter frem fra turkise \u00e6g. De h\u00e5ndlavede reder af naturmaterialer giver dit p\u00e5skebord et autentisk og festligt pr\u00e6g.<\/p>\n<p>Brug rederne som kreative bordkort ved p\u00e5skefrokosten eller arranger dem smukt p\u00e5 buffeten. De passer ogs\u00e5 fint i vindueskarmen eller som en del af p\u00e5ske\u00e6gsjagten.<\/p>\n<p>Indhold: 6 stk. reder med kylling og \u00e6g \/ M\u00e5l: 4 x 6 cm<\/p>\n","protected":false},"excerpt":{"rendered":"<p>Skab stemningsfuld p\u00e5skepynt med naturlige reder, hvor sm\u00e5 gule kyllinger titter frem fra turkise \u00e6g. De h\u00e5ndlavede reder af naturmaterialer giver dit p\u00e5skebord et autentisk og festligt pr\u00e6g. Brug rederne som kreative bordkort ved p\u00e5skefrokosten eller arranger dem smukt p\u00e5 [&hellip;]<\/p>\n","protected":false},"featured_media":84492,"template":"","meta":{"_acf_changed":false},"product_brand":[],"product_cat":[19,32],"product_tag":[],"class_list":{"0":"post-84491","1":"product","2":"type-product","3":"status-publish","4":"has-post-thumbnail","6":"product_cat-pynt","7":"product_cat-service","8":"pa_item-color-beige","9":"pa_item-color-blaa","10":"pa_item-color-gul","11":"pa_item-group-borddekoration","12":"pa_item-subgroup-centerpieces","13":"pa_pakken-indeholder-6-stk-paaskereder","14":"pa_tema_tax-occasions","15":"pa_under-tema-easter","17":"first","18":"instock","19":"taxable","20":"shipping-taxable","21":"purchasable","22":"product-type-simple"},"bundled_by":[],"bundle_stock_status":"instock","bundle_stock_quantity":28,"bundle_virtual":false,"bundle_layout":"","bundle_add_to_cart_form_location":"","bundle_editable_in_cart":false,"bundle_sold_individually_context":"","bundle_item_grouping":"","bundle_min_size":"","bundle_max_size":"","bundle_price":[],"bundled_items":[],"bundle_sell_ids":[],"acf":[],"tiered_pricing_type":"fixed","tiered_pricing_fixed_rules":[],"tiered_pricing_product_settings":{"layout":"default","base_unit_name":{"singular":null,"plural":null},"default_variation":null},"tiered_pricing_minimum_quantity":null,"tiered_pricing_roles_data":[],"tiered_pricing_percentage_rules":[],"tiered_pricing_maximum_quantity":null,"tiered_pricing_quantity_step":null,"_links":{"self":[{"href":"https:\/\/partyinabox.dk\/party\/wp-json\/wp\/v2\/product\/84491","targetHints":{"allow":["GET"]}}],"collection":[{"href":"https:\/\/partyinabox.dk\/party\/wp-json\/wp\/v2\/product"}],"about":[{"href":"https:\/\/partyinabox.dk\/party\/wp-json\/wp\/v2\/types\/product"}],"wp:featuredmedia":[{"embeddable":true,"href":"https:\/\/partyinabox.dk\/party\/wp-json\/wp\/v2\/media\/84492"}],"wp:attachment":[{"href":"https:\/\/partyinabox.dk\/party\/wp-json\/wp\/v2\/media?parent=84491"}],"wp:term":[{"taxonomy":"product_brand","embeddable":true,"href":"https:\/\/partyinabox.dk\/party\/wp-json\/wp\/v2\/product_brand?post=84491"},{"taxonomy":"product_cat","embeddable":true,"href":"https:\/\/partyinabox.dk\/party\/wp-json\/wp\/v2\/product_cat?post=84491"},{"taxonomy":"product_tag","embeddable":true,"href":"https:\/\/partyinabox.dk\/party\/wp-json\/wp\/v2\/product_tag?post=84491"}],"curies":[{"name":"wp","href":"https:\/\/api.w.org\/{rel}","templated":true}]}}