{"id":83981,"date":"2025-07-15T00:00:00","date_gmt":"2025-07-14T22:00:00","guid":{"rendered":"https:\/\/partyinabox.dk\/party\/vare\/gatsby-papkrus\/"},"modified":"2026-03-24T13:34:07","modified_gmt":"2026-03-24T12:34:07","slug":"gatsby-papkrus","status":"publish","type":"product","link":"https:\/\/partyinabox.dk\/party\/vare\/gatsby-papkrus\/","title":{"rendered":"Gatsby papkop"},"content":{"rendered":"<p>Skab en autentisk stemning til din Gatsby-fest med disse elegante papkrus. Designet leder tankerne tilbage til 1920&#8217;ernes glamour og passer perfekt til temafester.<\/p>\n<p>Hvert krus har et detaljeret vintage-print og har en kapacitet p\u00e5 270 ml, ideelt til b\u00e5de cocktails, sodavand og andre drikke. Materialet er papir, hvilket g\u00f8r dem praktiske og nemme at bortskaffe efter brug.<\/p>\n<p>Brug dem til Gatsby-temaer, nyt\u00e5rsfester eller andre elegante begivenheder. Kombin\u00e9r dem med matchende dekorationer for en gennemf\u00f8rt atmosf\u00e6re.<\/p>\n<p>Indhold: 10 stk. \/ M\u00e5l: 270 ml<\/p>\n","protected":false},"excerpt":{"rendered":"<p>Skab en autentisk stemning til din Gatsby-fest med disse elegante papkrus. Designet leder tankerne tilbage til 1920&#8217;ernes glamour og passer perfekt til temafester. Hvert krus har et detaljeret vintage-print og har en kapacitet p\u00e5 270 ml, ideelt til b\u00e5de cocktails, [&hellip;]<\/p>\n","protected":false},"featured_media":83982,"template":"","meta":{"_acf_changed":false},"product_brand":[],"product_cat":[32],"product_tag":[],"class_list":{"0":"post-83981","1":"product","2":"type-product","3":"status-publish","4":"has-post-thumbnail","6":"product_cat-service","7":"pa_item-color-guld","8":"pa_item-color-sort","9":"pa_item-group-bordservice","10":"pa_item-subgroup-krus","11":"pa_pakken-indeholder-10-stk-papkrus","12":"pa_tema_tax-decades","13":"pa_under-tema-20s-gangster","15":"first","16":"instock","17":"taxable","18":"shipping-taxable","19":"purchasable","20":"product-type-simple"},"bundled_by":[],"bundle_stock_status":"instock","bundle_stock_quantity":29,"bundle_virtual":false,"bundle_layout":"","bundle_add_to_cart_form_location":"","bundle_editable_in_cart":false,"bundle_sold_individually_context":"","bundle_item_grouping":"","bundle_min_size":"","bundle_max_size":"","bundle_price":[],"bundled_items":[],"bundle_sell_ids":[],"acf":[],"tiered_pricing_type":"fixed","tiered_pricing_fixed_rules":[],"tiered_pricing_product_settings":{"layout":"default","base_unit_name":{"singular":null,"plural":null},"default_variation":null},"tiered_pricing_minimum_quantity":null,"tiered_pricing_roles_data":[],"tiered_pricing_percentage_rules":[],"tiered_pricing_maximum_quantity":null,"tiered_pricing_quantity_step":null,"_links":{"self":[{"href":"https:\/\/partyinabox.dk\/party\/wp-json\/wp\/v2\/product\/83981","targetHints":{"allow":["GET"]}}],"collection":[{"href":"https:\/\/partyinabox.dk\/party\/wp-json\/wp\/v2\/product"}],"about":[{"href":"https:\/\/partyinabox.dk\/party\/wp-json\/wp\/v2\/types\/product"}],"wp:featuredmedia":[{"embeddable":true,"href":"https:\/\/partyinabox.dk\/party\/wp-json\/wp\/v2\/media\/83982"}],"wp:attachment":[{"href":"https:\/\/partyinabox.dk\/party\/wp-json\/wp\/v2\/media?parent=83981"}],"wp:term":[{"taxonomy":"product_brand","embeddable":true,"href":"https:\/\/partyinabox.dk\/party\/wp-json\/wp\/v2\/product_brand?post=83981"},{"taxonomy":"product_cat","embeddable":true,"href":"https:\/\/partyinabox.dk\/party\/wp-json\/wp\/v2\/product_cat?post=83981"},{"taxonomy":"product_tag","embeddable":true,"href":"https:\/\/partyinabox.dk\/party\/wp-json\/wp\/v2\/product_tag?post=83981"}],"curies":[{"name":"wp","href":"https:\/\/api.w.org\/{rel}","templated":true}]}}