{"id":83447,"date":"2025-03-17T14:21:52","date_gmt":"2025-03-17T13:21:52","guid":{"rendered":"https:\/\/partyinabox.dk\/party\/vare\/eid-mubarak-honeycombs\/"},"modified":"2026-04-01T14:33:29","modified_gmt":"2026-04-01T12:33:29","slug":"eid-mubarak-honeycombs","status":"publish","type":"product","link":"https:\/\/partyinabox.dk\/party\/vare\/eid-mubarak-honeycombs\/","title":{"rendered":"Eid Mubarak Honeycomb"},"content":{"rendered":"<p>Skab en smuk og festlig stemning til Eid med disse elegante honeycombs. De unikke kuppelformede dekorationer tilf\u00f8rer rummet en varm og indbydende atmosf\u00e6re.<\/p>\n<p>S\u00e6ttet indeholder fire honeycombs i forskellige st\u00f8rrelser og farver, som let samles og placeres p\u00e5 bordet eller h\u00e6nges op for en flot effekt. De fine detaljer og den ikoniske halvm\u00e5ne p\u00e5 toppen g\u00f8r dem til en perfekt dekoration til anledningen.<\/p>\n<p>Placer dem p\u00e5 middagsbordet, ved gavebordet eller langs en vindueskarm for at skabe en gennemf\u00f8rt festlig ramme. Kombin\u00e9r dem med lysk\u00e6der eller andre dekorationer for et ekstra stemningsfuldt udtryk.<\/p>\n<p>Indhold: 4 stk.<br \/>\nM\u00e5l: 22,5 cm, 25 cm, 28 cm og 33,5 cm<\/p>\n","protected":false},"excerpt":{"rendered":"<p>Skab en smuk og festlig stemning til Eid med disse elegante honeycombs. De unikke kuppelformede dekorationer tilf\u00f8rer rummet en varm og indbydende atmosf\u00e6re. S\u00e6ttet indeholder fire honeycombs i forskellige st\u00f8rrelser og farver, som let samles og placeres p\u00e5 bordet eller [&hellip;]<\/p>\n","protected":false},"featured_media":83448,"template":"","meta":{"_acf_changed":false},"product_brand":[],"product_cat":[19,32],"product_tag":[],"class_list":{"0":"post-83447","1":"product","2":"type-product","3":"status-publish","4":"has-post-thumbnail","6":"product_cat-pynt","7":"product_cat-service","8":"pa_item-color-blaa","9":"pa_item-color-beige","10":"pa_item-color-brun","11":"pa_item-group-loftsdekoration","12":"pa_item-subgroup-honeycombs","13":"pa_pakken-indeholder-4-stk-honeycombs","14":"pa_tema_tax-occasions","15":"pa_under-tema-eid","17":"first","18":"instock","19":"taxable","20":"shipping-taxable","21":"purchasable","22":"product-type-simple"},"bundled_by":[],"bundle_stock_status":"instock","bundle_stock_quantity":96,"bundle_virtual":false,"bundle_layout":"","bundle_add_to_cart_form_location":"","bundle_editable_in_cart":false,"bundle_sold_individually_context":"","bundle_item_grouping":"","bundle_min_size":"","bundle_max_size":"","bundle_price":[],"bundled_items":[],"bundle_sell_ids":[],"acf":[],"tiered_pricing_type":"fixed","tiered_pricing_fixed_rules":[],"tiered_pricing_product_settings":{"layout":"default","base_unit_name":{"singular":null,"plural":null},"default_variation":null},"tiered_pricing_minimum_quantity":null,"tiered_pricing_roles_data":[],"tiered_pricing_percentage_rules":[],"tiered_pricing_maximum_quantity":null,"tiered_pricing_quantity_step":null,"_links":{"self":[{"href":"https:\/\/partyinabox.dk\/party\/wp-json\/wp\/v2\/product\/83447","targetHints":{"allow":["GET"]}}],"collection":[{"href":"https:\/\/partyinabox.dk\/party\/wp-json\/wp\/v2\/product"}],"about":[{"href":"https:\/\/partyinabox.dk\/party\/wp-json\/wp\/v2\/types\/product"}],"wp:featuredmedia":[{"embeddable":true,"href":"https:\/\/partyinabox.dk\/party\/wp-json\/wp\/v2\/media\/83448"}],"wp:attachment":[{"href":"https:\/\/partyinabox.dk\/party\/wp-json\/wp\/v2\/media?parent=83447"}],"wp:term":[{"taxonomy":"product_brand","embeddable":true,"href":"https:\/\/partyinabox.dk\/party\/wp-json\/wp\/v2\/product_brand?post=83447"},{"taxonomy":"product_cat","embeddable":true,"href":"https:\/\/partyinabox.dk\/party\/wp-json\/wp\/v2\/product_cat?post=83447"},{"taxonomy":"product_tag","embeddable":true,"href":"https:\/\/partyinabox.dk\/party\/wp-json\/wp\/v2\/product_tag?post=83447"}],"curies":[{"name":"wp","href":"https:\/\/api.w.org\/{rel}","templated":true}]}}