{"id":83445,"date":"2025-03-17T14:21:52","date_gmt":"2025-03-17T13:21:52","guid":{"rendered":"https:\/\/partyinabox.dk\/party\/vare\/eid-mubarak-servietter\/"},"modified":"2026-03-25T17:41:00","modified_gmt":"2026-03-25T16:41:00","slug":"eid-mubarak-servietter","status":"publish","type":"product","link":"https:\/\/partyinabox.dk\/party\/vare\/eid-mubarak-servietter\/","title":{"rendered":"Eid Mubarak Serviet"},"content":{"rendered":"<p>G\u00f8r dit Eid-bord endnu mere indbydende med disse elegante servietter. Den fine guldskrift og det smukke design skaber en stemningsfuld bordd\u00e6kning, der passer perfekt til fejringen.<\/p>\n<p>Hver serviet er dekoreret med teksten &#8220;Eid Mubarak&#8221; i gyldne detaljer, der tilf\u00f8jer et raffineret touch til din fest. Servietterne er foldet i en stilfuld form, inspireret af traditionelle arkitektoniske detaljer.<\/p>\n<p>Brug dem til middagsbordet, dessertserveringen eller som en del af en smukt sammensat bordd\u00e6kning. De er b\u00e5de funktionelle og dekorative og bidrager til en hyggelig atmosf\u00e6re.<\/p>\n<p>Indhold: 12 stk.<br \/>\nM\u00e5l: 23 x 30 cm<\/p>\n","protected":false},"excerpt":{"rendered":"<p>G\u00f8r dit Eid-bord endnu mere indbydende med disse elegante servietter. Den fine guldskrift og det smukke design skaber en stemningsfuld bordd\u00e6kning, der passer perfekt til fejringen. Hver serviet er dekoreret med teksten &#8220;Eid Mubarak&#8221; i gyldne detaljer, der tilf\u00f8jer et [&hellip;]<\/p>\n","protected":false},"featured_media":83446,"template":"","meta":{"_acf_changed":false},"product_brand":[],"product_cat":[32],"product_tag":[],"class_list":{"0":"post-83445","1":"product","2":"type-product","3":"status-publish","4":"has-post-thumbnail","6":"product_cat-service","7":"pa_item-color-hvid","8":"pa_item-color-guld","9":"pa_item-group-bordservice","10":"pa_item-subgroup-servietter","11":"pa_pakken-indeholder-12-stk-frokostservietter","12":"pa_tema_tax-occasions","13":"pa_under-tema-eid","15":"first","16":"instock","17":"taxable","18":"shipping-taxable","19":"purchasable","20":"product-type-simple"},"bundled_by":[],"bundle_stock_status":"instock","bundle_stock_quantity":44,"bundle_virtual":false,"bundle_layout":"","bundle_add_to_cart_form_location":"","bundle_editable_in_cart":false,"bundle_sold_individually_context":"","bundle_item_grouping":"","bundle_min_size":"","bundle_max_size":"","bundle_price":[],"bundled_items":[],"bundle_sell_ids":[],"acf":[],"tiered_pricing_type":"fixed","tiered_pricing_fixed_rules":[],"tiered_pricing_product_settings":{"layout":"default","base_unit_name":{"singular":null,"plural":null},"default_variation":null},"tiered_pricing_minimum_quantity":null,"tiered_pricing_roles_data":[],"tiered_pricing_percentage_rules":[],"tiered_pricing_maximum_quantity":null,"tiered_pricing_quantity_step":null,"_links":{"self":[{"href":"https:\/\/partyinabox.dk\/party\/wp-json\/wp\/v2\/product\/83445","targetHints":{"allow":["GET"]}}],"collection":[{"href":"https:\/\/partyinabox.dk\/party\/wp-json\/wp\/v2\/product"}],"about":[{"href":"https:\/\/partyinabox.dk\/party\/wp-json\/wp\/v2\/types\/product"}],"wp:featuredmedia":[{"embeddable":true,"href":"https:\/\/partyinabox.dk\/party\/wp-json\/wp\/v2\/media\/83446"}],"wp:attachment":[{"href":"https:\/\/partyinabox.dk\/party\/wp-json\/wp\/v2\/media?parent=83445"}],"wp:term":[{"taxonomy":"product_brand","embeddable":true,"href":"https:\/\/partyinabox.dk\/party\/wp-json\/wp\/v2\/product_brand?post=83445"},{"taxonomy":"product_cat","embeddable":true,"href":"https:\/\/partyinabox.dk\/party\/wp-json\/wp\/v2\/product_cat?post=83445"},{"taxonomy":"product_tag","embeddable":true,"href":"https:\/\/partyinabox.dk\/party\/wp-json\/wp\/v2\/product_tag?post=83445"}],"curies":[{"name":"wp","href":"https:\/\/api.w.org\/{rel}","templated":true}]}}